{"id":971,"date":"2026-02-25T09:17:04","date_gmt":"2026-02-25T09:17:04","guid":{"rendered":"https:\/\/portail-regions.gov.bf\/yaadga\/?page_id=971"},"modified":"2026-02-25T09:46:35","modified_gmt":"2026-02-25T09:46:35","slug":"actualites","status":"publish","type":"page","link":"https:\/\/portail-regions.gov.bf\/yaadga\/actualites\/","title":{"rendered":"Actualit\u00e9s"},"content":{"rendered":"\t\t<div data-elementor-type=\"wp-page\" data-elementor-id=\"971\" class=\"elementor elementor-971\" data-elementor-post-type=\"page\">\n\t\t\t\t<div data-particle_enable=\"false\" data-particle-mobile-disabled=\"false\" class=\"elementor-element elementor-element-7d35d12 e-flex e-con-boxed e-con e-parent\" data-id=\"7d35d12\" data-element_type=\"container\" data-e-type=\"container\" data-settings=\"{&quot;background_background&quot;:&quot;classic&quot;}\">\n\t\t\t\t\t<div class=\"e-con-inner\">\n\t\t\t\t<div class=\"elementor-element elementor-element-ba1a445 elementor-widget elementor-widget-heading\" data-id=\"ba1a445\" data-element_type=\"widget\" data-e-type=\"widget\" data-widget_type=\"heading.default\">\n\t\t\t\t\t<h2 class=\"elementor-heading-title elementor-size-default\">Actualit\u00e9s<\/h2>\t\t\t\t<\/div>\n\t\t\t\t<div class=\"elementor-element elementor-element-8bbb0ca elementor-widget elementor-widget-eael-breadcrumbs\" data-id=\"8bbb0ca\" data-element_type=\"widget\" data-e-type=\"widget\" data-widget_type=\"eael-breadcrumbs.default\">\n\t\t\t\t<div class=\"elementor-widget-container\">\n\t\t\t\t\t\t\t<div class=\"eael-breadcrumbs\">\n\t\t\t<div class=\"eael-breadcrumbs__content\"><a href=\"https:\/\/portail-regions.gov.bf\/yaadga\">Accueil<\/a> <span class=\"eael-breadcrumb-separator\">\/<\/span> <span class = \"eael-current\">Page<\/span><\/div>\t\t<\/div>\n\t\t\t\t\t\t<\/div>\n\t\t\t\t<\/div>\n\t\t\t\t\t<\/div>\n\t\t\t\t<\/div>\n\t\t<div data-particle_enable=\"false\" data-particle-mobile-disabled=\"false\" class=\"elementor-element elementor-element-9870239 e-flex e-con-boxed e-con e-parent\" data-id=\"9870239\" data-element_type=\"container\" data-e-type=\"container\">\n\t\t\t\t\t<div class=\"e-con-inner\">\n\t\t\t\t<div class=\"elementor-element elementor-element-c72b4ac elementor-grid-laptop-eael-col-4 elementor-grid-tablet_extra-eael-col-3 elementor-grid-eael-col-4 elementor-grid-tablet-eael-col-2 elementor-grid-mobile-eael-col-1 elementor-widget elementor-widget-eael-post-grid\" data-id=\"c72b4ac\" data-element_type=\"widget\" data-e-type=\"widget\" data-settings=\"{&quot;eael_post_grid_columns_laptop&quot;:&quot;eael-col-4&quot;,&quot;eael_post_grid_columns_tablet_extra&quot;:&quot;eael-col-3&quot;,&quot;eael_post_grid_columns&quot;:&quot;eael-col-4&quot;,&quot;eael_post_grid_columns_tablet&quot;:&quot;eael-col-2&quot;,&quot;eael_post_grid_columns_mobile&quot;:&quot;eael-col-1&quot;}\" data-widget_type=\"eael-post-grid.default\">\n\t\t\t\t\t<div id=\"eael-post-grid-c72b4ac\" class=\"eael-post-grid-container\">\n            <div class=\"eael-post-grid eael-post-appender eael-post-appender-c72b4ac eael-post-grid-style-three\" data-layout-mode=\"masonry\"><article class=\"eael-grid-post  eael-post-grid-column eael-pg-post-1351 category-non-classe\" data-id=\"1351\">\n        <div class=\"eael-grid-post-holder\">\n            <div class=\"eael-grid-post-holder-inner\"><div class=\"eael-entry-wrapper\"><header class=\"eael-entry-header\"><h2 class=\"eael-entry-title\"><a class=\"eael-grid-post-link\" href=\"https:\/\/portail-regions.gov.bf\/yaadga\/ouahigouya-le-flambeau-deme-sira-accueilli-dans-une-liesse-populaire-2\/\" title=\"Ouahigouya : Le Flambeau D\u00eam\u00e9 Sira accueilli dans une liesse populaire\">Ouahigouya : Le Flambeau D\u00eam\u00e9 Sira accueilli dans une liesse populaire<\/a><\/h2><\/header><div class=\"eael-entry-meta\"><span class=\"eael-posted-on\"><time datetime=\"31 mars 2026\">31 mars 2026<\/time><\/span><\/div><div class=\"eael-entry-content\">\n                        <div class=\"eael-grid-post-excerpt\"><a href=\"https:\/\/portail-regions.gov.bf\/yaadga\/ouahigouya-le-flambeau-deme-sira-accueilli-dans-une-liesse-populaire-2\/\" class=\"eael-post-elements-readmore-btn\">Lire +<\/a><\/div>\n                    <\/div><\/div><\/div>\n        <\/div>\n    <\/article><article class=\"eael-grid-post  eael-post-grid-column eael-pg-post-1076 category-non-classe\" data-id=\"1076\">\n        <div class=\"eael-grid-post-holder\">\n            <div class=\"eael-grid-post-holder-inner\"><div class=\"eael-entry-wrapper\"><header class=\"eael-entry-header\"><h2 class=\"eael-entry-title\"><a class=\"eael-grid-post-link\" href=\"https:\/\/portail-regions.gov.bf\/yaadga\/ouahigouya-le-president-de-lassemblee-legislative-de-la-transition-lance-le-projet-demousso-kalan-yiriwa\/\" title=\"Ouahigouya: Le Pr\u00e9sident de l\u2019Assembl\u00e9e L\u00e9gislative de la Transition lance le projet Demousso Kalan Yiriwa\">Ouahigouya: Le Pr\u00e9sident de l\u2019Assembl\u00e9e L\u00e9gislative de la Transition lance le projet Demousso Kalan Yiriwa<\/a><\/h2><\/header><div class=\"eael-entry-meta\"><span class=\"eael-posted-on\"><time datetime=\"27 f\u00e9vrier 2026\">27 f\u00e9vrier 2026<\/time><\/span><\/div><div class=\"eael-entry-content\">\n                        <div class=\"eael-grid-post-excerpt\"><a href=\"https:\/\/portail-regions.gov.bf\/yaadga\/ouahigouya-le-president-de-lassemblee-legislative-de-la-transition-lance-le-projet-demousso-kalan-yiriwa\/\" class=\"eael-post-elements-readmore-btn\">Lire +<\/a><\/div>\n                    <\/div><\/div><\/div>\n        <\/div>\n    <\/article><article class=\"eael-grid-post  eael-post-grid-column eael-pg-post-1066 category-non-classe\" data-id=\"1066\">\n        <div class=\"eael-grid-post-holder\">\n            <div class=\"eael-grid-post-holder-inner\"><div class=\"eael-entry-wrapper\"><header class=\"eael-entry-header\"><h2 class=\"eael-entry-title\"><a class=\"eael-grid-post-link\" href=\"https:\/\/portail-regions.gov.bf\/yaadga\/ouahigouya-le-ministre-de-la-communication-de-la-culture-des-arts-et-du-tourisme-inaugure-lhotel-filg-yiri\/\" title=\"Ouahigouya : Le Ministre de la Communication, de la Culture, des Arts et du Tourisme inaugure l&rsquo;h\u00f4tel FILG YIRI\">Ouahigouya : Le Ministre de la Communication, de la Culture, des Arts et du Tourisme inaugure l&rsquo;h\u00f4tel FILG YIRI<\/a><\/h2><\/header><div class=\"eael-entry-meta\"><span class=\"eael-posted-on\"><time datetime=\"27 f\u00e9vrier 2026\">27 f\u00e9vrier 2026<\/time><\/span><\/div><div class=\"eael-entry-content\">\n                        <div class=\"eael-grid-post-excerpt\"><a href=\"https:\/\/portail-regions.gov.bf\/yaadga\/ouahigouya-le-ministre-de-la-communication-de-la-culture-des-arts-et-du-tourisme-inaugure-lhotel-filg-yiri\/\" class=\"eael-post-elements-readmore-btn\">Lire +<\/a><\/div>\n                    <\/div><\/div><\/div>\n        <\/div>\n    <\/article><\/div>\n            <div class=\"clearfix\"><\/div>\n        <\/div>\t\t\t\t<\/div>\n\t\t\t\t\t<\/div>\n\t\t\t\t<\/div>\n\t\t\t\t<\/div>\n\t\t","protected":false},"excerpt":{"rendered":"<p>Actualit\u00e9s Accueil \/ Page Actualit\u00e9 R\u00e9gion des Kouls\u00e9 : La cartographie des acteurs et des interventions en faveur de la r\u00e9silience des populations valid\u00e9e 24 novembre 2025 Lire + Actualit\u00e9 Burkina\u00a0: Plus de 320 hectares de bas-fonds rizicoles am\u00e9nag\u00e9s dans les zones reconquises des Kouls\u00e9, selon Igor Birba 22 octobre 2025 Lire + Actualit\u00e9 Burkina [&hellip;]<\/p>\n","protected":false},"author":1,"featured_media":0,"parent":0,"menu_order":0,"comment_status":"closed","ping_status":"closed","template":"","meta":{"footnotes":""},"class_list":["post-971","page","type-page","status-publish","hentry"],"aioseo_notices":[],"_links":{"self":[{"href":"https:\/\/portail-regions.gov.bf\/yaadga\/wp-json\/wp\/v2\/pages\/971","targetHints":{"allow":["GET"]}}],"collection":[{"href":"https:\/\/portail-regions.gov.bf\/yaadga\/wp-json\/wp\/v2\/pages"}],"about":[{"href":"https:\/\/portail-regions.gov.bf\/yaadga\/wp-json\/wp\/v2\/types\/page"}],"author":[{"embeddable":true,"href":"https:\/\/portail-regions.gov.bf\/yaadga\/wp-json\/wp\/v2\/users\/1"}],"replies":[{"embeddable":true,"href":"https:\/\/portail-regions.gov.bf\/yaadga\/wp-json\/wp\/v2\/comments?post=971"}],"version-history":[{"count":0,"href":"https:\/\/portail-regions.gov.bf\/yaadga\/wp-json\/wp\/v2\/pages\/971\/revisions"}],"wp:attachment":[{"href":"https:\/\/portail-regions.gov.bf\/yaadga\/wp-json\/wp\/v2\/media?parent=971"}],"curies":[{"name":"wp","href":"https:\/\/api.w.org\/{rel}","templated":true}]}}