{"id":657,"date":"2026-02-23T17:12:28","date_gmt":"2026-02-23T17:12:28","guid":{"rendered":"https:\/\/portail-regions.gov.bf\/yaadga\/?page_id=657"},"modified":"2026-02-24T01:34:25","modified_gmt":"2026-02-24T01:34:25","slug":"documents","status":"publish","type":"page","link":"https:\/\/portail-regions.gov.bf\/yaadga\/documents\/","title":{"rendered":"Documents"},"content":{"rendered":"\t\t<div data-elementor-type=\"wp-page\" data-elementor-id=\"657\" class=\"elementor elementor-657\" data-elementor-post-type=\"page\">\n\t\t\t\t<div data-particle_enable=\"false\" data-particle-mobile-disabled=\"false\" class=\"elementor-element elementor-element-7d35d12 e-flex e-con-boxed e-con e-parent\" data-id=\"7d35d12\" data-element_type=\"container\" data-e-type=\"container\" data-settings=\"{&quot;background_background&quot;:&quot;classic&quot;}\">\n\t\t\t\t\t<div class=\"e-con-inner\">\n\t\t\t\t<div class=\"elementor-element elementor-element-ba1a445 elementor-widget elementor-widget-heading\" data-id=\"ba1a445\" data-element_type=\"widget\" data-e-type=\"widget\" data-widget_type=\"heading.default\">\n\t\t\t\t\t<h2 class=\"elementor-heading-title elementor-size-default\">Documents<\/h2>\t\t\t\t<\/div>\n\t\t\t\t<div class=\"elementor-element elementor-element-8bbb0ca elementor-widget elementor-widget-eael-breadcrumbs\" data-id=\"8bbb0ca\" data-element_type=\"widget\" data-e-type=\"widget\" data-widget_type=\"eael-breadcrumbs.default\">\n\t\t\t\t<div class=\"elementor-widget-container\">\n\t\t\t\t\t\t\t<div class=\"eael-breadcrumbs\">\n\t\t\t<div class=\"eael-breadcrumbs__content\"><a href=\"https:\/\/portail-regions.gov.bf\/yaadga\">Accueil<\/a> <span class=\"eael-breadcrumb-separator\">\/<\/span> <span class = \"eael-current\">Page<\/span><\/div>\t\t<\/div>\n\t\t\t\t\t\t<\/div>\n\t\t\t\t<\/div>\n\t\t\t\t\t<\/div>\n\t\t\t\t<\/div>\n\t\t<div data-particle_enable=\"false\" data-particle-mobile-disabled=\"false\" class=\"elementor-element elementor-element-ac8c31b e-flex e-con-boxed e-con e-parent\" data-id=\"ac8c31b\" data-element_type=\"container\" data-e-type=\"container\">\n\t\t\t\t\t<div class=\"e-con-inner\">\n\t\t\t\t<div class=\"elementor-element elementor-element-e9d416e elementor-widget__width-inherit elementor-widget elementor-widget-shortcode\" data-id=\"e9d416e\" data-element_type=\"widget\" data-e-type=\"widget\" data-widget_type=\"shortcode.default\">\n\t\t\t\t\t\t\t<div class=\"elementor-shortcode\">\n    <script>\n        jQuery(function($){\n\n            var __dt = $('#wpdmmydls-a6e8db4482ac156d752e151e8c59829f').dataTable({\n                \"dom\": '<\"wpdmdt-toolbar\"lfrB>t<\"wpdmdt-toolbarb\"ip>',\n                responsive: true,\n                \"order\": [[ 1, \"desc\" ]],\n                \"language\": {\n                    \"lengthMenu\": \"Afficher _MENU_ t\u00e9l\u00e9chargements par page\",\n                    \"zeroRecords\": \"Aucun paquet trouv\u00e9\",\n                    \"info\": \"Affichage des t\u00e9l\u00e9chargements _START_ \u00e0 _END_ sur _TOTAL_ t\u00e9l\u00e9chargements\",\n                    \"infoEmpty\": \"Aucun t\u00e9l\u00e9chargement disponible\",\n                    \"infoFiltered\": \"(filtr\u00e9s sur un total de _MAX_ t\u00e9l\u00e9chargements)\",\n                    \"emptyTable\":     \"Aucune donn\u00e9e disponible\",\n                    \"infoPostFix\":    \"\",\n                    \"thousands\":      \",\",\n                    \"loadingRecords\": \"Chargement en cours\u2026\",\n                    \"processing\":     \"En cours de traitement\u2026\",\n                    \"search\":         \"Rechercher\u00a0:\",\n                    \"paginate\": {\n                        \"first\":      \"Premier\",\n                        \"last\":       \"Dernier\",\n                        \"next\":       \"Suivant\",\n                        \"previous\":   \"Pr\u00e9c\u00e9dent\"\n                    },\n                    \"aria\": {\n                        \"sortAscending\":  \" : activer pour trier la colonne par ordre croissant\",\n                        \"sortDescending\": \": activer pour trier la colonne par ordre d\u00e9croissant\"\n                    }\n                },\n                \"iDisplayLength\": 5,\n                \"aLengthMenu\": [[5, 10, 25, 50, -1], [5, 10, 25, 50, \"Tout\"]]\n            });\n\n                    });\n    <\/script>\n<style>\n    .wpdmdt-toolbar {\n        padding: 10px;\n    }\n    .wpdmdt-toolbarb {\n        padding: 5px 10px 10px;\n    }\n    .wpdmdt-toolbar > div {\n        display: inline-block;\n    }\n    table,td,th{\n        border: 0;\n    }\n    #wpdm-all-packages .card{\n        overflow: hidden;\n    }\n    .dataTables_wrapper .table{\n        margin: 0;\n    }\n    #wpdmmydls-a6e8db4482ac156d752e151e8c59829f{\n        border-bottom: 1px solid #dddddd;\n        border-top: 1px solid #dddddd;\n        font-size: 10pt;\n        min-width: 100%;\n    }\n    #wpdmmydls-a6e8db4482ac156d752e151e8c59829f .wpdm-download-link img{\n        box-shadow: none !important;\n        max-width: 100%;\n    }\n    .w3eden .pagination{\n        margin: 0 !important;\n    }\n    #wpdmmydls-a6e8db4482ac156d752e151e8c59829f td:not(:first-child){\n        vertical-align: middle !important;\n    }\n    #wpdmmydls-a6e8db4482ac156d752e151e8c59829f td.__dt_col_download_link .btn{\n        display: flex;\n        width: 100%;\n    }\n    #wpdmmydls-a6e8db4482ac156d752e151e8c59829f td.__dt_col_download_link,\n    #wpdmmydls-a6e8db4482ac156d752e151e8c59829f th#download_link{\n        max-width: 155px !important;\n        width: 155px;\n\n    }\n    #wpdmmydls-a6e8db4482ac156d752e151e8c59829f th{\n        background-color: rgba(0,0,0,0.04);\n        border-bottom: 1px solid rgba(0,0,0,0.025);\n    }\n    #wpdmmydls-a6e8db4482ac156d752e151e8c59829f_length label,\n    #wpdmmydls-a6e8db4482ac156d752e151e8c59829f_filter label{\n        font-weight: 400;\n    }\n    #wpdmmydls-a6e8db4482ac156d752e151e8c59829f_filter input[type=search]{\n        display: inline-block;\n        width: 200px;\n    }\n    #wpdmmydls-a6e8db4482ac156d752e151e8c59829f_length select{\n        display: inline-block;\n        width: 60px;\n    }\n\n    #wpdmmydls-a6e8db4482ac156d752e151e8c59829f .package-title{\n        color:#36597C;\n        font-size: 11pt;\n        font-weight: 700;\n    }\n    #wpdmmydls-a6e8db4482ac156d752e151e8c59829f .small-txt{\n        margin-right: 7px;\n    }\n    #wpdmmydls-a6e8db4482ac156d752e151e8c59829f td{\n        min-width: 150px;\n    }\n\n    #wpdmmydls-a6e8db4482ac156d752e151e8c59829f td.__dt_col_categories{\n        max-width: 300px;\n    }\n\n    #wpdmmydls-a6e8db4482ac156d752e151e8c59829f .small-txt,\n    #wpdmmydls-a6e8db4482ac156d752e151e8c59829f small{\n        font-size: 9pt;\n    }\n    .w3eden .table-striped tbody tr:nth-of-type(2n+1) {\n        background-color: rgba(0,0,0,0.015);\n    }\n    .dataTables_wrapper .dataTables_paginate .paginate_button:active,\n    .dataTables_wrapper .dataTables_paginate .paginate_button:focus,\n    .dataTables_wrapper .dataTables_paginate .paginate_button:hover,\n    .dataTables_wrapper .dataTables_paginate .paginate_button{\n        margin: 0 !important;\n        padding: 0 !important;\n        border: 0 !important;\n        background: transparent !important;\n    }\n\n\n    @media (max-width: 799px) {\n        #wpdmmydls-a6e8db4482ac156d752e151e8c59829f tr {\n            display: block;\n            border: 3px solid rgba(0,0,0,0.3) !important;\n            margin-bottom: 10px !important;\n            position: relative;\n        }\n        #wpdmmydls-a6e8db4482ac156d752e151e8c59829f thead{\n            display: none;\n        }\n        #wpdmmydls-a6e8db4482ac156d752e151e8c59829f,\n        #wpdmmydls-a6e8db4482ac156d752e151e8c59829f td:first-child {\n            border: 0 !important;\n        }\n        #wpdmmydls-a6e8db4482ac156d752e151e8c59829f td {\n            display: block;\n        }\n        #wpdmmydls-a6e8db4482ac156d752e151e8c59829f td.__dt_col_download_link {\n            display: block;\n            max-width: 100% !important;\n            width: auto !important;\n\n        }\n    }\n\n\n<\/style>\n<div class=\"w3eden\">\n    <div id=\"wpdm-all-packages\">\n        <table id=\"wpdmmydls-a6e8db4482ac156d752e151e8c59829f\" class=\"table table-striped wpdm-all-packages-table\">\n            <thead>\n            <tr>\n                                <th style=\"\"  id=\"pagelink\" class=\"\">Titre<\/th>\n                                <th style=\"\"  id=\"updatedate\" class=\"hidden-sm hidden-xs\">Date de mise \u00e0 jour<\/th>\n                                <th style=\"width: 155px !important;max-width: 155px !important;\"  id=\"downloadlink\" class=\"hidden-sm hidden-xs\">T\u00e9l\u00e9charger<\/th>\n                \n            <\/tr>\n            <\/thead>\n            <tbody>\n            \n                    <tr class=\"__dt_row\">\n                                                <td  class=\"__dt_col_0 __dt_col __dt_col_page_link\" style=\"background-image: url('');background-size: 36px;background-position: 5px 8px;background-repeat:  no-repeat;padding-left: 52px;line-height: normal;\">\n                            <a class=\"package-title\" href='https:\/\/portail-regions.gov.bf\/yaadga\/download\/conseil-des-ministres-n002-du-22-janvier-2026\/'>Conseil des ministres &#8211; N\u00b0002 du 22 Janvier 2026<\/a><br\/><span class='__dt_file_count small-txt'>1<\/span><span class='__dt_download_count small-txt'><i class=\"far fa-arrow-alt-circle-down\"><\/i> 0 t\u00e9l\u00e9chargement<\/span><div class=\"hidden-md hidden-lg td-mobile\"><\/div>\n\n                        <\/td>\n                                                <td  data-order=\"1771891200\"  class=\"__dt_col_1 __dt_col __dt_col_update_date\" >\n                            <span class='__dt_update_date '>24 f\u00e9vrier 2026<\/span>\n\n                        <\/td>\n                                                <td  class=\"__dt_col_2 __dt_col __dt_col_download_link\" >\n                            <a class='wpdm-download-link download-on-click btn btn-primary ' rel='nofollow' href='#' data-downloadurl=\"https:\/\/portail-regions.gov.bf\/yaadga\/download\/conseil-des-ministres-n002-du-22-janvier-2026\/?wpdmdl=760&refresh=69de9e32714e81776197170\">T\u00e9l\u00e9charger<\/a>\n\n                        <\/td>\n                        \n                    <\/tr>\n                                        <\/tbody>\n        <\/table>\n\n        <div class='text-center'><ul class='pagination wpdm-pagination pagination-centered text-center'><\/ul><\/div>\n    <\/div>\n<\/div>\n<\/div>\n\t\t\t\t\t\t<\/div>\n\t\t\t\t\t<\/div>\n\t\t\t\t<\/div>\n\t\t\t\t<\/div>\n\t\t","protected":false},"excerpt":{"rendered":"<p>Documents Accueil \/ Page<\/p>\n","protected":false},"author":1,"featured_media":0,"parent":0,"menu_order":0,"comment_status":"closed","ping_status":"closed","template":"","meta":{"footnotes":""},"class_list":["post-657","page","type-page","status-publish","hentry"],"aioseo_notices":[],"_links":{"self":[{"href":"https:\/\/portail-regions.gov.bf\/yaadga\/wp-json\/wp\/v2\/pages\/657","targetHints":{"allow":["GET"]}}],"collection":[{"href":"https:\/\/portail-regions.gov.bf\/yaadga\/wp-json\/wp\/v2\/pages"}],"about":[{"href":"https:\/\/portail-regions.gov.bf\/yaadga\/wp-json\/wp\/v2\/types\/page"}],"author":[{"embeddable":true,"href":"https:\/\/portail-regions.gov.bf\/yaadga\/wp-json\/wp\/v2\/users\/1"}],"replies":[{"embeddable":true,"href":"https:\/\/portail-regions.gov.bf\/yaadga\/wp-json\/wp\/v2\/comments?post=657"}],"version-history":[{"count":0,"href":"https:\/\/portail-regions.gov.bf\/yaadga\/wp-json\/wp\/v2\/pages\/657\/revisions"}],"wp:attachment":[{"href":"https:\/\/portail-regions.gov.bf\/yaadga\/wp-json\/wp\/v2\/media?parent=657"}],"curies":[{"name":"wp","href":"https:\/\/api.w.org\/{rel}","templated":true}]}}