{"id":1212,"date":"2026-03-24T13:49:04","date_gmt":"2026-03-24T13:49:04","guid":{"rendered":"https:\/\/portail-regions.gov.bf\/tannounyan\/?page_id=1212"},"modified":"2026-03-27T17:57:07","modified_gmt":"2026-03-27T17:57:07","slug":"mot-de-bienvenue","status":"publish","type":"page","link":"https:\/\/portail-regions.gov.bf\/tannounyan\/mot-de-bienvenue\/","title":{"rendered":"Mot de bienvenue"},"content":{"rendered":"\t\t<div data-elementor-type=\"wp-page\" data-elementor-id=\"1212\" class=\"elementor elementor-1212\" data-elementor-post-type=\"page\">\n\t\t\t\t<div data-particle_enable=\"false\" data-particle-mobile-disabled=\"false\" class=\"elementor-element elementor-element-b0596ef e-flex e-con-boxed e-con e-parent\" data-id=\"b0596ef\" data-element_type=\"container\" data-e-type=\"container\" data-settings=\"{&quot;background_background&quot;:&quot;classic&quot;}\">\n\t\t\t\t\t<div class=\"e-con-inner\">\n\t\t<div data-particle_enable=\"false\" data-particle-mobile-disabled=\"false\" class=\"elementor-element elementor-element-2396c0f e-con-full e-flex e-con e-child\" data-id=\"2396c0f\" data-element_type=\"container\" data-e-type=\"container\">\n\t\t<div data-particle_enable=\"false\" data-particle-mobile-disabled=\"false\" class=\"elementor-element elementor-element-1030c0b e-con-full e-flex e-con e-child\" data-id=\"1030c0b\" data-element_type=\"container\" data-e-type=\"container\" data-settings=\"{&quot;background_background&quot;:&quot;classic&quot;}\">\n\t\t\t\t<div class=\"elementor-element elementor-element-7b02458 elementor-widget elementor-widget-heading\" data-id=\"7b02458\" data-element_type=\"widget\" data-e-type=\"widget\" data-widget_type=\"heading.default\">\n\t\t\t\t\t<h2 class=\"elementor-heading-title elementor-size-default\">Moniseur Patrice YEYE <\/h2>\t\t\t\t<\/div>\n\t\t\t\t<div class=\"elementor-element elementor-element-114ba61 elementor-widget elementor-widget-image\" data-id=\"114ba61\" data-element_type=\"widget\" data-e-type=\"widget\" data-widget_type=\"image.default\">\n\t\t\t\t\t\t\t\t\t\t\t\t\t\t\t<img fetchpriority=\"high\" decoding=\"async\" width=\"504\" height=\"409\" src=\"https:\/\/portail-regions.gov.bf\/tannounyan\/wp-content\/uploads\/2026\/03\/Gouverneur-Tannounyan-2.png\" class=\"attachment-large size-large wp-image-1446\" alt=\"\" \/>\t\t\t\t\t\t\t\t\t\t\t\t\t\t\t<\/div>\n\t\t\t\t<\/div>\n\t\t<div data-particle_enable=\"false\" data-particle-mobile-disabled=\"false\" class=\"elementor-element elementor-element-a869a81 e-con-full e-flex e-con e-child\" data-id=\"a869a81\" data-element_type=\"container\" data-e-type=\"container\">\n\t\t\t\t<div class=\"elementor-element elementor-element-4bb5b42 elementor-widget elementor-widget-heading\" data-id=\"4bb5b42\" data-element_type=\"widget\" data-e-type=\"widget\" data-widget_type=\"heading.default\">\n\t\t\t\t\t<h2 class=\"elementor-heading-title elementor-size-default\">Mot de bienvenue du Gouverneur<\/h2>\t\t\t\t<\/div>\n\t\t\t\t<div class=\"elementor-element elementor-element-3ab8029 elementor-widget elementor-widget-text-editor\" data-id=\"3ab8029\" data-element_type=\"widget\" data-e-type=\"widget\" data-widget_type=\"text-editor.default\">\n\t\t\t\t\t\t\t\t\t<p>Chers visiteurs,<\/p><p>Je suis tr\u00e8s honor\u00e9 de vous accueillir sur ce portail num\u00e9rique, une fen\u00eatre ouverte sur la r\u00e9gion des Tannounyan. \u00c0 travers ce site, nous vous invitons \u00e0 explorer la richesse et la diversit\u00e9 de cette r\u00e9gion pleine d\u2019opportunit\u00e9s et de d\u00e9couvertes.<\/p><p>La r\u00e9gion des Tannounyan, r\u00e9put\u00e9e pour ses paysages enchanteurs et son patrimoine naturel exceptionnel, est le berceau d\u2019une culture vibrante o\u00f9 traditions et modernit\u00e9 s\u2019entrelacent harmonieusement. Nos march\u00e9s regorgent de produits artisanaux uniques, et nos villages t\u00e9moignent d\u2019un riche h\u00e9ritage historique. C\u2019est en cela que chaque visite dans les Tannounyan est une immersion dans une culture chaleureuse et authentique.<\/p><p>\u00c9conomiquement, la r\u00e9gion est dynamique et en pleine expansion, avec une agriculture florissante et un potentiel minier encore \u00e0 exploiter. Les secteurs de l\u2019artisanat et du tourisme offrent \u00e9galement des opportunit\u00e9s pour tout investisseur et pour tout visiteur en qu\u00eate de nouvelles exp\u00e9riences.<\/p><p>Les populations des Tannounyan sont un exemple de bravoure et d\u2019hospitalit\u00e9 qui font preuve d\u2019un courage exemplaire pour relever les d\u00e9fis de d\u00e9veloppement de la r\u00e9gion. Leur accueil l\u00e9gendaire, leur solidarit\u00e9 et leur d\u00e9termination font de cette r\u00e9gion un endroit unique o\u00f9 chaque visiteur se sent chez lui.<\/p><p>Nous vous invitons \u00e0 parcourir notre site pour d\u00e9couvrir davantage les Tannounyan et \u00e0 planifier une visite dans cette r\u00e9gion exceptionnelle. Venez vivre des moments inoubliables, d\u00e9couvrir des paysages magnifiques et rencontrer une population chaleureuse qui saura vous accueillir de sorte \u00e0 vous laisser des souvenirs imp\u00e9rissables.<\/p><p>Bonne navigation et au plaisir de vous accueillir dans les Tannounyan !<\/p><p>La patrie o\u00f9 la mort, nous vaincrons.<\/p>\t\t\t\t\t\t\t\t<\/div>\n\t\t\t\t<\/div>\n\t\t\t\t<\/div>\n\t\t\t\t\t<\/div>\n\t\t\t\t<\/div>\n\t\t\t\t<\/div>\n\t\t","protected":false},"excerpt":{"rendered":"<p>Moniseur Patrice YEYE Mot de bienvenue du Gouverneur Chers visiteurs, Je suis tr\u00e8s honor\u00e9 de vous accueillir sur ce portail num\u00e9rique, une fen\u00eatre ouverte sur la r\u00e9gion des Tannounyan. \u00c0 travers ce site, nous vous invitons \u00e0 explorer la richesse et la diversit\u00e9 de cette r\u00e9gion pleine d\u2019opportunit\u00e9s et de d\u00e9couvertes. La r\u00e9gion des Tannounyan, [&hellip;]<\/p>\n","protected":false},"author":1,"featured_media":0,"parent":0,"menu_order":0,"comment_status":"closed","ping_status":"open","template":"elementor_header_footer","meta":{"footnotes":""},"class_list":["post-1212","page","type-page","status-publish","hentry"],"aioseo_notices":[],"_links":{"self":[{"href":"https:\/\/portail-regions.gov.bf\/tannounyan\/wp-json\/wp\/v2\/pages\/1212","targetHints":{"allow":["GET"]}}],"collection":[{"href":"https:\/\/portail-regions.gov.bf\/tannounyan\/wp-json\/wp\/v2\/pages"}],"about":[{"href":"https:\/\/portail-regions.gov.bf\/tannounyan\/wp-json\/wp\/v2\/types\/page"}],"author":[{"embeddable":true,"href":"https:\/\/portail-regions.gov.bf\/tannounyan\/wp-json\/wp\/v2\/users\/1"}],"replies":[{"embeddable":true,"href":"https:\/\/portail-regions.gov.bf\/tannounyan\/wp-json\/wp\/v2\/comments?post=1212"}],"version-history":[{"count":0,"href":"https:\/\/portail-regions.gov.bf\/tannounyan\/wp-json\/wp\/v2\/pages\/1212\/revisions"}],"wp:attachment":[{"href":"https:\/\/portail-regions.gov.bf\/tannounyan\/wp-json\/wp\/v2\/media?parent=1212"}],"curies":[{"name":"wp","href":"https:\/\/api.w.org\/{rel}","templated":true}]}}