{"id":897,"date":"2026-02-25T06:02:48","date_gmt":"2026-02-25T06:02:48","guid":{"rendered":"https:\/\/portail-regions.gov.bf\/oubri\/?page_id=897"},"modified":"2026-03-16T19:26:17","modified_gmt":"2026-03-16T19:26:17","slug":"tourisme","status":"publish","type":"page","link":"https:\/\/portail-regions.gov.bf\/oubri\/tourisme\/","title":{"rendered":"Tourisme"},"content":{"rendered":"\t\t<div data-elementor-type=\"wp-page\" data-elementor-id=\"897\" class=\"elementor elementor-897\" data-elementor-post-type=\"page\">\n\t\t\t\t<div data-particle_enable=\"false\" data-particle-mobile-disabled=\"false\" class=\"elementor-element elementor-element-7d35d12 e-flex e-con-boxed e-con e-parent\" data-id=\"7d35d12\" data-element_type=\"container\" data-e-type=\"container\" data-settings=\"{&quot;background_background&quot;:&quot;classic&quot;}\">\n\t\t\t\t\t<div class=\"e-con-inner\">\n\t\t\t\t<div class=\"elementor-element elementor-element-ba1a445 elementor-widget elementor-widget-heading\" data-id=\"ba1a445\" data-element_type=\"widget\" data-e-type=\"widget\" data-widget_type=\"heading.default\">\n\t\t\t\t\t<h2 class=\"elementor-heading-title elementor-size-default\">Tourisme<\/h2>\t\t\t\t<\/div>\n\t\t\t\t<div class=\"elementor-element elementor-element-8bbb0ca elementor-widget elementor-widget-eael-breadcrumbs\" data-id=\"8bbb0ca\" data-element_type=\"widget\" data-e-type=\"widget\" data-widget_type=\"eael-breadcrumbs.default\">\n\t\t\t\t<div class=\"elementor-widget-container\">\n\t\t\t\t\t\t\t<div class=\"eael-breadcrumbs\">\n\t\t\t<div class=\"eael-breadcrumbs__content\"><a href=\"https:\/\/portail-regions.gov.bf\/oubri\">Accueil<\/a> <span class=\"eael-breadcrumb-separator\">\/<\/span> <span class = \"eael-current\">Page<\/span><\/div>\t\t<\/div>\n\t\t\t\t\t\t<\/div>\n\t\t\t\t<\/div>\n\t\t\t\t\t<\/div>\n\t\t\t\t<\/div>\n\t\t<div data-particle_enable=\"false\" data-particle-mobile-disabled=\"false\" class=\"elementor-element elementor-element-25d8739 e-flex e-con-boxed e-con e-parent\" data-id=\"25d8739\" data-element_type=\"container\" data-e-type=\"container\">\n\t\t\t\t\t<div class=\"e-con-inner\">\n\t\t<div data-particle_enable=\"false\" data-particle-mobile-disabled=\"false\" class=\"elementor-element elementor-element-c28698f e-con-full e-flex e-con e-child\" data-id=\"c28698f\" data-element_type=\"container\" data-e-type=\"container\">\n\t\t<div data-particle_enable=\"false\" data-particle-mobile-disabled=\"false\" class=\"elementor-element elementor-element-1be3b9e e-con-full e-flex e-con e-child\" data-id=\"1be3b9e\" data-element_type=\"container\" data-e-type=\"container\" data-settings=\"{&quot;background_background&quot;:&quot;classic&quot;}\">\n\t\t\t\t<div class=\"elementor-element elementor-element-b5fae97 elementor-align-center elementor-icon-list--layout-traditional elementor-list-item-link-full_width elementor-widget elementor-widget-icon-list\" data-id=\"b5fae97\" data-element_type=\"widget\" data-e-type=\"widget\" data-widget_type=\"icon-list.default\">\n\t\t\t\t\t\t\t<ul class=\"elementor-icon-list-items\">\n\t\t\t\t\t\t\t<li class=\"elementor-icon-list-item\">\n\t\t\t\t\t\t\t\t\t\t\t<span class=\"elementor-icon-list-icon\">\n\t\t\t\t\t\t\t<svg aria-hidden=\"true\" class=\"e-font-icon-svg e-fas-luggage-cart\" viewBox=\"0 0 640 512\" xmlns=\"http:\/\/www.w3.org\/2000\/svg\"><path d=\"M224 320h32V96h-32c-17.67 0-32 14.33-32 32v160c0 17.67 14.33 32 32 32zm352-32V128c0-17.67-14.33-32-32-32h-32v224h32c17.67 0 32-14.33 32-32zm48 96H128V16c0-8.84-7.16-16-16-16H16C7.16 0 0 7.16 0 16v32c0 8.84 7.16 16 16 16h48v368c0 8.84 7.16 16 16 16h82.94c-1.79 5.03-2.94 10.36-2.94 16 0 26.51 21.49 48 48 48s48-21.49 48-48c0-5.64-1.15-10.97-2.94-16h197.88c-1.79 5.03-2.94 10.36-2.94 16 0 26.51 21.49 48 48 48s48-21.49 48-48c0-5.64-1.15-10.97-2.94-16H624c8.84 0 16-7.16 16-16v-32c0-8.84-7.16-16-16-16zM480 96V48c0-26.51-21.49-48-48-48h-96c-26.51 0-48 21.49-48 48v272h192V96zm-48 0h-96V48h96v48z\"><\/path><\/svg>\t\t\t\t\t\t<\/span>\n\t\t\t\t\t\t\t\t\t\t<span class=\"elementor-icon-list-text\">Patrimoine culturel<\/span>\n\t\t\t\t\t\t\t\t\t<\/li>\n\t\t\t\t\t\t<\/ul>\n\t\t\t\t\t\t<\/div>\n\t\t\t\t<\/div>\n\t\t\t\t<div class=\"elementor-element elementor-element-4677585 elementor-widget elementor-widget-eael-dual-color-header\" data-id=\"4677585\" data-element_type=\"widget\" data-e-type=\"widget\" data-widget_type=\"eael-dual-color-header.default\">\n\t\t\t\t\t\t\t\t<div class=\"eael-dual-header\">\n\t\t\t\t<h2 class=\"title eael-dch-title\"><span class=\"eael-dch-title-text eael-dch-title-lead lead solid-color\">Valeurs culturelles de r\u00e9f\u00e9rence<\/span> <span class=\"eael-dch-title-text\"><\/span><\/h2>\t\t\t\t\t<span class=\"subtext\"><p>Au nombre des valeurs culturelles de r\u00e9f\u00e9rence, on peut citer des troupes et ensembles artistiques de renomm\u00e9es nationales (la troupe Nambita de Tamissi, troupe yarma), des manifestations culturelles d\u2019envergure nationale et internationale\u00a0 (le naabasga du chef de Zorgho, la c\u00e9r\u00e9monie d\u2019initiation \u00ab\u00a0<strong><em>K\u00e9ogo<\/em><\/strong>\u00a0\u00bb de la cour royale de Ziniar\u00e9, le festival Feu de Bois de Niou dans la province du Kourw\u00e9ogo), des mus\u00e9es de renomm\u00e9es internationales\u00a0 (le mus\u00e9e la Termiti\u00e8re de Man\u00e9ga, le mus\u00e9e de la femme de Kolgondiess\u00e9 et le mus\u00e9e de Warba de Zorgho), des sites touristiques de r\u00e9f\u00e9rence (le site de sculpture sur granite de Laongo, le parc animalier de Ziniar\u00e9, le mausol\u00e9e Naaba Oubri, le mont Zong-piiga dans le Ganzourgou).<\/p><\/span>\n\t\t\t\t\t\t\t<\/div>\n\n\t\t\t\t\t\t<\/div>\n\t\t\t\t<div class=\"elementor-element elementor-element-e21a7d6 elementor-widget elementor-widget-eael-dual-color-header\" data-id=\"e21a7d6\" data-element_type=\"widget\" data-e-type=\"widget\" data-widget_type=\"eael-dual-color-header.default\">\n\t\t\t\t\t\t\t\t<div class=\"eael-dual-header\">\n\t\t\t\t<h2 class=\"title eael-dch-title\"><span class=\"eael-dch-title-text eael-dch-title-lead lead solid-color\">Arts et artisanat traditionnel<\/span> <span class=\"eael-dch-title-text\"><\/span><\/h2>\t\t\t\t\t<span class=\"subtext\"><p>Les arts et l\u2019artisanat traditionnel sont d\u00e9velopp\u00e9s dans la r\u00e9gion notamment l\u2019art plastique. En effet, on rencontre plus d\u2019une quarantaine d\u2019artistes plasticiens qui \u00e9volue dans plusieurs domaines comme le batik, la teinture, la sculpture, l\u2019artisanat d\u2019art, la photographie, la calligraphie etc&#8230;<\/p><\/span>\n\t\t\t\t\t\t\t<\/div>\n\n\t\t\t\t\t\t<\/div>\n\t\t\t\t<div class=\"elementor-element elementor-element-c44b9e6 elementor-widget elementor-widget-eael-dual-color-header\" data-id=\"c44b9e6\" data-element_type=\"widget\" data-e-type=\"widget\" data-widget_type=\"eael-dual-color-header.default\">\n\t\t\t\t\t\t\t\t<div class=\"eael-dual-header\">\n\t\t\t\t<h2 class=\"title eael-dch-title\"><span class=\"eael-dch-title-text eael-dch-title-lead lead solid-color\">Musique et danse traditionnelle<\/span> <span class=\"eael-dch-title-text\"><\/span><\/h2>\t\t\t\t\t<span class=\"subtext\"><p>Au nombre des valeurs culturelles de r\u00e9f\u00e9rence, on peut citer des troupes et ensembles artistiques de renomm\u00e9es nationales (la troupe Nambita de Tamissi, troupe yarma), des manifestations culturelles d\u2019envergure nationale et internationale\u00a0 (le naabasga du chef de Zorgho, la c\u00e9r\u00e9monie d\u2019initiation \u00ab\u00a0<strong><em>K\u00e9ogo<\/em><\/strong>\u00a0\u00bb de la cour royale de Ziniar\u00e9, le festival Feu de Bois de Niou dans la province du Kourw\u00e9ogo), des mus\u00e9es de renomm\u00e9es internationales\u00a0 (le mus\u00e9e la Termiti\u00e8re de Man\u00e9ga, le mus\u00e9e de la femme de Kolgondiess\u00e9 et le mus\u00e9e de Warba de Zorgho), des sites touristiques de r\u00e9f\u00e9rence (le site de sculpture sur granite de Laongo, le parc animalier de Ziniar\u00e9, le mausol\u00e9e Naaba Oubri, le mont Zong-piiga dans le Ganzourgou).<\/p><\/span>\n\t\t\t\t\t\t\t<\/div>\n\n\t\t\t\t\t\t<\/div>\n\t\t\t\t<div class=\"elementor-element elementor-element-3965ba3 elementor-widget elementor-widget-eael-dual-color-header\" data-id=\"3965ba3\" data-element_type=\"widget\" data-e-type=\"widget\" data-widget_type=\"eael-dual-color-header.default\">\n\t\t\t\t\t\t\t\t<div class=\"eael-dual-header\">\n\t\t\t\t<h2 class=\"title eael-dch-title\"><span class=\"eael-dch-title-text eael-dch-title-lead lead solid-color\">Tr\u00e9sors humains vivants<\/span> <span class=\"eael-dch-title-text\"><\/span><\/h2>\t\t\t\t\t<span class=\"subtext\"><p>Au nombre des valeurs culturelles de r\u00e9f\u00e9rence, on peut citer des troupes et ensembles artistiques de renomm\u00e9es nationales (la troupe Nambita de Tamissi, troupe yarma), des manifestations culturelles d\u2019envergure nationale et internationale\u00a0 (le naabasga du chef de Zorgho, la c\u00e9r\u00e9monie d\u2019initiation \u00ab\u00a0<strong><em>K\u00e9ogo<\/em><\/strong>\u00a0\u00bb de la cour royale de Ziniar\u00e9, le festival Feu de Bois de Niou dans la province du Kourw\u00e9ogo), des mus\u00e9es de renomm\u00e9es internationales\u00a0 (le mus\u00e9e la Termiti\u00e8re de Man\u00e9ga, le mus\u00e9e de la femme de Kolgondiess\u00e9 et le mus\u00e9e de Warba de Zorgho), des sites touristiques de r\u00e9f\u00e9rence (le site de sculpture sur granite de Laongo, le parc animalier de Ziniar\u00e9, le mausol\u00e9e Naaba Oubri, le mont Zong-piiga dans le Ganzourgou).<\/p><\/span>\n\t\t\t\t\t\t\t<\/div>\n\n\t\t\t\t\t\t<\/div>\n\t\t\t\t<div class=\"elementor-element elementor-element-28128fc eael-dual-header-content-align-left elementor-widget elementor-widget-eael-dual-color-header\" data-id=\"28128fc\" data-element_type=\"widget\" data-e-type=\"widget\" data-widget_type=\"eael-dual-color-header.default\">\n\t\t\t\t\t\t\t\t<div class=\"eael-dual-header\">\n\t\t\t\t<h2 class=\"title eael-dch-title\"><span class=\"eael-dch-title-text eael-dch-title-lead lead solid-color\">Savoir-faire et savoir-\u00eatre endog\u00e8nes de paix et de coh\u00e9sion sociale  <\/span> <span class=\"eael-dch-title-text\"><\/span><\/h2>\t\t\t\t\t<span class=\"subtext\"><p>Dans la r\u00e9gion il existe des savoir-faire et des savoir-\u00eatre endog\u00e8nes de promotion de la paix et de la coh\u00e9sion sociale. Il s\u2019agit notamment des f\u00eates traditionnelles (nabasga), des c\u00e9r\u00e9monies initiatiques (kiogo), des m\u00e9canismes de pr\u00e9vention et de gestion des conflits (arbre \u00e0 palabre, justice transitionnelle),\u00a0 des m\u00e9diateurs traditionnels de r\u00e9solution des crises ou conflits communautaires ( wemba, griots, parent\u00e9 \u00e0 plaisanterie, forgerons).<\/p><\/span>\n\t\t\t\t\t\t\t<\/div>\n\n\t\t\t\t\t\t<\/div>\n\t\t\t\t<\/div>\n\t\t\t\t\t<\/div>\n\t\t\t\t<\/div>\n\t\t<div data-particle_enable=\"false\" data-particle-mobile-disabled=\"false\" class=\"elementor-element elementor-element-ab65651 e-flex e-con-boxed e-con e-parent\" data-id=\"ab65651\" data-element_type=\"container\" data-e-type=\"container\">\n\t\t\t\t\t<div class=\"e-con-inner\">\n\t\t<div data-particle_enable=\"false\" data-particle-mobile-disabled=\"false\" class=\"elementor-element elementor-element-227f91b e-con-full e-flex e-con e-child\" data-id=\"227f91b\" data-element_type=\"container\" data-e-type=\"container\">\n\t\t<div data-particle_enable=\"false\" data-particle-mobile-disabled=\"false\" class=\"elementor-element elementor-element-2661f3a e-con-full e-flex e-con e-child\" data-id=\"2661f3a\" data-element_type=\"container\" data-e-type=\"container\" data-settings=\"{&quot;background_background&quot;:&quot;classic&quot;}\">\n\t\t\t\t<div class=\"elementor-element elementor-element-3df742f elementor-align-center elementor-icon-list--layout-traditional elementor-list-item-link-full_width elementor-widget elementor-widget-icon-list\" data-id=\"3df742f\" data-element_type=\"widget\" data-e-type=\"widget\" data-widget_type=\"icon-list.default\">\n\t\t\t\t\t\t\t<ul class=\"elementor-icon-list-items\">\n\t\t\t\t\t\t\t<li class=\"elementor-icon-list-item\">\n\t\t\t\t\t\t\t\t\t\t\t<span class=\"elementor-icon-list-icon\">\n\t\t\t\t\t\t\t<svg aria-hidden=\"true\" class=\"e-font-icon-svg e-fas-luggage-cart\" viewBox=\"0 0 640 512\" xmlns=\"http:\/\/www.w3.org\/2000\/svg\"><path d=\"M224 320h32V96h-32c-17.67 0-32 14.33-32 32v160c0 17.67 14.33 32 32 32zm352-32V128c0-17.67-14.33-32-32-32h-32v224h32c17.67 0 32-14.33 32-32zm48 96H128V16c0-8.84-7.16-16-16-16H16C7.16 0 0 7.16 0 16v32c0 8.84 7.16 16 16 16h48v368c0 8.84 7.16 16 16 16h82.94c-1.79 5.03-2.94 10.36-2.94 16 0 26.51 21.49 48 48 48s48-21.49 48-48c0-5.64-1.15-10.97-2.94-16h197.88c-1.79 5.03-2.94 10.36-2.94 16 0 26.51 21.49 48 48 48s48-21.49 48-48c0-5.64-1.15-10.97-2.94-16H624c8.84 0 16-7.16 16-16v-32c0-8.84-7.16-16-16-16zM480 96V48c0-26.51-21.49-48-48-48h-96c-26.51 0-48 21.49-48 48v272h192V96zm-48 0h-96V48h96v48z\"><\/path><\/svg>\t\t\t\t\t\t<\/span>\n\t\t\t\t\t\t\t\t\t\t<span class=\"elementor-icon-list-text\">Tourisme<\/span>\n\t\t\t\t\t\t\t\t\t<\/li>\n\t\t\t\t\t\t<\/ul>\n\t\t\t\t\t\t<\/div>\n\t\t\t\t<\/div>\n\t\t\t\t<div class=\"elementor-element elementor-element-7420e13 eael-dual-header-content-align-left elementor-widget elementor-widget-eael-dual-color-header\" data-id=\"7420e13\" data-element_type=\"widget\" data-e-type=\"widget\" data-widget_type=\"eael-dual-color-header.default\">\n\t\t\t\t\t\t\t\t<div class=\"eael-dual-header\">\n\t\t\t\t<h2 class=\"title eael-dch-title\"><span class=\"eael-dch-title-text eael-dch-title-lead lead solid-color\">Sites touristique<\/span> <span class=\"eael-dch-title-text\"><\/span><\/h2>\t\t\t\t\t<span class=\"subtext\"><p>La r\u00e9gion de Oubri occupe une place de premier choix en mati\u00e8re d\u2019offre touristique au Burkina Faso. En effet, son offre touristique originelle constitu\u00e9e de nombreux sites naturels, culturels et historiques font d\u2019elle une destination sure et attrayante en mati\u00e8re de tourisme. Les sites les plus embl\u00e9matiques et de renomm\u00e9e internationale sont\u00a0entre autres\u00a0: le site de sculpture sur granit de Laongo, le Parc animalier de Ziniar\u00e9,\u00a0 le Mus\u00e9e la Termiti\u00e8re de Man\u00e9ga\u00a0 etc.<\/p><p>le tableau ci-dessous fait le point des sites touristiques dans les deux provinces (BASSITENGA ET GANZOUGOU) de la r\u00e9gion.<\/p><\/span>\n\t\t\t\t\t\t\t<\/div>\n\n\t\t\t\t\t\t<\/div>\n\t\t\t\t<div class=\"elementor-element elementor-element-bd544ac elementor-widget elementor-widget-gallery\" data-id=\"bd544ac\" data-element_type=\"widget\" data-e-type=\"widget\" data-settings=\"{&quot;lazyload&quot;:&quot;yes&quot;,&quot;gallery_layout&quot;:&quot;grid&quot;,&quot;columns&quot;:4,&quot;columns_tablet&quot;:2,&quot;columns_mobile&quot;:1,&quot;gap&quot;:{&quot;unit&quot;:&quot;px&quot;,&quot;size&quot;:10,&quot;sizes&quot;:[]},&quot;gap_widescreen&quot;:{&quot;unit&quot;:&quot;px&quot;,&quot;size&quot;:&quot;&quot;,&quot;sizes&quot;:[]},&quot;gap_laptop&quot;:{&quot;unit&quot;:&quot;px&quot;,&quot;size&quot;:10,&quot;sizes&quot;:[]},&quot;gap_tablet_extra&quot;:{&quot;unit&quot;:&quot;px&quot;,&quot;size&quot;:10,&quot;sizes&quot;:[]},&quot;gap_tablet&quot;:{&quot;unit&quot;:&quot;px&quot;,&quot;size&quot;:10,&quot;sizes&quot;:[]},&quot;gap_mobile_extra&quot;:{&quot;unit&quot;:&quot;px&quot;,&quot;size&quot;:10,&quot;sizes&quot;:[]},&quot;gap_mobile&quot;:{&quot;unit&quot;:&quot;px&quot;,&quot;size&quot;:10,&quot;sizes&quot;:[]},&quot;link_to&quot;:&quot;file&quot;,&quot;aspect_ratio&quot;:&quot;3:2&quot;,&quot;overlay_background&quot;:&quot;yes&quot;,&quot;content_hover_animation&quot;:&quot;fade-in&quot;}\" data-widget_type=\"gallery.default\">\n\t\t\t\t\t\t\t<div class=\"elementor-gallery__container\">\n\t\t\t\t\t\t\t<a class=\"e-gallery-item elementor-gallery-item elementor-animated-content\" href=\"https:\/\/portail-regions.gov.bf\/oubri\/wp-content\/uploads\/2026\/03\/Image54.jpg\" data-elementor-open-lightbox=\"yes\" data-elementor-lightbox-slideshow=\"bd544ac\" data-elementor-lightbox-title=\"Image54\" data-e-action-hash=\"#elementor-action%3Aaction%3Dlightbox%26settings%3DeyJpZCI6MTI5MywidXJsIjoiaHR0cHM6XC9cL3BvcnRhaWwtcmVnaW9ucy5nb3YuYmZcL291YnJpXC93cC1jb250ZW50XC91cGxvYWRzXC8yMDI2XC8wM1wvSW1hZ2U1NC5qcGciLCJzbGlkZXNob3ciOiJiZDU0NGFjIn0%3D\">\n\t\t\t\t\t<div class=\"e-gallery-image elementor-gallery-item__image\" data-thumbnail=\"https:\/\/portail-regions.gov.bf\/oubri\/wp-content\/uploads\/2026\/03\/Image54.jpg\" data-width=\"300\" data-height=\"162\" aria-label=\"\" role=\"img\" ><\/div>\n\t\t\t\t\t\t\t\t\t\t\t<div class=\"elementor-gallery-item__overlay\"><\/div>\n\t\t\t\t\t\t\t\t\t\t\t\t\t\t<\/a>\n\t\t\t\t\t\t\t<a class=\"e-gallery-item elementor-gallery-item elementor-animated-content\" href=\"https:\/\/portail-regions.gov.bf\/oubri\/wp-content\/uploads\/2026\/03\/Image50.jpg\" data-elementor-open-lightbox=\"yes\" data-elementor-lightbox-slideshow=\"bd544ac\" data-elementor-lightbox-title=\"Image50\" data-e-action-hash=\"#elementor-action%3Aaction%3Dlightbox%26settings%3DeyJpZCI6MTI4OSwidXJsIjoiaHR0cHM6XC9cL3BvcnRhaWwtcmVnaW9ucy5nb3YuYmZcL291YnJpXC93cC1jb250ZW50XC91cGxvYWRzXC8yMDI2XC8wM1wvSW1hZ2U1MC5qcGciLCJzbGlkZXNob3ciOiJiZDU0NGFjIn0%3D\">\n\t\t\t\t\t<div class=\"e-gallery-image elementor-gallery-item__image\" data-thumbnail=\"https:\/\/portail-regions.gov.bf\/oubri\/wp-content\/uploads\/2026\/03\/Image50.jpg\" data-width=\"300\" data-height=\"162\" aria-label=\"\" role=\"img\" ><\/div>\n\t\t\t\t\t\t\t\t\t\t\t<div class=\"elementor-gallery-item__overlay\"><\/div>\n\t\t\t\t\t\t\t\t\t\t\t\t\t\t<\/a>\n\t\t\t\t\t\t\t<a class=\"e-gallery-item elementor-gallery-item elementor-animated-content\" href=\"https:\/\/portail-regions.gov.bf\/oubri\/wp-content\/uploads\/2026\/03\/Image53.png\" data-elementor-open-lightbox=\"yes\" data-elementor-lightbox-slideshow=\"bd544ac\" data-elementor-lightbox-title=\"Image53\" data-e-action-hash=\"#elementor-action%3Aaction%3Dlightbox%26settings%3DeyJpZCI6MTI5MiwidXJsIjoiaHR0cHM6XC9cL3BvcnRhaWwtcmVnaW9ucy5nb3YuYmZcL291YnJpXC93cC1jb250ZW50XC91cGxvYWRzXC8yMDI2XC8wM1wvSW1hZ2U1My5wbmciLCJzbGlkZXNob3ciOiJiZDU0NGFjIn0%3D\">\n\t\t\t\t\t<div class=\"e-gallery-image elementor-gallery-item__image\" data-thumbnail=\"https:\/\/portail-regions.gov.bf\/oubri\/wp-content\/uploads\/2026\/03\/Image53.png\" data-width=\"300\" data-height=\"162\" aria-label=\"\" role=\"img\" ><\/div>\n\t\t\t\t\t\t\t\t\t\t\t<div class=\"elementor-gallery-item__overlay\"><\/div>\n\t\t\t\t\t\t\t\t\t\t\t\t\t\t<\/a>\n\t\t\t\t\t\t\t<a class=\"e-gallery-item elementor-gallery-item elementor-animated-content\" href=\"https:\/\/portail-regions.gov.bf\/oubri\/wp-content\/uploads\/2026\/03\/Image51.jpg\" data-elementor-open-lightbox=\"yes\" data-elementor-lightbox-slideshow=\"bd544ac\" data-elementor-lightbox-title=\"Image51\" data-e-action-hash=\"#elementor-action%3Aaction%3Dlightbox%26settings%3DeyJpZCI6MTI5MSwidXJsIjoiaHR0cHM6XC9cL3BvcnRhaWwtcmVnaW9ucy5nb3YuYmZcL291YnJpXC93cC1jb250ZW50XC91cGxvYWRzXC8yMDI2XC8wM1wvSW1hZ2U1MS5qcGciLCJzbGlkZXNob3ciOiJiZDU0NGFjIn0%3D\">\n\t\t\t\t\t<div class=\"e-gallery-image elementor-gallery-item__image\" data-thumbnail=\"https:\/\/portail-regions.gov.bf\/oubri\/wp-content\/uploads\/2026\/03\/Image51.jpg\" data-width=\"300\" data-height=\"162\" aria-label=\"\" role=\"img\" ><\/div>\n\t\t\t\t\t\t\t\t\t\t\t<div class=\"elementor-gallery-item__overlay\"><\/div>\n\t\t\t\t\t\t\t\t\t\t\t\t\t\t<\/a>\n\t\t\t\t\t<\/div>\n\t\t\t\t\t<\/div>\n\t\t\t\t<div class=\"elementor-element elementor-element-069d8cb elementor-align-center elementor-widget elementor-widget-button\" data-id=\"069d8cb\" data-element_type=\"widget\" data-e-type=\"widget\" data-widget_type=\"button.default\">\n\t\t\t\t\t\t\t\t\t\t<a class=\"elementor-button elementor-button-link elementor-size-sm\" href=\"https:\/\/portail-regions.gov.bf\/oubri\/sites-touristiques\/\">\n\t\t\t\t\t\t<span class=\"elementor-button-content-wrapper\">\n\t\t\t\t\t\t\t\t\t<span class=\"elementor-button-text\">Voir plus de sites<\/span>\n\t\t\t\t\t<\/span>\n\t\t\t\t\t<\/a>\n\t\t\t\t\t\t\t\t<\/div>\n\t\t\t\t<\/div>\n\t\t\t\t\t<\/div>\n\t\t\t\t<\/div>\n\t\t\t\t<\/div>\n\t\t","protected":false},"excerpt":{"rendered":"<p>Tourisme Accueil \/ Page Patrimoine culturel Valeurs culturelles de r\u00e9f\u00e9rence Au nombre des valeurs culturelles de r\u00e9f\u00e9rence, on peut citer des troupes et ensembles artistiques de renomm\u00e9es nationales (la troupe Nambita de Tamissi, troupe yarma), des manifestations culturelles d\u2019envergure nationale et internationale\u00a0 (le naabasga du chef de Zorgho, la c\u00e9r\u00e9monie d\u2019initiation \u00ab\u00a0K\u00e9ogo\u00a0\u00bb de la cour [&hellip;]<\/p>\n","protected":false},"author":1,"featured_media":0,"parent":0,"menu_order":0,"comment_status":"closed","ping_status":"closed","template":"","meta":{"footnotes":""},"class_list":["post-897","page","type-page","status-publish","hentry"],"aioseo_notices":[],"_links":{"self":[{"href":"https:\/\/portail-regions.gov.bf\/oubri\/wp-json\/wp\/v2\/pages\/897","targetHints":{"allow":["GET"]}}],"collection":[{"href":"https:\/\/portail-regions.gov.bf\/oubri\/wp-json\/wp\/v2\/pages"}],"about":[{"href":"https:\/\/portail-regions.gov.bf\/oubri\/wp-json\/wp\/v2\/types\/page"}],"author":[{"embeddable":true,"href":"https:\/\/portail-regions.gov.bf\/oubri\/wp-json\/wp\/v2\/users\/1"}],"replies":[{"embeddable":true,"href":"https:\/\/portail-regions.gov.bf\/oubri\/wp-json\/wp\/v2\/comments?post=897"}],"version-history":[{"count":0,"href":"https:\/\/portail-regions.gov.bf\/oubri\/wp-json\/wp\/v2\/pages\/897\/revisions"}],"wp:attachment":[{"href":"https:\/\/portail-regions.gov.bf\/oubri\/wp-json\/wp\/v2\/media?parent=897"}],"curies":[{"name":"wp","href":"https:\/\/api.w.org\/{rel}","templated":true}]}}