{"id":1454,"date":"2026-03-31T00:57:35","date_gmt":"2026-03-31T00:57:35","guid":{"rendered":"https:\/\/portail-regions.gov.bf\/oubri\/?page_id=1454"},"modified":"2026-03-31T00:59:44","modified_gmt":"2026-03-31T00:59:44","slug":"mot-de-bienvenue","status":"publish","type":"page","link":"https:\/\/portail-regions.gov.bf\/oubri\/mot-de-bienvenue\/","title":{"rendered":"Mot de bienvenue"},"content":{"rendered":"\t\t<div data-elementor-type=\"wp-page\" data-elementor-id=\"1454\" class=\"elementor elementor-1454\" data-elementor-post-type=\"page\">\n\t\t\t\t<div data-particle_enable=\"false\" data-particle-mobile-disabled=\"false\" class=\"elementor-element elementor-element-b0596ef e-flex e-con-boxed e-con e-parent\" data-id=\"b0596ef\" data-element_type=\"container\" data-e-type=\"container\" data-settings=\"{&quot;background_background&quot;:&quot;classic&quot;}\">\n\t\t\t\t\t<div class=\"e-con-inner\">\n\t\t<div data-particle_enable=\"false\" data-particle-mobile-disabled=\"false\" class=\"elementor-element elementor-element-2396c0f e-con-full e-flex e-con e-child\" data-id=\"2396c0f\" data-element_type=\"container\" data-e-type=\"container\">\n\t\t<div data-particle_enable=\"false\" data-particle-mobile-disabled=\"false\" class=\"elementor-element elementor-element-1030c0b e-con-full e-flex e-con e-child\" data-id=\"1030c0b\" data-element_type=\"container\" data-e-type=\"container\" data-settings=\"{&quot;background_background&quot;:&quot;classic&quot;}\">\n\t\t\t\t<div class=\"elementor-element elementor-element-7b02458 elementor-widget elementor-widget-heading\" data-id=\"7b02458\" data-element_type=\"widget\" data-e-type=\"widget\" data-widget_type=\"heading.default\">\n\t\t\t\t\t<h2 class=\"elementor-heading-title elementor-size-default\">Madame Sy Assetou BARRY\/TRAORE<\/h2>\t\t\t\t<\/div>\n\t\t\t\t<div class=\"elementor-element elementor-element-114ba61 elementor-widget elementor-widget-image\" data-id=\"114ba61\" data-element_type=\"widget\" data-e-type=\"widget\" data-widget_type=\"image.default\">\n\t\t\t\t\t\t\t\t\t\t\t\t\t\t\t<img fetchpriority=\"high\" decoding=\"async\" width=\"800\" height=\"917\" src=\"https:\/\/portail-regions.gov.bf\/oubri\/wp-content\/uploads\/2026\/03\/Gouverneur-OUBRI.jpeg\" class=\"attachment-large size-large wp-image-1366\" alt=\"\" \/>\t\t\t\t\t\t\t\t\t\t\t\t\t\t\t<\/div>\n\t\t\t\t<\/div>\n\t\t<div data-particle_enable=\"false\" data-particle-mobile-disabled=\"false\" class=\"elementor-element elementor-element-a869a81 e-con-full e-flex e-con e-child\" data-id=\"a869a81\" data-element_type=\"container\" data-e-type=\"container\">\n\t\t\t\t<div class=\"elementor-element elementor-element-4bb5b42 elementor-widget elementor-widget-heading\" data-id=\"4bb5b42\" data-element_type=\"widget\" data-e-type=\"widget\" data-widget_type=\"heading.default\">\n\t\t\t\t\t<h2 class=\"elementor-heading-title elementor-size-default\">Mot de bienvenue du Gouverneur<\/h2>\t\t\t\t<\/div>\n\t\t\t\t<div class=\"elementor-element elementor-element-3ab8029 elementor-widget elementor-widget-text-editor\" data-id=\"3ab8029\" data-element_type=\"widget\" data-e-type=\"widget\" data-widget_type=\"text-editor.default\">\n\t\t\t\t\t\t\t\t\t<p>Bienvenue dans la r\u00e9gion de Oubri, creuset d\u2019histoires et de traditions \u00ab\u00a0moaga\u00a0\u00bb.<\/p><p>\u00a0C\u2019est avec une grande fiert\u00e9 que nous vous accueillons sur la plateforme num\u00e9rique officielle de la R\u00e9gion de Oubri, terre d\u2019h\u00e9ritage historique, riche et prestigieuse.<\/p><p>\u00a0Trois groupes ethniques la composent majoritairement \u00e0 savoir, les Mossis, les Peulhs et les Bissa. Ces braves populations vivent essentiellement de l\u2019agriculture, de l\u2019\u00e9levage et du commerce.<\/p><p>La r\u00e9gion de Oubri connait une forte fr\u00e9quentation en raison de sa proximit\u00e9 avec Ouagadougou.<\/p><p>\u00a0En effet, sa principale ville administrative est Ziniar\u00e9 qui signifie en langue nationale mor\u00e9\u00a0\u00ab\u00a0du jamais vu\u00a0\u00bb. Elle est situ\u00e9e \u00e0 35 km de Ouagadougou.<\/p><p>\u00a0Ziniar\u00e9, capitale r\u00e9gionale est une ville cosmopolite par excellence ou se c\u00f4toient harmonieusement architecture moderne et traditionnelle avec une population culturellement accueillante, altruiste et chaleureuse.<\/p><p>La r\u00e9gion de Oubri offre aux visiteurs un paysage exotique, des espaces modernes de d\u00e9tentes et de distraction, des parcs et sites touristiques embl\u00e9matiques. Par ailleurs, pour vos s\u00e9minaires, conf\u00e9rences et ateliers, la r\u00e9gion dispose de nombreuses possibilit\u00e9s d\u2019accueils.<\/p><p>\u00a0Investisseurs en qu\u00eate d\u2019opportunit\u00e9s prometteuses, chercheurs, historiens, amoureux de l\u2019histoire traditionnelle Moaga et excursionnistes, cette plateforme est la v\u00f4tre.<\/p><p>Je vous souhaite une bonne d\u00e9couverte de cette terre d\u2019 Oubri dans toutes ses facettes et ses dimensions \u00e0 travers ses potentialit\u00e9s, ses richesses et son patrimoine culturel riche et vari\u00e9.<\/p><p><strong>Bienvenue <\/strong>!<\/p><p>\u00a0Vive la r\u00e9gion de Oubri\u00a0!<\/p><p>La Patrie ou la Mort, nous Vaincrons !<\/p>\t\t\t\t\t\t\t\t<\/div>\n\t\t\t\t<\/div>\n\t\t\t\t<\/div>\n\t\t\t\t\t<\/div>\n\t\t\t\t<\/div>\n\t\t\t\t<\/div>\n\t\t","protected":false},"excerpt":{"rendered":"<p>Madame Sy Assetou BARRY\/TRAORE Mot de bienvenue du Gouverneur Bienvenue dans la r\u00e9gion de Oubri, creuset d\u2019histoires et de traditions \u00ab\u00a0moaga\u00a0\u00bb. \u00a0C\u2019est avec une grande fiert\u00e9 que nous vous accueillons sur la plateforme num\u00e9rique officielle de la R\u00e9gion de Oubri, terre d\u2019h\u00e9ritage historique, riche et prestigieuse. \u00a0Trois groupes ethniques la composent majoritairement \u00e0 savoir, les [&hellip;]<\/p>\n","protected":false},"author":1,"featured_media":0,"parent":0,"menu_order":0,"comment_status":"closed","ping_status":"open","template":"elementor_header_footer","meta":{"footnotes":""},"class_list":["post-1454","page","type-page","status-publish","hentry"],"aioseo_notices":[],"_links":{"self":[{"href":"https:\/\/portail-regions.gov.bf\/oubri\/wp-json\/wp\/v2\/pages\/1454","targetHints":{"allow":["GET"]}}],"collection":[{"href":"https:\/\/portail-regions.gov.bf\/oubri\/wp-json\/wp\/v2\/pages"}],"about":[{"href":"https:\/\/portail-regions.gov.bf\/oubri\/wp-json\/wp\/v2\/types\/page"}],"author":[{"embeddable":true,"href":"https:\/\/portail-regions.gov.bf\/oubri\/wp-json\/wp\/v2\/users\/1"}],"replies":[{"embeddable":true,"href":"https:\/\/portail-regions.gov.bf\/oubri\/wp-json\/wp\/v2\/comments?post=1454"}],"version-history":[{"count":4,"href":"https:\/\/portail-regions.gov.bf\/oubri\/wp-json\/wp\/v2\/pages\/1454\/revisions"}],"predecessor-version":[{"id":1461,"href":"https:\/\/portail-regions.gov.bf\/oubri\/wp-json\/wp\/v2\/pages\/1454\/revisions\/1461"}],"wp:attachment":[{"href":"https:\/\/portail-regions.gov.bf\/oubri\/wp-json\/wp\/v2\/media?parent=1454"}],"curies":[{"name":"wp","href":"https:\/\/api.w.org\/{rel}","templated":true}]}}