{"id":1370,"date":"2026-03-24T14:40:07","date_gmt":"2026-03-24T14:40:07","guid":{"rendered":"https:\/\/portail-regions.gov.bf\/oubri\/?page_id=1370"},"modified":"2026-03-24T15:04:00","modified_gmt":"2026-03-24T15:04:00","slug":"sites-touristiques","status":"publish","type":"page","link":"https:\/\/portail-regions.gov.bf\/oubri\/sites-touristiques\/","title":{"rendered":"Sites touristiques"},"content":{"rendered":"\t\t<div data-elementor-type=\"wp-page\" data-elementor-id=\"1370\" class=\"elementor elementor-1370\" data-elementor-post-type=\"page\">\n\t\t\t\t<div data-particle_enable=\"false\" data-particle-mobile-disabled=\"false\" class=\"elementor-element elementor-element-7d35d12 e-flex e-con-boxed e-con e-parent\" data-id=\"7d35d12\" data-element_type=\"container\" data-e-type=\"container\" data-settings=\"{&quot;background_background&quot;:&quot;classic&quot;}\">\n\t\t\t\t\t<div class=\"e-con-inner\">\n\t\t\t\t<div class=\"elementor-element elementor-element-ba1a445 elementor-widget elementor-widget-heading\" data-id=\"ba1a445\" data-element_type=\"widget\" data-e-type=\"widget\" data-widget_type=\"heading.default\">\n\t\t\t\t\t<h2 class=\"elementor-heading-title elementor-size-default\">Sites touristiques<\/h2>\t\t\t\t<\/div>\n\t\t\t\t<div class=\"elementor-element elementor-element-8bbb0ca elementor-widget elementor-widget-eael-breadcrumbs\" data-id=\"8bbb0ca\" data-element_type=\"widget\" data-e-type=\"widget\" data-widget_type=\"eael-breadcrumbs.default\">\n\t\t\t\t<div class=\"elementor-widget-container\">\n\t\t\t\t\t\t\t<div class=\"eael-breadcrumbs\">\n\t\t\t<div class=\"eael-breadcrumbs__content\"><a href=\"https:\/\/portail-regions.gov.bf\/oubri\">Accueil<\/a> <span class=\"eael-breadcrumb-separator\">\/<\/span> <span class = \"eael-current\">Page<\/span><\/div>\t\t<\/div>\n\t\t\t\t\t\t<\/div>\n\t\t\t\t<\/div>\n\t\t\t\t\t<\/div>\n\t\t\t\t<\/div>\n\t\t<div data-particle_enable=\"false\" data-particle-mobile-disabled=\"false\" class=\"elementor-element elementor-element-8cd1792 e-flex e-con-boxed e-con e-parent\" data-id=\"8cd1792\" data-element_type=\"container\" data-e-type=\"container\">\n\t\t\t\t\t<div class=\"e-con-inner\">\n\t\t<div data-particle_enable=\"false\" data-particle-mobile-disabled=\"false\" class=\"elementor-element elementor-element-8c2437e e-con-full e-flex e-con e-child\" data-id=\"8c2437e\" data-element_type=\"container\" data-e-type=\"container\">\n\t\t\t\t<div class=\"elementor-element elementor-element-90a198b elementor-widget elementor-widget-image\" data-id=\"90a198b\" data-element_type=\"widget\" data-e-type=\"widget\" data-widget_type=\"image.default\">\n\t\t\t\t\t\t\t\t\t\t\t\t<figure class=\"wp-caption\">\n\t\t\t\t\t\t\t\t\t\t<img fetchpriority=\"high\" decoding=\"async\" width=\"800\" height=\"433\" src=\"https:\/\/portail-regions.gov.bf\/oubri\/wp-content\/uploads\/2026\/03\/Image50.jpg\" class=\"attachment-large size-large wp-image-1289\" alt=\"\" \/>\t\t\t\t\t\t\t\t\t\t\t<figcaption class=\"widget-image-caption wp-caption-text\">MUSEE DE LA TERMITIERE DE OURGOU MANEGA<\/figcaption>\n\t\t\t\t\t\t\t\t\t\t<\/figure>\n\t\t\t\t\t\t\t\t\t<\/div>\n\t\t\t\t<\/div>\n\t\t<div data-particle_enable=\"false\" data-particle-mobile-disabled=\"false\" class=\"elementor-element elementor-element-30f75db e-con-full e-flex e-con e-child\" data-id=\"30f75db\" data-element_type=\"container\" data-e-type=\"container\">\n\t\t\t\t<div class=\"elementor-element elementor-element-00a171a elementor-drop-cap-yes elementor-drop-cap-view-default elementor-widget elementor-widget-text-editor\" data-id=\"00a171a\" data-element_type=\"widget\" data-e-type=\"widget\" data-settings=\"{&quot;drop_cap&quot;:&quot;yes&quot;}\" data-widget_type=\"text-editor.default\">\n\t\t\t\t\t\t\t\t\t<p>Le Mus\u00e9e de Man\u00e9ga, fond\u00e9 par Feu Me Titinga Fr\u00e9d\u00e9ric Pac\u00e9r\u00e9 \u00e0 environ 50 km au nord-ouest de Ouagadougou, est un tr\u00e9sor culturel du Burkina Faso. Inaugur\u00e9 en 1987, ce plus grand mus\u00e9e priv\u00e9 du pays (plus de 10 000 pi\u00e8ces) est d\u00e9di\u00e9 \u00e0 la \u00ab Bendrologie \u00bb (science des tam-tams) et \u00e0 la pr\u00e9servation des arts traditionnels, incluant des masques, des objets arch\u00e9ologiques et des habitats reconstitu\u00e9s<\/p>\t\t\t\t\t\t\t\t<\/div>\n\t\t\t\t<\/div>\n\t\t\t\t\t<\/div>\n\t\t\t\t<\/div>\n\t\t<div data-particle_enable=\"false\" data-particle-mobile-disabled=\"false\" class=\"elementor-element elementor-element-0ad5a0f e-flex e-con-boxed e-con e-parent\" data-id=\"0ad5a0f\" data-element_type=\"container\" data-e-type=\"container\">\n\t\t\t\t\t<div class=\"e-con-inner\">\n\t\t<div data-particle_enable=\"false\" data-particle-mobile-disabled=\"false\" class=\"elementor-element elementor-element-7b63788 e-con-full e-flex e-con e-child\" data-id=\"7b63788\" data-element_type=\"container\" data-e-type=\"container\">\n\t\t\t\t<div class=\"elementor-element elementor-element-ec34ae6 elementor-widget elementor-widget-image\" data-id=\"ec34ae6\" data-element_type=\"widget\" data-e-type=\"widget\" data-widget_type=\"image.default\">\n\t\t\t\t\t\t\t\t\t\t\t\t<figure class=\"wp-caption\">\n\t\t\t\t\t\t\t\t\t\t<img decoding=\"async\" width=\"800\" height=\"433\" src=\"https:\/\/portail-regions.gov.bf\/oubri\/wp-content\/uploads\/2026\/03\/Image51.jpg\" class=\"attachment-large size-large wp-image-1291\" alt=\"\" \/>\t\t\t\t\t\t\t\t\t\t\t<figcaption class=\"widget-image-caption wp-caption-text\">SITE DE SCULPTURE SUR GRANIT  DE LAONGO<\/figcaption>\n\t\t\t\t\t\t\t\t\t\t<\/figure>\n\t\t\t\t\t\t\t\t\t<\/div>\n\t\t\t\t<\/div>\n\t\t<div data-particle_enable=\"false\" data-particle-mobile-disabled=\"false\" class=\"elementor-element elementor-element-2ebd723 e-con-full e-flex e-con e-child\" data-id=\"2ebd723\" data-element_type=\"container\" data-e-type=\"container\">\n\t\t\t\t<div class=\"elementor-element elementor-element-73f05f8 elementor-drop-cap-yes elementor-drop-cap-view-default elementor-widget elementor-widget-text-editor\" data-id=\"73f05f8\" data-element_type=\"widget\" data-e-type=\"widget\" data-settings=\"{&quot;drop_cap&quot;:&quot;yes&quot;}\" data-widget_type=\"text-editor.default\">\n\t\t\t\t\t\t\t\t\t<p>Le site de sculpture sur granit de Laongo, situ\u00e9 \u00e0 environ 35 km au nord-est de Ouagadougou dans la commune de Ziniar\u00e9 au Burkina Faso, est un mus\u00e9e \u00e0 ciel ouvert unique en Afrique. Cr\u00e9\u00e9 en 1988 par l&rsquo;artiste Siriki KI, il abrite des centaines d&rsquo;\u0153uvres monumentales taill\u00e9es directement sur des affleurements de roche par des artistes nationaux et internationaux.<\/p>\t\t\t\t\t\t\t\t<\/div>\n\t\t\t\t<\/div>\n\t\t\t\t\t<\/div>\n\t\t\t\t<\/div>\n\t\t<div data-particle_enable=\"false\" data-particle-mobile-disabled=\"false\" class=\"elementor-element elementor-element-669b6f2 e-flex e-con-boxed e-con e-parent\" data-id=\"669b6f2\" data-element_type=\"container\" data-e-type=\"container\">\n\t\t\t\t\t<div class=\"e-con-inner\">\n\t\t<div data-particle_enable=\"false\" data-particle-mobile-disabled=\"false\" class=\"elementor-element elementor-element-e1bd9ed e-con-full e-flex e-con e-child\" data-id=\"e1bd9ed\" data-element_type=\"container\" data-e-type=\"container\">\n\t\t\t\t<div class=\"elementor-element elementor-element-e3cebaf elementor-widget elementor-widget-image\" data-id=\"e3cebaf\" data-element_type=\"widget\" data-e-type=\"widget\" data-widget_type=\"image.default\">\n\t\t\t\t\t\t\t\t\t\t\t\t<figure class=\"wp-caption\">\n\t\t\t\t\t\t\t\t\t\t<img decoding=\"async\" width=\"800\" height=\"433\" src=\"https:\/\/portail-regions.gov.bf\/oubri\/wp-content\/uploads\/2026\/03\/Image53.png\" class=\"attachment-large size-large wp-image-1292\" alt=\"\" \/>\t\t\t\t\t\t\t\t\t\t\t<figcaption class=\"widget-image-caption wp-caption-text\">SANCTUAIRE ANIMALIER DE ZINIARE<\/figcaption>\n\t\t\t\t\t\t\t\t\t\t<\/figure>\n\t\t\t\t\t\t\t\t\t<\/div>\n\t\t\t\t<\/div>\n\t\t<div data-particle_enable=\"false\" data-particle-mobile-disabled=\"false\" class=\"elementor-element elementor-element-ac6ea7f e-con-full e-flex e-con e-child\" data-id=\"ac6ea7f\" data-element_type=\"container\" data-e-type=\"container\">\n\t\t\t\t<div class=\"elementor-element elementor-element-321bdf3 elementor-drop-cap-yes elementor-drop-cap-view-default elementor-widget elementor-widget-text-editor\" data-id=\"321bdf3\" data-element_type=\"widget\" data-e-type=\"widget\" data-settings=\"{&quot;drop_cap&quot;:&quot;yes&quot;}\" data-widget_type=\"text-editor.default\">\n\t\t\t\t\t\t\t\t\t<p>Le parc animalier de Ziniar\u00e9, \u00e9galement connu sous le nom de Sanctuaire animalier de Ziniar\u00e9, est un parc zoologique situ\u00e9 \u00e0 Ziniar\u00e9, \u00e0 environ trente-sept kilom\u00e8tres de Ouagadougou, la capitale du Burkina Faso. Cr\u00e9\u00e9 en 1994, le parc est actuellement \u00a0g\u00e9r\u00e9 par l&rsquo;Association pour la protection de la faune et de la flore. Il abrite une diversit\u00e9 d&rsquo;animaux en semi-libert\u00e9 et constitue un site touristique important pour la r\u00e9gion.<\/p>\t\t\t\t\t\t\t\t<\/div>\n\t\t\t\t<\/div>\n\t\t\t\t\t<\/div>\n\t\t\t\t<\/div>\n\t\t<div data-particle_enable=\"false\" data-particle-mobile-disabled=\"false\" class=\"elementor-element elementor-element-af6aef8 e-flex e-con-boxed e-con e-parent\" data-id=\"af6aef8\" data-element_type=\"container\" data-e-type=\"container\">\n\t\t\t\t\t<div class=\"e-con-inner\">\n\t\t<div data-particle_enable=\"false\" data-particle-mobile-disabled=\"false\" class=\"elementor-element elementor-element-37ae158 e-con-full e-flex e-con e-child\" data-id=\"37ae158\" data-element_type=\"container\" data-e-type=\"container\">\n\t\t\t\t<div class=\"elementor-element elementor-element-466b424 elementor-widget elementor-widget-image\" data-id=\"466b424\" data-element_type=\"widget\" data-e-type=\"widget\" data-widget_type=\"image.default\">\n\t\t\t\t\t\t\t\t\t\t\t\t<figure class=\"wp-caption\">\n\t\t\t\t\t\t\t\t\t\t<img loading=\"lazy\" decoding=\"async\" width=\"800\" height=\"433\" src=\"https:\/\/portail-regions.gov.bf\/oubri\/wp-content\/uploads\/2026\/03\/Image54.jpg\" class=\"attachment-large size-large wp-image-1293\" alt=\"\" \/>\t\t\t\t\t\t\t\t\t\t\t<figcaption class=\"widget-image-caption wp-caption-text\">MUSEE DE WARBA DE ZORGHO<\/figcaption>\n\t\t\t\t\t\t\t\t\t\t<\/figure>\n\t\t\t\t\t\t\t\t\t<\/div>\n\t\t\t\t<\/div>\n\t\t<div data-particle_enable=\"false\" data-particle-mobile-disabled=\"false\" class=\"elementor-element elementor-element-cf705de e-con-full e-flex e-con e-child\" data-id=\"cf705de\" data-element_type=\"container\" data-e-type=\"container\">\n\t\t\t\t<div class=\"elementor-element elementor-element-a4d6044 elementor-drop-cap-yes elementor-drop-cap-view-default elementor-widget elementor-widget-text-editor\" data-id=\"a4d6044\" data-element_type=\"widget\" data-e-type=\"widget\" data-settings=\"{&quot;drop_cap&quot;:&quot;yes&quot;}\" data-widget_type=\"text-editor.default\">\n\t\t\t\t\t\t\t\t\t<p>Le Mus\u00e9e de Warba de Zorgho, cr\u00e9\u00e9 en 2008-2010 dans la province du Ganzourgou est un sanctuaire culturel d\u00e9di\u00e9 \u00e0 la pr\u00e9servation de la danse traditionnelle moagha, le Warba. Situ\u00e9 dans la ville de Zorgho (RN4), il expose des instruments, costumes et photos.<\/p><p>\u00a0Contact utile\u00a0: +226 70 67 57 02.<\/p>\t\t\t\t\t\t\t\t<\/div>\n\t\t\t\t<\/div>\n\t\t\t\t\t<\/div>\n\t\t\t\t<\/div>\n\t\t\t\t<\/div>\n\t\t","protected":false},"excerpt":{"rendered":"<p>Sites touristiques Accueil \/ Page MUSEE DE LA TERMITIERE DE OURGOU MANEGA Le Mus\u00e9e de Man\u00e9ga, fond\u00e9 par Feu Me Titinga Fr\u00e9d\u00e9ric Pac\u00e9r\u00e9 \u00e0 environ 50 km au nord-ouest de Ouagadougou, est un tr\u00e9sor culturel du Burkina Faso. Inaugur\u00e9 en 1987, ce plus grand mus\u00e9e priv\u00e9 du pays (plus de 10 000 pi\u00e8ces) est d\u00e9di\u00e9 [&hellip;]<\/p>\n","protected":false},"author":1,"featured_media":0,"parent":0,"menu_order":0,"comment_status":"closed","ping_status":"closed","template":"","meta":{"footnotes":""},"class_list":["post-1370","page","type-page","status-publish","hentry"],"aioseo_notices":[],"_links":{"self":[{"href":"https:\/\/portail-regions.gov.bf\/oubri\/wp-json\/wp\/v2\/pages\/1370","targetHints":{"allow":["GET"]}}],"collection":[{"href":"https:\/\/portail-regions.gov.bf\/oubri\/wp-json\/wp\/v2\/pages"}],"about":[{"href":"https:\/\/portail-regions.gov.bf\/oubri\/wp-json\/wp\/v2\/types\/page"}],"author":[{"embeddable":true,"href":"https:\/\/portail-regions.gov.bf\/oubri\/wp-json\/wp\/v2\/users\/1"}],"replies":[{"embeddable":true,"href":"https:\/\/portail-regions.gov.bf\/oubri\/wp-json\/wp\/v2\/comments?post=1370"}],"version-history":[{"count":0,"href":"https:\/\/portail-regions.gov.bf\/oubri\/wp-json\/wp\/v2\/pages\/1370\/revisions"}],"wp:attachment":[{"href":"https:\/\/portail-regions.gov.bf\/oubri\/wp-json\/wp\/v2\/media?parent=1370"}],"curies":[{"name":"wp","href":"https:\/\/api.w.org\/{rel}","templated":true}]}}