{"id":1075,"date":"2026-03-11T01:46:09","date_gmt":"2026-03-11T01:46:09","guid":{"rendered":"https:\/\/portail-regions.gov.bf\/nazinon\/?page_id=1075"},"modified":"2026-03-11T03:09:13","modified_gmt":"2026-03-11T03:09:13","slug":"mot-de-bienvenue","status":"publish","type":"page","link":"https:\/\/portail-regions.gov.bf\/nazinon\/mot-de-bienvenue\/","title":{"rendered":"Mot de bienvenue"},"content":{"rendered":"\t\t<div data-elementor-type=\"wp-page\" data-elementor-id=\"1075\" class=\"elementor elementor-1075\" data-elementor-post-type=\"page\">\n\t\t\t\t<div data-particle_enable=\"false\" data-particle-mobile-disabled=\"false\" class=\"elementor-element elementor-element-b0596ef e-flex e-con-boxed e-con e-parent\" data-id=\"b0596ef\" data-element_type=\"container\" data-e-type=\"container\" data-settings=\"{&quot;background_background&quot;:&quot;classic&quot;}\">\n\t\t\t\t\t<div class=\"e-con-inner\">\n\t\t<div data-particle_enable=\"false\" data-particle-mobile-disabled=\"false\" class=\"elementor-element elementor-element-2396c0f e-con-full e-flex e-con e-child\" data-id=\"2396c0f\" data-element_type=\"container\" data-e-type=\"container\">\n\t\t<div data-particle_enable=\"false\" data-particle-mobile-disabled=\"false\" class=\"elementor-element elementor-element-1030c0b e-con-full e-flex e-con e-child\" data-id=\"1030c0b\" data-element_type=\"container\" data-e-type=\"container\" data-settings=\"{&quot;background_background&quot;:&quot;classic&quot;}\">\n\t\t\t\t<div class=\"elementor-element elementor-element-7b02458 elementor-widget elementor-widget-heading\" data-id=\"7b02458\" data-element_type=\"widget\" data-e-type=\"widget\" data-widget_type=\"heading.default\">\n\t\t\t\t\t<h2 class=\"elementor-heading-title elementor-size-default\">Madame Massadalo Yvette NACOULMA\/SANOU<\/h2>\t\t\t\t<\/div>\n\t\t\t\t<div class=\"elementor-element elementor-element-114ba61 elementor-widget elementor-widget-image\" data-id=\"114ba61\" data-element_type=\"widget\" data-e-type=\"widget\" data-widget_type=\"image.default\">\n\t\t\t\t\t\t\t\t\t\t\t\t\t\t\t<img fetchpriority=\"high\" decoding=\"async\" width=\"520\" height=\"568\" src=\"https:\/\/portail-regions.gov.bf\/nazinon\/wp-content\/uploads\/2026\/03\/Gouverneur-Nazinon.jpg\" class=\"attachment-large size-large wp-image-1085\" alt=\"\" \/>\t\t\t\t\t\t\t\t\t\t\t\t\t\t\t<\/div>\n\t\t\t\t<\/div>\n\t\t<div data-particle_enable=\"false\" data-particle-mobile-disabled=\"false\" class=\"elementor-element elementor-element-a869a81 e-con-full e-flex e-con e-child\" data-id=\"a869a81\" data-element_type=\"container\" data-e-type=\"container\">\n\t\t\t\t<div class=\"elementor-element elementor-element-4bb5b42 elementor-widget elementor-widget-heading\" data-id=\"4bb5b42\" data-element_type=\"widget\" data-e-type=\"widget\" data-widget_type=\"heading.default\">\n\t\t\t\t\t<h2 class=\"elementor-heading-title elementor-size-default\">Mot de bienvenue du Gouverneur<\/h2>\t\t\t\t<\/div>\n\t\t\t\t<div class=\"elementor-element elementor-element-3ab8029 elementor-widget elementor-widget-text-editor\" data-id=\"3ab8029\" data-element_type=\"widget\" data-e-type=\"widget\" data-widget_type=\"text-editor.default\">\n\t\t\t\t\t\t\t\t\t<p><strong>Chers Internautes, Utilisateurs et Usagers,<\/strong><\/p><p><strong>Soyez les bienvenus sur le portail officiel de la r\u00e9gion du Nazinon.<\/strong><\/p><p>C\u2019est avec un r\u00e9el plaisir que je vous accueille sur ce site web, con\u00e7u comme un outil strat\u00e9gique de communication et d\u2019information au service de la R\u00e9gion du Nazinon. Ce portail vient compl\u00e9ter les autres canaux institutionnels et se veut un espace privil\u00e9gi\u00e9 de valorisation du potentiel, des atouts et des sp\u00e9cificit\u00e9s du Nazinon.<\/p><p>\u00c0 travers cette plateforme num\u00e9rique, la r\u00e9gion entend r\u00e9pondre aux exigences d\u2019un monde en constante mutation o\u00f9 les technologies de l\u2019information et de la communication constituent des leviers essentiels de visibilit\u00e9, de coop\u00e9ration et de d\u00e9veloppement.<\/p><p>Cette dynamique s\u2019inscrit dans notre volont\u00e9 de renforcer l\u2019action publique en vue de f\u00e9d\u00e9rer toutes les \u00e9nergies autour d\u2019une vision commune : promouvoir un d\u00e9veloppement \u00e9conomique, social et culturel harmonieux, tout en pr\u00e9servant notre environnement naturel.<\/p><p>C\u2019est un r\u00e9el plaisir de partager avec vous la richesse culturelle, le potentiel touristique, ainsi que les initiatives et projets structurants de la R\u00e9gion du Nazinon, afin de vous permettre de mieux conna\u00eetre ce territoire frontalier importante de notre pays, le Burkina Faso.<\/p><p>En parcourant ce portail, vous d\u00e9couvrirez une r\u00e9gion aux multiples potentialit\u00e9s, port\u00e9e par une population accueillante, fi\u00e8re de ses valeurs et r\u00e9solument tourn\u00e9e vers l\u2019avenir.<\/p><p>La r\u00e9gion du Nazinon demeure ouverte \u00e0 toute collaboration et \u00e0 des partenariats constructifs, dans l\u2019objectif de renforcer son attractivit\u00e9, sa visibilit\u00e9 et de faire de son territoire un p\u00f4le de d\u00e9veloppement durable et de prosp\u00e9rit\u00e9 partag\u00e9e.<\/p><p>Je vous remercie de votre visite et vous souhaite une excellente navigation.<\/p>\t\t\t\t\t\t\t\t<\/div>\n\t\t\t\t<\/div>\n\t\t\t\t<\/div>\n\t\t\t\t\t<\/div>\n\t\t\t\t<\/div>\n\t\t\t\t<\/div>\n\t\t","protected":false},"excerpt":{"rendered":"<p>Madame Massadalo Yvette NACOULMA\/SANOU Mot de bienvenue du Gouverneur Chers Internautes, Utilisateurs et Usagers, Soyez les bienvenus sur le portail officiel de la r\u00e9gion du Nazinon. C\u2019est avec un r\u00e9el plaisir que je vous accueille sur ce site web, con\u00e7u comme un outil strat\u00e9gique de communication et d\u2019information au service de la R\u00e9gion du Nazinon. [&hellip;]<\/p>\n","protected":false},"author":1,"featured_media":0,"parent":0,"menu_order":0,"comment_status":"closed","ping_status":"open","template":"elementor_header_footer","meta":{"footnotes":""},"class_list":["post-1075","page","type-page","status-publish","hentry"],"aioseo_notices":[],"_links":{"self":[{"href":"https:\/\/portail-regions.gov.bf\/nazinon\/wp-json\/wp\/v2\/pages\/1075","targetHints":{"allow":["GET"]}}],"collection":[{"href":"https:\/\/portail-regions.gov.bf\/nazinon\/wp-json\/wp\/v2\/pages"}],"about":[{"href":"https:\/\/portail-regions.gov.bf\/nazinon\/wp-json\/wp\/v2\/types\/page"}],"author":[{"embeddable":true,"href":"https:\/\/portail-regions.gov.bf\/nazinon\/wp-json\/wp\/v2\/users\/1"}],"replies":[{"embeddable":true,"href":"https:\/\/portail-regions.gov.bf\/nazinon\/wp-json\/wp\/v2\/comments?post=1075"}],"version-history":[{"count":0,"href":"https:\/\/portail-regions.gov.bf\/nazinon\/wp-json\/wp\/v2\/pages\/1075\/revisions"}],"wp:attachment":[{"href":"https:\/\/portail-regions.gov.bf\/nazinon\/wp-json\/wp\/v2\/media?parent=1075"}],"curies":[{"name":"wp","href":"https:\/\/api.w.org\/{rel}","templated":true}]}}