{"id":971,"date":"2026-02-25T09:17:04","date_gmt":"2026-02-25T09:17:04","guid":{"rendered":"https:\/\/portail-regions.gov.bf\/nando\/?page_id=971"},"modified":"2026-02-25T09:46:35","modified_gmt":"2026-02-25T09:46:35","slug":"actualites","status":"publish","type":"page","link":"https:\/\/portail-regions.gov.bf\/nando\/actualites\/","title":{"rendered":"Actualit\u00e9s"},"content":{"rendered":"\t\t<div data-elementor-type=\"wp-page\" data-elementor-id=\"971\" class=\"elementor elementor-971\" data-elementor-post-type=\"page\">\n\t\t\t\t<div data-particle_enable=\"false\" data-particle-mobile-disabled=\"false\" class=\"elementor-element elementor-element-7d35d12 e-flex e-con-boxed e-con e-parent\" data-id=\"7d35d12\" data-element_type=\"container\" data-e-type=\"container\" data-settings=\"{&quot;background_background&quot;:&quot;classic&quot;}\">\n\t\t\t\t\t<div class=\"e-con-inner\">\n\t\t\t\t<div class=\"elementor-element elementor-element-ba1a445 elementor-widget elementor-widget-heading\" data-id=\"ba1a445\" data-element_type=\"widget\" data-e-type=\"widget\" data-widget_type=\"heading.default\">\n\t\t\t\t\t<h2 class=\"elementor-heading-title elementor-size-default\">Actualit\u00e9s<\/h2>\t\t\t\t<\/div>\n\t\t\t\t<div class=\"elementor-element elementor-element-8bbb0ca elementor-widget elementor-widget-eael-breadcrumbs\" data-id=\"8bbb0ca\" data-element_type=\"widget\" data-e-type=\"widget\" data-widget_type=\"eael-breadcrumbs.default\">\n\t\t\t\t<div class=\"elementor-widget-container\">\n\t\t\t\t\t\t\t<div class=\"eael-breadcrumbs\">\n\t\t\t<div class=\"eael-breadcrumbs__content\"><a href=\"https:\/\/portail-regions.gov.bf\/nando\">Accueil<\/a> <span class=\"eael-breadcrumb-separator\">\/<\/span> <span class = \"eael-current\">Page<\/span><\/div>\t\t<\/div>\n\t\t\t\t\t\t<\/div>\n\t\t\t\t<\/div>\n\t\t\t\t\t<\/div>\n\t\t\t\t<\/div>\n\t\t<div data-particle_enable=\"false\" data-particle-mobile-disabled=\"false\" class=\"elementor-element elementor-element-9870239 e-flex e-con-boxed e-con e-parent\" data-id=\"9870239\" data-element_type=\"container\" data-e-type=\"container\">\n\t\t\t\t\t<div class=\"e-con-inner\">\n\t\t\t\t<div class=\"elementor-element elementor-element-c72b4ac elementor-grid-laptop-eael-col-4 elementor-grid-tablet_extra-eael-col-3 elementor-grid-eael-col-4 elementor-grid-tablet-eael-col-2 elementor-grid-mobile-eael-col-1 elementor-widget elementor-widget-eael-post-grid\" data-id=\"c72b4ac\" data-element_type=\"widget\" data-e-type=\"widget\" data-settings=\"{&quot;eael_post_grid_columns_laptop&quot;:&quot;eael-col-4&quot;,&quot;eael_post_grid_columns_tablet_extra&quot;:&quot;eael-col-3&quot;,&quot;eael_post_grid_columns&quot;:&quot;eael-col-4&quot;,&quot;eael_post_grid_columns_tablet&quot;:&quot;eael-col-2&quot;,&quot;eael_post_grid_columns_mobile&quot;:&quot;eael-col-1&quot;}\" data-widget_type=\"eael-post-grid.default\">\n\t\t\t\t\t<div id=\"eael-post-grid-c72b4ac\" class=\"eael-post-grid-container\">\n            <div class=\"eael-post-grid eael-post-appender eael-post-appender-c72b4ac eael-post-grid-style-three\" data-layout-mode=\"masonry\"><article class=\"eael-grid-post  eael-post-grid-column eael-pg-post-1402 category-non-classe\" data-id=\"1402\">\n        <div class=\"eael-grid-post-holder\">\n            <div class=\"eael-grid-post-holder-inner\"><div class=\"eael-entry-wrapper\"><header class=\"eael-entry-header\"><h2 class=\"eael-entry-title\"><a class=\"eael-grid-post-link\" href=\"https:\/\/portail-regions.gov.bf\/nando\/2026\/04\/09\/ka-pulisi-officiellement-lancee-dans-le-nando\/\" title=\"\u00ab K\u00e2 Pulisi \u00bb officiellement lanc\u00e9e  dans le Nando\">\u00ab K\u00e2 Pulisi \u00bb officiellement lanc\u00e9e  dans le Nando<\/a><\/h2><\/header><div class=\"eael-entry-meta\"><span class=\"eael-posted-on\"><time datetime=\"9 avril 2026\">9 avril 2026<\/time><\/span><\/div><div class=\"eael-entry-content\">\n                        <div class=\"eael-grid-post-excerpt\"><a href=\"https:\/\/portail-regions.gov.bf\/nando\/2026\/04\/09\/ka-pulisi-officiellement-lancee-dans-le-nando\/\" class=\"eael-post-elements-readmore-btn\">Lire +<\/a><\/div>\n                    <\/div><\/div><\/div>\n        <\/div>\n    <\/article><article class=\"eael-grid-post  eael-post-grid-column eael-pg-post-1376 category-non-classe\" data-id=\"1376\">\n        <div class=\"eael-grid-post-holder\">\n            <div class=\"eael-grid-post-holder-inner\"><div class=\"eael-entry-wrapper\"><header class=\"eael-entry-header\"><h2 class=\"eael-entry-title\"><a class=\"eael-grid-post-link\" href=\"https:\/\/portail-regions.gov.bf\/nando\/2026\/04\/03\/nando-la-jeunesse-en-ordre-de-marche-pour-la-rpp\/\" title=\"Nando : la jeunesse en ordre de marche pour la RPP.\">Nando : la jeunesse en ordre de marche pour la RPP.<\/a><\/h2><\/header><div class=\"eael-entry-meta\"><span class=\"eael-posted-on\"><time datetime=\"3 avril 2026\">3 avril 2026<\/time><\/span><\/div><div class=\"eael-entry-content\">\n                        <div class=\"eael-grid-post-excerpt\"><a href=\"https:\/\/portail-regions.gov.bf\/nando\/2026\/04\/03\/nando-la-jeunesse-en-ordre-de-marche-pour-la-rpp\/\" class=\"eael-post-elements-readmore-btn\">Lire +<\/a><\/div>\n                    <\/div><\/div><\/div>\n        <\/div>\n    <\/article><article class=\"eael-grid-post  eael-post-grid-column eael-pg-post-1363 category-non-classe\" data-id=\"1363\">\n        <div class=\"eael-grid-post-holder\">\n            <div class=\"eael-grid-post-holder-inner\"><div class=\"eael-entry-wrapper\"><header class=\"eael-entry-header\"><h2 class=\"eael-entry-title\"><a class=\"eael-grid-post-link\" href=\"https:\/\/portail-regions.gov.bf\/nando\/2026\/04\/01\/koudougou-lancement-officiel-du-face-2026-couple-au-championnat-national-des-sports\/\" title=\"Koudougou : lancement officiel du FACE 2026 coupl\u00e9 au Championnat national des sports.\">Koudougou : lancement officiel du FACE 2026 coupl\u00e9 au Championnat national des sports.<\/a><\/h2><\/header><div class=\"eael-entry-meta\"><span class=\"eael-posted-on\"><time datetime=\"1 avril 2026\">1 avril 2026<\/time><\/span><\/div><div class=\"eael-entry-content\">\n                        <div class=\"eael-grid-post-excerpt\"><a href=\"https:\/\/portail-regions.gov.bf\/nando\/2026\/04\/01\/koudougou-lancement-officiel-du-face-2026-couple-au-championnat-national-des-sports\/\" class=\"eael-post-elements-readmore-btn\">Lire +<\/a><\/div>\n                    <\/div><\/div><\/div>\n        <\/div>\n    <\/article><article class=\"eael-grid-post  eael-post-grid-column eael-pg-post-1328 category-non-classe\" data-id=\"1328\">\n        <div class=\"eael-grid-post-holder\">\n            <div class=\"eael-grid-post-holder-inner\"><div class=\"eael-entry-wrapper\"><header class=\"eael-entry-header\"><h2 class=\"eael-entry-title\"><a class=\"eael-grid-post-link\" href=\"https:\/\/portail-regions.gov.bf\/nando\/2026\/04\/01\/lancement-des-jeppc-2026-a-nando-lassiette-comme-arme-de-souverainete\/\" title=\"Lancement des JEPPC 2026 \u00e0 Nando : l\u2019assiette comme arme de souverainet\u00e9.\">Lancement des JEPPC 2026 \u00e0 Nando : l\u2019assiette comme arme de souverainet\u00e9.<\/a><\/h2><\/header><div class=\"eael-entry-meta\"><span class=\"eael-posted-on\"><time datetime=\"1 avril 2026\">1 avril 2026<\/time><\/span><\/div><div class=\"eael-entry-content\">\n                        <div class=\"eael-grid-post-excerpt\"><a href=\"https:\/\/portail-regions.gov.bf\/nando\/2026\/04\/01\/lancement-des-jeppc-2026-a-nando-lassiette-comme-arme-de-souverainete\/\" class=\"eael-post-elements-readmore-btn\">Lire +<\/a><\/div>\n                    <\/div><\/div><\/div>\n        <\/div>\n    <\/article><\/div>\n            <div class=\"clearfix\"><\/div>\n        <\/div>\t\t\t\t<\/div>\n\t\t\t\t\t<\/div>\n\t\t\t\t<\/div>\n\t\t\t\t<\/div>\n\t\t","protected":false},"excerpt":{"rendered":"<p>Actualit\u00e9s Accueil \/ Page Actualit\u00e9 R\u00e9gion des Kouls\u00e9 : La cartographie des acteurs et des interventions en faveur de la r\u00e9silience des populations valid\u00e9e 24 novembre 2025 Lire + Actualit\u00e9 Burkina\u00a0: Plus de 320 hectares de bas-fonds rizicoles am\u00e9nag\u00e9s dans les zones reconquises des Kouls\u00e9, selon Igor Birba 22 octobre 2025 Lire + Actualit\u00e9 Burkina [&hellip;]<\/p>\n","protected":false},"author":1,"featured_media":0,"parent":0,"menu_order":0,"comment_status":"closed","ping_status":"closed","template":"","meta":{"footnotes":""},"class_list":["post-971","page","type-page","status-publish","hentry"],"aioseo_notices":[],"_links":{"self":[{"href":"https:\/\/portail-regions.gov.bf\/nando\/wp-json\/wp\/v2\/pages\/971","targetHints":{"allow":["GET"]}}],"collection":[{"href":"https:\/\/portail-regions.gov.bf\/nando\/wp-json\/wp\/v2\/pages"}],"about":[{"href":"https:\/\/portail-regions.gov.bf\/nando\/wp-json\/wp\/v2\/types\/page"}],"author":[{"embeddable":true,"href":"https:\/\/portail-regions.gov.bf\/nando\/wp-json\/wp\/v2\/users\/1"}],"replies":[{"embeddable":true,"href":"https:\/\/portail-regions.gov.bf\/nando\/wp-json\/wp\/v2\/comments?post=971"}],"version-history":[{"count":34,"href":"https:\/\/portail-regions.gov.bf\/nando\/wp-json\/wp\/v2\/pages\/971\/revisions"}],"predecessor-version":[{"id":1016,"href":"https:\/\/portail-regions.gov.bf\/nando\/wp-json\/wp\/v2\/pages\/971\/revisions\/1016"}],"wp:attachment":[{"href":"https:\/\/portail-regions.gov.bf\/nando\/wp-json\/wp\/v2\/media?parent=971"}],"curies":[{"name":"wp","href":"https:\/\/api.w.org\/{rel}","templated":true}]}}