{"id":897,"date":"2026-02-25T06:02:48","date_gmt":"2026-02-25T06:02:48","guid":{"rendered":"https:\/\/portail-regions.gov.bf\/nando\/?page_id=897"},"modified":"2026-03-15T16:19:22","modified_gmt":"2026-03-15T16:19:22","slug":"tourisme","status":"publish","type":"page","link":"https:\/\/portail-regions.gov.bf\/nando\/tourisme\/","title":{"rendered":"Tourisme"},"content":{"rendered":"\t\t<div data-elementor-type=\"wp-page\" data-elementor-id=\"897\" class=\"elementor elementor-897\" data-elementor-post-type=\"page\">\n\t\t\t\t<div data-particle_enable=\"false\" data-particle-mobile-disabled=\"false\" class=\"elementor-element elementor-element-7d35d12 e-flex e-con-boxed e-con e-parent\" data-id=\"7d35d12\" data-element_type=\"container\" data-e-type=\"container\" data-settings=\"{&quot;background_background&quot;:&quot;classic&quot;}\">\n\t\t\t\t\t<div class=\"e-con-inner\">\n\t\t\t\t<div class=\"elementor-element elementor-element-ba1a445 elementor-widget elementor-widget-heading\" data-id=\"ba1a445\" data-element_type=\"widget\" data-e-type=\"widget\" data-widget_type=\"heading.default\">\n\t\t\t\t\t<h2 class=\"elementor-heading-title elementor-size-default\">Tourisme<\/h2>\t\t\t\t<\/div>\n\t\t\t\t<div class=\"elementor-element elementor-element-8bbb0ca elementor-widget elementor-widget-eael-breadcrumbs\" data-id=\"8bbb0ca\" data-element_type=\"widget\" data-e-type=\"widget\" data-widget_type=\"eael-breadcrumbs.default\">\n\t\t\t\t<div class=\"elementor-widget-container\">\n\t\t\t\t\t\t\t<div class=\"eael-breadcrumbs\">\n\t\t\t<div class=\"eael-breadcrumbs__content\"><a href=\"https:\/\/portail-regions.gov.bf\/nando\">Accueil<\/a> <span class=\"eael-breadcrumb-separator\">\/<\/span> <span class = \"eael-current\">Page<\/span><\/div>\t\t<\/div>\n\t\t\t\t\t\t<\/div>\n\t\t\t\t<\/div>\n\t\t\t\t\t<\/div>\n\t\t\t\t<\/div>\n\t\t<div data-particle_enable=\"false\" data-particle-mobile-disabled=\"false\" class=\"elementor-element elementor-element-25d8739 e-flex e-con-boxed e-con e-parent\" data-id=\"25d8739\" data-element_type=\"container\" data-e-type=\"container\">\n\t\t\t\t\t<div class=\"e-con-inner\">\n\t\t<div data-particle_enable=\"false\" data-particle-mobile-disabled=\"false\" class=\"elementor-element elementor-element-c28698f e-con-full e-flex e-con e-child\" data-id=\"c28698f\" data-element_type=\"container\" data-e-type=\"container\">\n\t\t<div data-particle_enable=\"false\" data-particle-mobile-disabled=\"false\" class=\"elementor-element elementor-element-1be3b9e e-con-full e-flex e-con e-child\" data-id=\"1be3b9e\" data-element_type=\"container\" data-e-type=\"container\" data-settings=\"{&quot;background_background&quot;:&quot;classic&quot;}\">\n\t\t\t\t<div class=\"elementor-element elementor-element-b5fae97 elementor-align-center elementor-icon-list--layout-traditional elementor-list-item-link-full_width elementor-widget elementor-widget-icon-list\" data-id=\"b5fae97\" data-element_type=\"widget\" data-e-type=\"widget\" data-widget_type=\"icon-list.default\">\n\t\t\t\t\t\t\t<ul class=\"elementor-icon-list-items\">\n\t\t\t\t\t\t\t<li class=\"elementor-icon-list-item\">\n\t\t\t\t\t\t\t\t\t\t\t<span class=\"elementor-icon-list-icon\">\n\t\t\t\t\t\t\t<svg aria-hidden=\"true\" class=\"e-font-icon-svg e-fas-luggage-cart\" viewBox=\"0 0 640 512\" xmlns=\"http:\/\/www.w3.org\/2000\/svg\"><path d=\"M224 320h32V96h-32c-17.67 0-32 14.33-32 32v160c0 17.67 14.33 32 32 32zm352-32V128c0-17.67-14.33-32-32-32h-32v224h32c17.67 0 32-14.33 32-32zm48 96H128V16c0-8.84-7.16-16-16-16H16C7.16 0 0 7.16 0 16v32c0 8.84 7.16 16 16 16h48v368c0 8.84 7.16 16 16 16h82.94c-1.79 5.03-2.94 10.36-2.94 16 0 26.51 21.49 48 48 48s48-21.49 48-48c0-5.64-1.15-10.97-2.94-16h197.88c-1.79 5.03-2.94 10.36-2.94 16 0 26.51 21.49 48 48 48s48-21.49 48-48c0-5.64-1.15-10.97-2.94-16H624c8.84 0 16-7.16 16-16v-32c0-8.84-7.16-16-16-16zM480 96V48c0-26.51-21.49-48-48-48h-96c-26.51 0-48 21.49-48 48v272h192V96zm-48 0h-96V48h96v48z\"><\/path><\/svg>\t\t\t\t\t\t<\/span>\n\t\t\t\t\t\t\t\t\t\t<span class=\"elementor-icon-list-text\">Patrimoine culturel<\/span>\n\t\t\t\t\t\t\t\t\t<\/li>\n\t\t\t\t\t\t<\/ul>\n\t\t\t\t\t\t<\/div>\n\t\t\t\t<\/div>\n\t\t\t\t<div class=\"elementor-element elementor-element-4677585 eael-dual-header-content-align-left elementor-widget elementor-widget-eael-dual-color-header\" data-id=\"4677585\" data-element_type=\"widget\" data-e-type=\"widget\" data-widget_type=\"eael-dual-color-header.default\">\n\t\t\t\t\t\t\t\t<div class=\"eael-dual-header\">\n\t\t\t\t<h2 class=\"title eael-dch-title\"><span class=\"eael-dch-title-text eael-dch-title-lead lead solid-color\">Valeurs culturelles de r\u00e9f\u00e9rence<\/span> <span class=\"eael-dch-title-text\"><\/span><\/h2>\t\t\t\t\t<span class=\"subtext\"><p>Les valeurs culturelles de r\u00e9f\u00e9rence dans la r\u00e9gion de Nando sont celles port\u00e9es par les communaut\u00e9s mooses et gourounsis. Ce sont principalement\u00a0:<\/p><ul><li>le respect de l\u2019autorit\u00e9 coutumi\u00e8re\u00a0;<\/li><li>la sacralit\u00e9 de la terre\u00a0;<\/li><li>la solidarit\u00e9 et l\u2019entraide\u00a0;<\/li><li>le respect des anciens et de la hi\u00e9rarchie sociale\u00a0;<\/li><li>la valorisation des rites et des pratiques traditionnelles\u00a0;<\/li><li>la culture du travail et de la dignit\u00e9 ;<\/li><li>la coexistence pacifique e la tol\u00e9rance<\/li><\/ul><\/span>\n\t\t\t\t\t\t\t<\/div>\n\n\t\t\t\t\t\t<\/div>\n\t\t\t\t<div class=\"elementor-element elementor-element-19e9e6e eael-dual-header-content-align-left elementor-widget elementor-widget-eael-dual-color-header\" data-id=\"19e9e6e\" data-element_type=\"widget\" data-e-type=\"widget\" data-widget_type=\"eael-dual-color-header.default\">\n\t\t\t\t\t\t\t\t<div class=\"eael-dual-header\">\n\t\t\t\t<h2 class=\"title eael-dch-title\"><span class=\"eael-dch-title-text eael-dch-title-lead lead solid-color\">Arts et artisanat traditionnel<\/span> <span class=\"eael-dch-title-text\"><\/span><\/h2>\t\t\t\t\t<span class=\"subtext\"><p>Dans, la r\u00e9gion de Nando, l\u2019artisanat n\u2019est pas seulement une activit\u00e9 \u00e9conomique\u00a0: c\u2019est un h\u00e9ritage culturel transmis de g\u00e9n\u00e9ration en g\u00e9n\u00e9ration\u00a0: les principaux domaines artisanaux sont\u00a0:<\/p><ul><li>la poterie\u00a0;<\/li><li>le travail du cuir\u00a0;<\/li><li>la bijouterie artisanale\u00a0;<\/li><li>le textile<\/li><\/ul><\/span>\n\t\t\t\t\t\t\t<\/div>\n\n\t\t\t\t\t\t<\/div>\n\t\t\t\t<div class=\"elementor-element elementor-element-952edf6 eael-dual-header-content-align-left elementor-widget elementor-widget-eael-dual-color-header\" data-id=\"952edf6\" data-element_type=\"widget\" data-e-type=\"widget\" data-widget_type=\"eael-dual-color-header.default\">\n\t\t\t\t\t\t\t\t<div class=\"eael-dual-header\">\n\t\t\t\t<h2 class=\"title eael-dch-title\"><span class=\"eael-dch-title-text eael-dch-title-lead lead solid-color\">Musique et danse traditionnelle<\/span> <span class=\"eael-dch-title-text\"><\/span><\/h2>\t\t\t\t\t<span class=\"subtext\"><p>Les troupes de la r\u00e9gion :<\/p><ul><li>Compagnie Rooggnin-Danse<\/li><li>Troupe SAABA<\/li><li>Les h\u00e9ritiers de l\u2019art<\/li><li>La troupe B\u00e9ogo N\u00e9r\u00e9<\/li><\/ul><\/span>\n\t\t\t\t\t\t\t<\/div>\n\n\t\t\t\t\t\t<\/div>\n\t\t\t\t<div class=\"elementor-element elementor-element-f4dc001 eael-dual-header-content-align-left elementor-widget elementor-widget-eael-dual-color-header\" data-id=\"f4dc001\" data-element_type=\"widget\" data-e-type=\"widget\" data-widget_type=\"eael-dual-color-header.default\">\n\t\t\t\t\t\t\t\t<div class=\"eael-dual-header\">\n\t\t\t\t<h2 class=\"title eael-dch-title\"><span class=\"eael-dch-title-text eael-dch-title-lead lead solid-color\">Festivals locaux et \u00e9v\u00e9nements<\/span> <span class=\"eael-dch-title-text\"><\/span><\/h2>\t\t\t<\/div>\n\n\t\t\t\t\t\t<\/div>\n\t\t\t\t<div class=\"elementor-element elementor-element-1e17123 elementor-widget elementor-widget-eael-advanced-data-table\" data-id=\"1e17123\" data-element_type=\"widget\" data-e-type=\"widget\" data-widget_type=\"eael-advanced-data-table.default\">\n\t\t\t\t\t<div class=\"ea-advanced-data-table-wrap\" data-id=\"1e17123\"><div class=\"ea-advanced-data-table-search-wrap ea-advanced-data-table-search-right\"><input type=\"search\" placeholder=\"Rechercher\" class=\"ea-advanced-data-table-search\"><\/div><div class=\"ea-advanced-data-table-wrap-inner\">\n                <table class=\"ea-advanced-data-table ea-advanced-data-table-csv ea-advanced-data-table-1e17123 ea-advanced-data-table-sortable ea-advanced-data-table-paginated ea-advanced-data-table-searchable\" data-id=\"1e17123\" data-items-per-page=\"10\"><thead><tr><th>N\u00b0<\/th><th>     Ev\u00e8nements Culturels<\/th><th>Lieu<\/th><th>Promoteur<\/th><th>  Adresse<\/th><\/tr><\/thead><tbody><tr><td>1<\/td><td>Les Nuits Atypiques de Koudougou (NAK)<\/td><td>Koudougou\/boulkiemd\u00e9<\/td><td>Association Bneebnooma<\/td><td>50. 44.03.87<\/td><\/tr><tr><td>2<\/td><td>Top Vacances- Culture- Sant\u00e9(Koudougou)<\/td><td>Koudougou\/ boulkiemd\u00e9<\/td><td>Junior Production<\/td><td>70.18.71.72<\/td><\/tr><tr><td>3<\/td><td>Les Journ\u00e9es Communautaires de l\u2019Int\u00e9gration au Boulkiemd\u00e9<\/td><td>Koudougou \/boulkiemd\u00e9<\/td><td>Association Culture Sans Fronti\u00e8re <\/td><td>50.44.05.40<\/td><\/tr><tr><td>4<\/td><td>Face \u00e0 Face (Concours artistique Inter-Etablissement de Koudougou)<\/td><td>Koudougou\/ boulkiemd\u00e9<\/td><td>KABORE Gagr\u00e9<\/td><td><\/td><\/tr><tr><td>5<\/td><td>Festival du Rire et de l\u2019Humour de Koudougou<\/td><td>Koudougou\/ boulkiemd\u00e9<\/td><td>Groupe artistque  ancien<\/td><td>70.99.67.48<\/td><\/tr><tr><td>6<\/td><td>Festival Musica Cit\u00e9 de Koudougou<\/td><td>Koudougou \/boulkiemd\u00e9<\/td><td>Cit\u00e9e des Arts de  Koudougou<\/td><td>70.23.26.49<\/td><\/tr><tr><td>7<\/td><td>Festival de Danse et de Musique Traditionnelle de Sabou (FESTISAB)<\/td><td>Sabou boulkiemd\u00e9<\/td><td>Alassane<\/td><td>70.00.02.02 \/ 76.60.51.51<\/td><\/tr><tr><td>8<\/td><td>Les retrouvailles<\/td><td>Reo \/Sangui\u00e9<\/td><td>BATIONO Gildas<\/td><td>          70 34 86 37<\/td><\/tr><tr><td>9<\/td><td>Festival Olympique du Monde Rural de Didyr<\/td><td>Didyr\/sangui\u00e9<\/td><td>BADIEL Armand<\/td><td>72.03.05.04<\/td><\/tr><tr><td>10<\/td><td>Festival des Masques de Pouni<\/td><td>Pouni\/sangui\u00e9<\/td><td>IDO B Jean Pierre<\/td><td>76.67.12.47\/74 80 37 11 66<\/td><\/tr><tr><td>11<\/td><td>Festival Binon<\/td><td>Reo\/Sangui\u00e9<\/td><td>BAZIO Augustin <\/td><td>70.06.77.66<\/td><\/tr><tr><td>12<\/td><td>Festival du Potier de Bourou(Sabou)<\/td><td>Sabou\/ boulkiemd\u00e9<\/td><td>ZOUGRANA Jeremie<\/td><td>70.99.86.19<\/td><\/tr><tr><td>13<\/td><td>Festival   Wir\u00e9 de Imasgho<\/td><td>Imasgho\/ boulkiemd\u00e9<\/td><td>RAMDE S. Julien<\/td><td>70.12.10.52<\/td><\/tr><tr><td>14<\/td><td>Festival de la R\u00e9v\u00e9lation Culturelle et  Artistique du Lyolo (FERECALY)<\/td><td>R\u00e9o\/sangui\u00e9<\/td><td>Abb\u00e9 Moderat<\/td><td>70.26.14.95<\/td><\/tr><tr><td>15<\/td><td>Festival Nuni de L\u00e9o (FESTINUNI)<\/td><td>L\u00e9o\/sissili<\/td><td>Association pour l\u2019entraide et la promotion de la jeyunesse de la Sissili (AEPJS)<\/td><td>70 34 04 08<\/td><\/tr><tr><td>16<\/td><td>Festival de Danse et de Musique Traditionnelle de Nevry (Ziro)<\/td><td>Nevry \/ Sapouy<\/td><td>Association AKDN<\/td><td>76.61.11.99 \/ 70.11.71.92<\/td><\/tr><tr><td>17<\/td><td>Reflet du terroirs<\/td><td>R\u00e9o\/Sangui\u00e9<\/td><td>BAMOUNI Eug\u00e8ne<\/td><td>70 35 25 56<\/td><\/tr><tr><td>18<\/td><td>Festival MUTHECOSS<\/td><td>R\u00e9o\/sangui\u00e9<\/td><td>Association conscience universelle du Sangui\u00e9<\/td><td>71 50 20 62<\/td><\/tr><tr><td>19<\/td><td>Festival de cine\u00a0\u00ab\u00a0 Koudougou doc\u00a0\u00bb<\/td><td>Koudougou\/ boulkiemd\u00e9<\/td><td>Michel ZONGO<\/td><td>78 80 27 78<\/td><\/tr><tr><td><\/td><td><\/td><td><\/td><td><\/td><td><\/td><\/tr><tr><td>20<\/td><td>Festival du terroir traditionnel<\/td><td>Nabadogo\/ boulkiemd\u00e9<\/td><td>ZOUGRANA Jeremie<\/td><td>70.99.86.19<\/td><\/tr><tr><td><\/td><td><\/td><td><\/td><td><\/td><td><\/td><\/tr><tr><td>21<\/td><td>Festival Larl\u00e9 Naaba Ambga<\/td><td>Koudougou\/ boulkiemd\u00e9<\/td><td>Semde Issaka \u00ab\u00a0Tout neuf\u00a0\u00bb<\/td><td>70.69.31.89<\/td><\/tr><tr><td><\/td><td>Festival arc en ciel<\/td><td>Sapouy\/ZIRO<\/td><td>Nikiema georgette<\/td><td>72.46.25.49\/76.54.75.14<\/td><\/tr><tr><td>23<\/td><td>Festival CAES<\/td><td>OUAYOU\/ boulkiemd\u00e9<\/td><td>Gambo Honor\u00e9<\/td><td>79.54.86.87<\/td><\/tr><tr><td>24<\/td><td>Festival Ouayou<\/td><td>Ouayou\/ boulkiemd\u00e9 <\/td><td>Maitre Celly Etienne<\/td><td>70.27.37.71<\/td><\/tr><tr><td><\/td><\/tr><\/tbody><\/table>\n            <\/div><div class=\"ea-advanced-data-table-pagination ea-advanced-data-table-pagination-button clearfix\"><\/div><\/div>\t\t\t\t<\/div>\n\t\t<div data-particle_enable=\"false\" data-particle-mobile-disabled=\"false\" class=\"elementor-element elementor-element-cdb6900 e-con-full e-flex e-con e-child\" data-id=\"cdb6900\" data-element_type=\"container\" data-e-type=\"container\" data-settings=\"{&quot;background_background&quot;:&quot;classic&quot;}\">\n\t\t\t\t<div class=\"elementor-element elementor-element-9ba2a62 elementor-align-center elementor-icon-list--layout-traditional elementor-list-item-link-full_width elementor-widget elementor-widget-icon-list\" data-id=\"9ba2a62\" data-element_type=\"widget\" data-e-type=\"widget\" data-widget_type=\"icon-list.default\">\n\t\t\t\t\t\t\t<ul class=\"elementor-icon-list-items\">\n\t\t\t\t\t\t\t<li class=\"elementor-icon-list-item\">\n\t\t\t\t\t\t\t\t\t\t\t<span class=\"elementor-icon-list-icon\">\n\t\t\t\t\t\t\t<svg aria-hidden=\"true\" class=\"e-font-icon-svg e-fas-luggage-cart\" viewBox=\"0 0 640 512\" xmlns=\"http:\/\/www.w3.org\/2000\/svg\"><path d=\"M224 320h32V96h-32c-17.67 0-32 14.33-32 32v160c0 17.67 14.33 32 32 32zm352-32V128c0-17.67-14.33-32-32-32h-32v224h32c17.67 0 32-14.33 32-32zm48 96H128V16c0-8.84-7.16-16-16-16H16C7.16 0 0 7.16 0 16v32c0 8.84 7.16 16 16 16h48v368c0 8.84 7.16 16 16 16h82.94c-1.79 5.03-2.94 10.36-2.94 16 0 26.51 21.49 48 48 48s48-21.49 48-48c0-5.64-1.15-10.97-2.94-16h197.88c-1.79 5.03-2.94 10.36-2.94 16 0 26.51 21.49 48 48 48s48-21.49 48-48c0-5.64-1.15-10.97-2.94-16H624c8.84 0 16-7.16 16-16v-32c0-8.84-7.16-16-16-16zM480 96V48c0-26.51-21.49-48-48-48h-96c-26.51 0-48 21.49-48 48v272h192V96zm-48 0h-96V48h96v48z\"><\/path><\/svg>\t\t\t\t\t\t<\/span>\n\t\t\t\t\t\t\t\t\t\t<span class=\"elementor-icon-list-text\">Tourisme<\/span>\n\t\t\t\t\t\t\t\t\t<\/li>\n\t\t\t\t\t\t<\/ul>\n\t\t\t\t\t\t<\/div>\n\t\t\t\t<\/div>\n\t\t\t\t<div class=\"elementor-element elementor-element-7b79c9f eael-dual-header-content-align-center elementor-widget elementor-widget-eael-dual-color-header\" data-id=\"7b79c9f\" data-element_type=\"widget\" data-e-type=\"widget\" data-widget_type=\"eael-dual-color-header.default\">\n\t\t\t\t\t\t\t\t<div class=\"eael-dual-header\">\n\t\t\t\t<h2 class=\"title eael-dch-title\"><span class=\"eael-dch-title-text eael-dch-title-lead lead solid-color\">Sites touristiques<\/span> <span class=\"eael-dch-title-text\"><\/span><\/h2>\t\t\t\t\t<span class=\"subtext\"><p>La r\u00e9gion de Nando dispose d\u2019un potentiel touristique robuste et diversifi\u00e9, articul\u00e9 autour de palais royaux, sites sacr\u00e9s, for\u00eats class\u00e9es et mares aux crocodiles.\u00a0 Son patrimoine, \u00e0 la fois historique, religieux et naturel, offre une base solide pour d\u00e9velopper un tourisme identitaire, fond\u00e9 sur l\u2019authenticit\u00e9 des traditions locales. Les principaux enjeux du tourisme dans cette r\u00e9gion sont sa structuration, sa promotion et sa mise en valeur.<\/p><\/span>\n\t\t\t\t\t\t\t<\/div>\n\n\t\t\t\t\t\t<\/div>\n\t\t\t\t<div class=\"elementor-element elementor-element-f99e913 elementor-widget elementor-widget-gallery\" data-id=\"f99e913\" data-element_type=\"widget\" data-e-type=\"widget\" data-settings=\"{&quot;lazyload&quot;:&quot;yes&quot;,&quot;gallery_layout&quot;:&quot;grid&quot;,&quot;columns&quot;:4,&quot;columns_tablet&quot;:2,&quot;columns_mobile&quot;:1,&quot;gap&quot;:{&quot;unit&quot;:&quot;px&quot;,&quot;size&quot;:10,&quot;sizes&quot;:[]},&quot;gap_widescreen&quot;:{&quot;unit&quot;:&quot;px&quot;,&quot;size&quot;:&quot;&quot;,&quot;sizes&quot;:[]},&quot;gap_laptop&quot;:{&quot;unit&quot;:&quot;px&quot;,&quot;size&quot;:10,&quot;sizes&quot;:[]},&quot;gap_tablet_extra&quot;:{&quot;unit&quot;:&quot;px&quot;,&quot;size&quot;:10,&quot;sizes&quot;:[]},&quot;gap_tablet&quot;:{&quot;unit&quot;:&quot;px&quot;,&quot;size&quot;:10,&quot;sizes&quot;:[]},&quot;gap_mobile_extra&quot;:{&quot;unit&quot;:&quot;px&quot;,&quot;size&quot;:10,&quot;sizes&quot;:[]},&quot;gap_mobile&quot;:{&quot;unit&quot;:&quot;px&quot;,&quot;size&quot;:10,&quot;sizes&quot;:[]},&quot;link_to&quot;:&quot;file&quot;,&quot;aspect_ratio&quot;:&quot;3:2&quot;,&quot;overlay_background&quot;:&quot;yes&quot;,&quot;content_hover_animation&quot;:&quot;fade-in&quot;}\" data-widget_type=\"gallery.default\">\n\t\t\t\t\t\t\t\t<div class=\"elementor-gallery__titles-container e--pointer-underline e--animation-fade\" aria-label=\"Gallery filter\">\n\t\t\t\t\n\t\t\t\t\t\t\t\t\t<a class=\"elementor-item elementor-gallery-title\" role=\"button\" tabindex=\"0\" data-gallery-index=\"0\">\n\t\t\t\t\t\t\t\t\t\t\t<\/a>\n\t\t\t\t\t\t\t\t<\/div>\n\t\t\t\t\t<div class=\"elementor-gallery__container\">\n\t\t\t\t\t\t\t<a class=\"e-gallery-item elementor-gallery-item elementor-animated-content\" data-e-gallery-tags=\"0\" href=\"https:\/\/portail-regions.gov.bf\/nando\/wp-content\/uploads\/2026\/03\/Tourisme-1.jpg\" data-elementor-open-lightbox=\"yes\" data-elementor-lightbox-slideshow=\"f99e913\" data-elementor-lightbox-title=\"Tourisme 1\" data-e-action-hash=\"#elementor-action%3Aaction%3Dlightbox%26settings%3DeyJpZCI6MTIzMywidXJsIjoiaHR0cHM6XC9cL3BvcnRhaWwtcmVnaW9ucy5nb3YuYmZcL25hbmRvXC93cC1jb250ZW50XC91cGxvYWRzXC8yMDI2XC8wM1wvVG91cmlzbWUtMS5qcGciLCJzbGlkZXNob3ciOiJmOTllOTEzIn0%3D\">\n\t\t\t\t\t<div class=\"e-gallery-image elementor-gallery-item__image\" data-thumbnail=\"https:\/\/portail-regions.gov.bf\/nando\/wp-content\/uploads\/2026\/03\/Tourisme-1.jpg\" data-width=\"300\" data-height=\"225\" aria-label=\"\" role=\"img\" ><\/div>\n\t\t\t\t\t\t\t\t\t\t\t<div class=\"elementor-gallery-item__overlay\"><\/div>\n\t\t\t\t\t\t\t\t\t\t\t\t\t\t<\/a>\n\t\t\t\t\t\t\t<a class=\"e-gallery-item elementor-gallery-item elementor-animated-content\" data-e-gallery-tags=\"0\" href=\"https:\/\/portail-regions.gov.bf\/nando\/wp-content\/uploads\/2026\/03\/Tourisme-2.jpg\" data-elementor-open-lightbox=\"yes\" data-elementor-lightbox-slideshow=\"f99e913\" data-elementor-lightbox-title=\"Tourisme 2\" data-e-action-hash=\"#elementor-action%3Aaction%3Dlightbox%26settings%3DeyJpZCI6MTIzNCwidXJsIjoiaHR0cHM6XC9cL3BvcnRhaWwtcmVnaW9ucy5nb3YuYmZcL25hbmRvXC93cC1jb250ZW50XC91cGxvYWRzXC8yMDI2XC8wM1wvVG91cmlzbWUtMi5qcGciLCJzbGlkZXNob3ciOiJmOTllOTEzIn0%3D\">\n\t\t\t\t\t<div class=\"e-gallery-image elementor-gallery-item__image\" data-thumbnail=\"https:\/\/portail-regions.gov.bf\/nando\/wp-content\/uploads\/2026\/03\/Tourisme-2.jpg\" data-width=\"300\" data-height=\"225\" aria-label=\"\" role=\"img\" ><\/div>\n\t\t\t\t\t\t\t\t\t\t\t<div class=\"elementor-gallery-item__overlay\"><\/div>\n\t\t\t\t\t\t\t\t\t\t\t\t\t\t<\/a>\n\t\t\t\t\t\t\t<a class=\"e-gallery-item elementor-gallery-item elementor-animated-content\" data-e-gallery-tags=\"0\" href=\"https:\/\/portail-regions.gov.bf\/nando\/wp-content\/uploads\/2026\/03\/Tourisme-3.jpg\" data-elementor-open-lightbox=\"yes\" data-elementor-lightbox-slideshow=\"f99e913\" data-elementor-lightbox-title=\"Tourisme 3\" data-e-action-hash=\"#elementor-action%3Aaction%3Dlightbox%26settings%3DeyJpZCI6MTIzNSwidXJsIjoiaHR0cHM6XC9cL3BvcnRhaWwtcmVnaW9ucy5nb3YuYmZcL25hbmRvXC93cC1jb250ZW50XC91cGxvYWRzXC8yMDI2XC8wM1wvVG91cmlzbWUtMy5qcGciLCJzbGlkZXNob3ciOiJmOTllOTEzIn0%3D\">\n\t\t\t\t\t<div class=\"e-gallery-image elementor-gallery-item__image\" data-thumbnail=\"https:\/\/portail-regions.gov.bf\/nando\/wp-content\/uploads\/2026\/03\/Tourisme-3.jpg\" data-width=\"300\" data-height=\"225\" aria-label=\"\" role=\"img\" ><\/div>\n\t\t\t\t\t\t\t\t\t\t\t<div class=\"elementor-gallery-item__overlay\"><\/div>\n\t\t\t\t\t\t\t\t\t\t\t\t\t\t<\/a>\n\t\t\t\t\t\t\t<a class=\"e-gallery-item elementor-gallery-item elementor-animated-content\" data-e-gallery-tags=\"0\" href=\"https:\/\/portail-regions.gov.bf\/nando\/wp-content\/uploads\/2026\/03\/Tourisme-4.jpg\" data-elementor-open-lightbox=\"yes\" data-elementor-lightbox-slideshow=\"f99e913\" data-elementor-lightbox-title=\"Tourisme 4\" data-e-action-hash=\"#elementor-action%3Aaction%3Dlightbox%26settings%3DeyJpZCI6MTIzNiwidXJsIjoiaHR0cHM6XC9cL3BvcnRhaWwtcmVnaW9ucy5nb3YuYmZcL25hbmRvXC93cC1jb250ZW50XC91cGxvYWRzXC8yMDI2XC8wM1wvVG91cmlzbWUtNC5qcGciLCJzbGlkZXNob3ciOiJmOTllOTEzIn0%3D\">\n\t\t\t\t\t<div class=\"e-gallery-image elementor-gallery-item__image\" data-thumbnail=\"https:\/\/portail-regions.gov.bf\/nando\/wp-content\/uploads\/2026\/03\/Tourisme-4.jpg\" data-width=\"300\" data-height=\"225\" aria-label=\"\" role=\"img\" ><\/div>\n\t\t\t\t\t\t\t\t\t\t\t<div class=\"elementor-gallery-item__overlay\"><\/div>\n\t\t\t\t\t\t\t\t\t\t\t\t\t\t<\/a>\n\t\t\t\t\t<\/div>\n\t\t\t\t\t<\/div>\n\t\t\t\t<div class=\"elementor-element elementor-element-895fc11 elementor-mobile-align-center elementor-align-center elementor-widget elementor-widget-button\" data-id=\"895fc11\" data-element_type=\"widget\" data-e-type=\"widget\" data-widget_type=\"button.default\">\n\t\t\t\t\t\t\t\t\t\t<a class=\"elementor-button elementor-button-link elementor-size-sm\" href=\"https:\/\/portail-regions.gov.bf\/nando\/sites-touristiques\/\" target=\"_blank\">\n\t\t\t\t\t\t<span class=\"elementor-button-content-wrapper\">\n\t\t\t\t\t\t\t\t\t<span class=\"elementor-button-text\">Voir plus de sites<\/span>\n\t\t\t\t\t<\/span>\n\t\t\t\t\t<\/a>\n\t\t\t\t\t\t\t\t<\/div>\n\t\t\t\t<\/div>\n\t\t\t\t\t<\/div>\n\t\t\t\t<\/div>\n\t\t\t\t<\/div>\n\t\t","protected":false},"excerpt":{"rendered":"<p>Tourisme Accueil \/ Page Patrimoine culturel Valeurs culturelles de r\u00e9f\u00e9rence Les valeurs culturelles de r\u00e9f\u00e9rence dans la r\u00e9gion de Nando sont celles port\u00e9es par les communaut\u00e9s mooses et gourounsis. Ce sont principalement\u00a0: le respect de l\u2019autorit\u00e9 coutumi\u00e8re\u00a0; la sacralit\u00e9 de la terre\u00a0; la solidarit\u00e9 et l\u2019entraide\u00a0; le respect des anciens et de la hi\u00e9rarchie sociale\u00a0; [&hellip;]<\/p>\n","protected":false},"author":1,"featured_media":0,"parent":0,"menu_order":0,"comment_status":"closed","ping_status":"closed","template":"","meta":{"footnotes":""},"class_list":["post-897","page","type-page","status-publish","hentry"],"aioseo_notices":[],"_links":{"self":[{"href":"https:\/\/portail-regions.gov.bf\/nando\/wp-json\/wp\/v2\/pages\/897","targetHints":{"allow":["GET"]}}],"collection":[{"href":"https:\/\/portail-regions.gov.bf\/nando\/wp-json\/wp\/v2\/pages"}],"about":[{"href":"https:\/\/portail-regions.gov.bf\/nando\/wp-json\/wp\/v2\/types\/page"}],"author":[{"embeddable":true,"href":"https:\/\/portail-regions.gov.bf\/nando\/wp-json\/wp\/v2\/users\/1"}],"replies":[{"embeddable":true,"href":"https:\/\/portail-regions.gov.bf\/nando\/wp-json\/wp\/v2\/comments?post=897"}],"version-history":[{"count":25,"href":"https:\/\/portail-regions.gov.bf\/nando\/wp-json\/wp\/v2\/pages\/897\/revisions"}],"predecessor-version":[{"id":1281,"href":"https:\/\/portail-regions.gov.bf\/nando\/wp-json\/wp\/v2\/pages\/897\/revisions\/1281"}],"wp:attachment":[{"href":"https:\/\/portail-regions.gov.bf\/nando\/wp-json\/wp\/v2\/media?parent=897"}],"curies":[{"name":"wp","href":"https:\/\/api.w.org\/{rel}","templated":true}]}}