{"id":1256,"date":"2026-03-11T00:56:31","date_gmt":"2026-03-11T00:56:31","guid":{"rendered":"https:\/\/portail-regions.gov.bf\/nando\/?page_id=1256"},"modified":"2026-03-11T00:56:37","modified_gmt":"2026-03-11T00:56:37","slug":"mot-de-bienvenue","status":"publish","type":"page","link":"https:\/\/portail-regions.gov.bf\/nando\/mot-de-bienvenue\/","title":{"rendered":"Mot de bienvenue"},"content":{"rendered":"\t\t<div data-elementor-type=\"wp-page\" data-elementor-id=\"1256\" class=\"elementor elementor-1256\" data-elementor-post-type=\"page\">\n\t\t\t\t<div data-particle_enable=\"false\" data-particle-mobile-disabled=\"false\" class=\"elementor-element elementor-element-b0596ef e-flex e-con-boxed e-con e-parent\" data-id=\"b0596ef\" data-element_type=\"container\" data-e-type=\"container\" data-settings=\"{&quot;background_background&quot;:&quot;classic&quot;}\">\n\t\t\t\t\t<div class=\"e-con-inner\">\n\t\t<div data-particle_enable=\"false\" data-particle-mobile-disabled=\"false\" class=\"elementor-element elementor-element-2396c0f e-con-full e-flex e-con e-child\" data-id=\"2396c0f\" data-element_type=\"container\" data-e-type=\"container\">\n\t\t<div data-particle_enable=\"false\" data-particle-mobile-disabled=\"false\" class=\"elementor-element elementor-element-1030c0b e-con-full e-flex e-con e-child\" data-id=\"1030c0b\" data-element_type=\"container\" data-e-type=\"container\" data-settings=\"{&quot;background_background&quot;:&quot;classic&quot;}\">\n\t\t\t\t<div class=\"elementor-element elementor-element-7b02458 elementor-widget elementor-widget-heading\" data-id=\"7b02458\" data-element_type=\"widget\" data-e-type=\"widget\" data-widget_type=\"heading.default\">\n\t\t\t\t\t<h2 class=\"elementor-heading-title elementor-size-default\">Monsieur Adama Jean Yves BERE<\/h2>\t\t\t\t<\/div>\n\t\t\t\t<div class=\"elementor-element elementor-element-114ba61 elementor-widget elementor-widget-image\" data-id=\"114ba61\" data-element_type=\"widget\" data-e-type=\"widget\" data-widget_type=\"image.default\">\n\t\t\t\t\t\t\t\t\t\t\t\t\t\t\t<img fetchpriority=\"high\" decoding=\"async\" width=\"344\" height=\"434\" src=\"https:\/\/portail-regions.gov.bf\/nando\/wp-content\/uploads\/2026\/03\/Gouverneur-Nando.jpg\" class=\"attachment-large size-large wp-image-1056\" alt=\"\" \/>\t\t\t\t\t\t\t\t\t\t\t\t\t\t\t<\/div>\n\t\t\t\t<\/div>\n\t\t<div data-particle_enable=\"false\" data-particle-mobile-disabled=\"false\" class=\"elementor-element elementor-element-a869a81 e-con-full e-flex e-con e-child\" data-id=\"a869a81\" data-element_type=\"container\" data-e-type=\"container\">\n\t\t\t\t<div class=\"elementor-element elementor-element-4bb5b42 elementor-widget elementor-widget-heading\" data-id=\"4bb5b42\" data-element_type=\"widget\" data-e-type=\"widget\" data-widget_type=\"heading.default\">\n\t\t\t\t\t<h2 class=\"elementor-heading-title elementor-size-default\">Mot de bienvenue du Gouverneur<\/h2>\t\t\t\t<\/div>\n\t\t\t\t<div class=\"elementor-element elementor-element-3ab8029 elementor-widget elementor-widget-text-editor\" data-id=\"3ab8029\" data-element_type=\"widget\" data-e-type=\"widget\" data-widget_type=\"text-editor.default\">\n\t\t\t\t\t\t\t\t\t<p><em>Chers internautes, chers partenaires, ch\u00e8res populations,<\/em><\/p><p>\u200bC\u2019est avec une immense fiert\u00e9 que je vous accueille sur le portail num\u00e9rique officiel de la r\u00e9gion de Nando, une terre d\u2019histoire et d\u2019opportunit\u00e9s au c\u0153ur du Burkina Faso.<\/p><p>Id\u00e9alement situ\u00e9e au carrefour des grands axes d\u2019\u00e9changes nationaux et internationaux, notre r\u00e9gion constitue un passage oblig\u00e9 en partant de la r\u00e9gion du Kadiogo vers celles du Bankui, du Sourou, du Guiriko et du Dj\u00f4r\u00f4, via des routes nationales dont les principales sont les nationales n\u00b01 et n\u00b014.<\/p><p>Elle est aussi travers\u00e9e par la voie ferr\u00e9e Abidjan-Niger<\/p><p>De la fertilit\u00e9 de nos terres agro-sylvo-pastorales, \u00e0 la richesse de notre sous-sol minier, en passant par vari\u00e9t\u00e9 de nos potentialit\u00e9s culturelles et touristiques et le savoir-faire de nos artisans, la r\u00e9gion de Nando se pr\u00e9sente comme un vivier d\u2019opportunit\u00e9s qui n\u2019attend que vos apports pour \u00eatre fructifi\u00e9es.<\/p><p>Ce portail est votre outil\u00a0: que vous soyez un op\u00e9rateur \u00e9conomique en qu\u00eate de d\u00e9bouch\u00e9s, un Burkinab\u00e8 de la diaspora d\u00e9sireux de contribuer \u00e0 l&rsquo;\u00e9difice de sa Nation, ou un citoyen cherchant \u00e0 s&rsquo;informer, vous trouverez ici les ressources n\u00e9cessaires pour vous orienter.<\/p><p>Plus qu\u2019une interface num\u00e9rique, ce portail se veut le miroir d\u2019une r\u00e9gion en pleine mutation, o\u00f9 la richesse de notre histoire c\u00f4toie l\u2019audace de nos ambitions de d\u00e9veloppement.<\/p><p>Je vous invite \u00e0 explorer les rubriques de ce portail et \u00e0 devenir, vous aussi, les acteurs de notre rayonnement.<\/p><p>\u200b<strong>Bienvenue chez vous, dans la r\u00e9gion de Nando !<\/strong><\/p>\t\t\t\t\t\t\t\t<\/div>\n\t\t\t\t<\/div>\n\t\t\t\t<\/div>\n\t\t\t\t\t<\/div>\n\t\t\t\t<\/div>\n\t\t\t\t<\/div>\n\t\t","protected":false},"excerpt":{"rendered":"<p>Monsieur Adama Jean Yves BERE Mot de bienvenue du Gouverneur Chers internautes, chers partenaires, ch\u00e8res populations, \u200bC\u2019est avec une immense fiert\u00e9 que je vous accueille sur le portail num\u00e9rique officiel de la r\u00e9gion de Nando, une terre d\u2019histoire et d\u2019opportunit\u00e9s au c\u0153ur du Burkina Faso. Id\u00e9alement situ\u00e9e au carrefour des grands axes d\u2019\u00e9changes nationaux et [&hellip;]<\/p>\n","protected":false},"author":1,"featured_media":0,"parent":0,"menu_order":0,"comment_status":"closed","ping_status":"open","template":"elementor_header_footer","meta":{"footnotes":""},"class_list":["post-1256","page","type-page","status-publish","hentry"],"aioseo_notices":[],"_links":{"self":[{"href":"https:\/\/portail-regions.gov.bf\/nando\/wp-json\/wp\/v2\/pages\/1256","targetHints":{"allow":["GET"]}}],"collection":[{"href":"https:\/\/portail-regions.gov.bf\/nando\/wp-json\/wp\/v2\/pages"}],"about":[{"href":"https:\/\/portail-regions.gov.bf\/nando\/wp-json\/wp\/v2\/types\/page"}],"author":[{"embeddable":true,"href":"https:\/\/portail-regions.gov.bf\/nando\/wp-json\/wp\/v2\/users\/1"}],"replies":[{"embeddable":true,"href":"https:\/\/portail-regions.gov.bf\/nando\/wp-json\/wp\/v2\/comments?post=1256"}],"version-history":[{"count":1,"href":"https:\/\/portail-regions.gov.bf\/nando\/wp-json\/wp\/v2\/pages\/1256\/revisions"}],"predecessor-version":[{"id":1257,"href":"https:\/\/portail-regions.gov.bf\/nando\/wp-json\/wp\/v2\/pages\/1256\/revisions\/1257"}],"wp:attachment":[{"href":"https:\/\/portail-regions.gov.bf\/nando\/wp-json\/wp\/v2\/media?parent=1256"}],"curies":[{"name":"wp","href":"https:\/\/api.w.org\/{rel}","templated":true}]}}