{"id":1230,"date":"2026-03-10T18:39:27","date_gmt":"2026-03-10T18:39:27","guid":{"rendered":"https:\/\/portail-regions.gov.bf\/nando\/?page_id=1230"},"modified":"2026-03-24T13:17:15","modified_gmt":"2026-03-24T13:17:15","slug":"sites-touristiques","status":"publish","type":"page","link":"https:\/\/portail-regions.gov.bf\/nando\/sites-touristiques\/","title":{"rendered":"Sites touristiques"},"content":{"rendered":"\t\t<div data-elementor-type=\"wp-page\" data-elementor-id=\"1230\" class=\"elementor elementor-1230\" data-elementor-post-type=\"page\">\n\t\t\t\t<div data-particle_enable=\"false\" data-particle-mobile-disabled=\"false\" class=\"elementor-element elementor-element-7d35d12 e-flex e-con-boxed e-con e-parent\" data-id=\"7d35d12\" data-element_type=\"container\" data-e-type=\"container\" data-settings=\"{&quot;background_background&quot;:&quot;classic&quot;}\">\n\t\t\t\t\t<div class=\"e-con-inner\">\n\t\t\t\t<div class=\"elementor-element elementor-element-ba1a445 elementor-widget elementor-widget-heading\" data-id=\"ba1a445\" data-element_type=\"widget\" data-e-type=\"widget\" data-widget_type=\"heading.default\">\n\t\t\t\t\t<h2 class=\"elementor-heading-title elementor-size-default\">Sites touristiques<\/h2>\t\t\t\t<\/div>\n\t\t\t\t<div class=\"elementor-element elementor-element-8bbb0ca elementor-widget elementor-widget-eael-breadcrumbs\" data-id=\"8bbb0ca\" data-element_type=\"widget\" data-e-type=\"widget\" data-widget_type=\"eael-breadcrumbs.default\">\n\t\t\t\t<div class=\"elementor-widget-container\">\n\t\t\t\t\t\t\t<div class=\"eael-breadcrumbs\">\n\t\t\t<div class=\"eael-breadcrumbs__content\"><a href=\"https:\/\/portail-regions.gov.bf\/nando\">Accueil<\/a> <span class=\"eael-breadcrumb-separator\">\/<\/span> <span class = \"eael-current\">Page<\/span><\/div>\t\t<\/div>\n\t\t\t\t\t\t<\/div>\n\t\t\t\t<\/div>\n\t\t\t\t\t<\/div>\n\t\t\t\t<\/div>\n\t\t<div data-particle_enable=\"false\" data-particle-mobile-disabled=\"false\" class=\"elementor-element elementor-element-34b60c6 e-flex e-con-boxed e-con e-parent\" data-id=\"34b60c6\" data-element_type=\"container\" data-e-type=\"container\">\n\t\t\t\t\t<div class=\"e-con-inner\">\n\t\t<div data-particle_enable=\"false\" data-particle-mobile-disabled=\"false\" class=\"elementor-element elementor-element-d5529ff e-con-full e-flex e-con e-child\" data-id=\"d5529ff\" data-element_type=\"container\" data-e-type=\"container\">\n\t\t\t\t<div class=\"elementor-element elementor-element-dfaf6bc elementor-widget elementor-widget-image\" data-id=\"dfaf6bc\" data-element_type=\"widget\" data-e-type=\"widget\" data-widget_type=\"image.default\">\n\t\t\t\t\t\t\t\t\t\t\t\t<figure class=\"wp-caption\">\n\t\t\t\t\t\t\t\t\t\t<img fetchpriority=\"high\" decoding=\"async\" width=\"800\" height=\"600\" src=\"https:\/\/portail-regions.gov.bf\/nando\/wp-content\/uploads\/2026\/03\/Tourisme-1.jpg\" class=\"attachment-large size-large wp-image-1233\" alt=\"\" \/>\t\t\t\t\t\t\t\t\t\t\t<figcaption class=\"widget-image-caption wp-caption-text\"> St\u00e8le de l\u2019Universit\u00e9 Norbert ZONGO<\/figcaption>\n\t\t\t\t\t\t\t\t\t\t<\/figure>\n\t\t\t\t\t\t\t\t\t<\/div>\n\t\t\t\t<\/div>\n\t\t<div data-particle_enable=\"false\" data-particle-mobile-disabled=\"false\" class=\"elementor-element elementor-element-055f3ec e-con-full e-flex e-con e-child\" data-id=\"055f3ec\" data-element_type=\"container\" data-e-type=\"container\">\n\t\t\t\t<div class=\"elementor-element elementor-element-9eca606 elementor-drop-cap-yes elementor-drop-cap-view-default elementor-widget elementor-widget-text-editor\" data-id=\"9eca606\" data-element_type=\"widget\" data-e-type=\"widget\" data-settings=\"{&quot;drop_cap&quot;:&quot;yes&quot;}\" data-widget_type=\"text-editor.default\">\n\t\t\t\t\t\t\t\t\t<p><span class=\"elementor-drop-cap\"><span class=\"elementor-drop-cap-letter\">E<\/span><\/span>n m\u00e9moire au journaliste Norbert ZONGO dont l\u2019universit\u00e9 porte le nom depuis le 30 novembre 2017.<\/p><p>La St\u00e8le Norbert ZONGO est un monument \u00e9rig\u00e9 en hommage \u00e0 l\u2019\u00e9minent journaliste investigateur Norbert ZONGO. Sur les deux fa\u00e7ades\u00a0 du monument, sont inscrits la photo du regrett\u00e9 ZONGO, le logo de l\u2019universit\u00e9 Norbert ZONGO, une plume symbolisant la fonction de l\u2019homme en tant qu\u2019homme de lettres. Elle a \u00e9t\u00e9 b\u00e2tie sur une superficie d\u2019environ 10m<sup>2<\/sup>et pr\u00e9sente des fa\u00e7ades longues expos\u00e9es au Nord et au Sud ainsi que des pignons donnant sur l\u2019Est ou l\u2019Ouest.<\/p>\t\t\t\t\t\t\t\t<\/div>\n\t\t\t\t<\/div>\n\t\t\t\t\t<\/div>\n\t\t\t\t<\/div>\n\t\t<div data-particle_enable=\"false\" data-particle-mobile-disabled=\"false\" class=\"elementor-element elementor-element-af11e13 e-flex e-con-boxed e-con e-parent\" data-id=\"af11e13\" data-element_type=\"container\" data-e-type=\"container\">\n\t\t\t\t\t<div class=\"e-con-inner\">\n\t\t<div data-particle_enable=\"false\" data-particle-mobile-disabled=\"false\" class=\"elementor-element elementor-element-78c9d29 e-con-full e-flex e-con e-child\" data-id=\"78c9d29\" data-element_type=\"container\" data-e-type=\"container\">\n\t\t\t\t<div class=\"elementor-element elementor-element-e824ef9 elementor-widget elementor-widget-image\" data-id=\"e824ef9\" data-element_type=\"widget\" data-e-type=\"widget\" data-widget_type=\"image.default\">\n\t\t\t\t\t\t\t\t\t\t\t\t<figure class=\"wp-caption\">\n\t\t\t\t\t\t\t\t\t\t<img decoding=\"async\" width=\"800\" height=\"600\" src=\"https:\/\/portail-regions.gov.bf\/nando\/wp-content\/uploads\/2026\/03\/Tourisme-3.jpg\" class=\"attachment-large size-large wp-image-1235\" alt=\"\" \/>\t\t\t\t\t\t\t\t\t\t\t<figcaption class=\"widget-image-caption wp-caption-text\">Statue du lion<\/figcaption>\n\t\t\t\t\t\t\t\t\t\t<\/figure>\n\t\t\t\t\t\t\t\t\t<\/div>\n\t\t\t\t<\/div>\n\t\t<div data-particle_enable=\"false\" data-particle-mobile-disabled=\"false\" class=\"elementor-element elementor-element-de774dd e-con-full e-flex e-con e-child\" data-id=\"de774dd\" data-element_type=\"container\" data-e-type=\"container\">\n\t\t\t\t<div class=\"elementor-element elementor-element-e56c8ef elementor-drop-cap-yes elementor-drop-cap-view-default elementor-widget elementor-widget-text-editor\" data-id=\"e56c8ef\" data-element_type=\"widget\" data-e-type=\"widget\" data-settings=\"{&quot;drop_cap&quot;:&quot;yes&quot;}\" data-widget_type=\"text-editor.default\">\n\t\t\t\t\t\t\t\t\t<p><span class=\"elementor-drop-cap\"><span class=\"elementor-drop-cap-letter\">L<\/span><\/span>a statue du lion est un monument artificiel sculpt\u00e9 en 2017 par un jeune \u00e9l\u00e8ve du lyc\u00e9e germinal de Koudougou. Situ\u00e9 au secteur 8 dudit lieu, il a \u00e9t\u00e9 r\u00e9alis\u00e9 avec de la terre cuite et emprunte la marque du courage, de la pers\u00e9v\u00e9rance dans la lutte quotidienne pour la survie.<\/p>\t\t\t\t\t\t\t\t<\/div>\n\t\t\t\t<\/div>\n\t\t\t\t\t<\/div>\n\t\t\t\t<\/div>\n\t\t<div data-particle_enable=\"false\" data-particle-mobile-disabled=\"false\" class=\"elementor-element elementor-element-8ce2623 e-flex e-con-boxed e-con e-parent\" data-id=\"8ce2623\" data-element_type=\"container\" data-e-type=\"container\">\n\t\t\t\t\t<div class=\"e-con-inner\">\n\t\t<div data-particle_enable=\"false\" data-particle-mobile-disabled=\"false\" class=\"elementor-element elementor-element-666c67f e-con-full e-flex e-con e-child\" data-id=\"666c67f\" data-element_type=\"container\" data-e-type=\"container\">\n\t\t\t\t<div class=\"elementor-element elementor-element-f0ad3e1 elementor-widget elementor-widget-image\" data-id=\"f0ad3e1\" data-element_type=\"widget\" data-e-type=\"widget\" data-widget_type=\"image.default\">\n\t\t\t\t\t\t\t\t\t\t\t\t<figure class=\"wp-caption\">\n\t\t\t\t\t\t\t\t\t\t<img decoding=\"async\" width=\"800\" height=\"600\" src=\"https:\/\/portail-regions.gov.bf\/nando\/wp-content\/uploads\/2026\/03\/Tourisme-2.jpg\" class=\"attachment-large size-large wp-image-1234\" alt=\"\" \/>\t\t\t\t\t\t\t\t\t\t\t<figcaption class=\"widget-image-caption wp-caption-text\">Palais du chef d\u2019ISSOUKA<\/figcaption>\n\t\t\t\t\t\t\t\t\t\t<\/figure>\n\t\t\t\t\t\t\t\t\t<\/div>\n\t\t\t\t<\/div>\n\t\t<div data-particle_enable=\"false\" data-particle-mobile-disabled=\"false\" class=\"elementor-element elementor-element-90808a1 e-con-full e-flex e-con e-child\" data-id=\"90808a1\" data-element_type=\"container\" data-e-type=\"container\">\n\t\t\t\t<div class=\"elementor-element elementor-element-b622a69 elementor-drop-cap-yes elementor-drop-cap-view-default elementor-widget elementor-widget-text-editor\" data-id=\"b622a69\" data-element_type=\"widget\" data-e-type=\"widget\" data-settings=\"{&quot;drop_cap&quot;:&quot;yes&quot;}\" data-widget_type=\"text-editor.default\">\n\t\t\t\t\t\t\t\t\t<p><span class=\"elementor-drop-cap\"><span class=\"elementor-drop-cap-letter\">L<\/span><\/span>e palais royal est un b\u00e2timent r\u00e9alis\u00e9 en briques de terre battue sur une superficie de 300m<sup>2<\/sup>avec une hauteur de 2,10 m et une \u00e9paisseur de 0,6 m. Il comporte 12 voutes dont deux (02) \u00e9tages, une salle des rois faisant office de salle de r\u00e9union, une salle de conf\u00e9rence sur sa fa\u00e7ade arri\u00e8re et une biblioth\u00e8que Cl\u00e9mence Coll. A ses alentours, y trouvent l\u2019ensemble des statues de taille humaine d\u00e9corant le pourtour de la terrasse.<\/p>\t\t\t\t\t\t\t\t<\/div>\n\t\t\t\t<\/div>\n\t\t\t\t\t<\/div>\n\t\t\t\t<\/div>\n\t\t<div data-particle_enable=\"false\" data-particle-mobile-disabled=\"false\" class=\"elementor-element elementor-element-c253568 e-flex e-con-boxed e-con e-parent\" data-id=\"c253568\" data-element_type=\"container\" data-e-type=\"container\">\n\t\t\t\t\t<div class=\"e-con-inner\">\n\t\t<div data-particle_enable=\"false\" data-particle-mobile-disabled=\"false\" class=\"elementor-element elementor-element-4c8345d e-con-full e-flex e-con e-child\" data-id=\"4c8345d\" data-element_type=\"container\" data-e-type=\"container\">\n\t\t\t\t<div class=\"elementor-element elementor-element-bd2ba5e elementor-widget elementor-widget-image\" data-id=\"bd2ba5e\" data-element_type=\"widget\" data-e-type=\"widget\" data-widget_type=\"image.default\">\n\t\t\t\t\t\t\t\t\t\t\t\t<figure class=\"wp-caption\">\n\t\t\t\t\t\t\t\t\t\t<img loading=\"lazy\" decoding=\"async\" width=\"800\" height=\"600\" src=\"https:\/\/portail-regions.gov.bf\/nando\/wp-content\/uploads\/2026\/03\/Tourisme-4.jpg\" class=\"attachment-large size-large wp-image-1236\" alt=\"\" \/>\t\t\t\t\t\t\t\t\t\t\t<figcaption class=\"widget-image-caption wp-caption-text\">Mus\u00e9e RAYIMI<\/figcaption>\n\t\t\t\t\t\t\t\t\t\t<\/figure>\n\t\t\t\t\t\t\t\t\t<\/div>\n\t\t\t\t<\/div>\n\t\t<div data-particle_enable=\"false\" data-particle-mobile-disabled=\"false\" class=\"elementor-element elementor-element-7c1cc91 e-con-full e-flex e-con e-child\" data-id=\"7c1cc91\" data-element_type=\"container\" data-e-type=\"container\">\n\t\t\t\t<div class=\"elementor-element elementor-element-d098072 elementor-drop-cap-yes elementor-drop-cap-view-default elementor-widget elementor-widget-text-editor\" data-id=\"d098072\" data-element_type=\"widget\" data-e-type=\"widget\" data-settings=\"{&quot;drop_cap&quot;:&quot;yes&quot;}\" data-widget_type=\"text-editor.default\">\n\t\t\t\t\t\t\t\t\t<p><span class=\"elementor-drop-cap\"><span class=\"elementor-drop-cap-letter\">L<\/span><\/span>e mus\u00e9 RAYIMI est un ensemble de neuf (09) b\u00e2timents dans une cour de 184 m2, clos sur la partie avant et sur le c\u00f4t\u00e9 sud par une grille et \u00e0 l\u2019arri\u00e8re par les murs des cases en briques de lat\u00e9rite. Avec une surface totale de 320,5 m2 dont 136,5 m2 est d\u00e9di\u00e9e aux expositions, il comprend un b\u00e2timent dit principal qui abrite une collection de photographies du d\u00e9but du XXe si\u00e8cle, des maisons en banco de style gurunsi. Outre ce b\u00e2timent, il comprend une grande case dans laquelle sont expos\u00e9es plusieurs collections de masques, d\u2019armes, d\u2019instruments de musiques, de parures de femmes et d\u2019objets usuels. Enfin, il comprend une petite case qui parle des personnages importants du quartier d\u2019ISSOUKA et un b\u00e2timent d\u00e9di\u00e9 \u00e0 l\u2019histoire du coton de Koudougou.<\/p>\t\t\t\t\t\t\t\t<\/div>\n\t\t\t\t<\/div>\n\t\t\t\t\t<\/div>\n\t\t\t\t<\/div>\n\t\t\t\t<\/div>\n\t\t","protected":false},"excerpt":{"rendered":"<p>Sites touristiques Accueil \/ Page St\u00e8le de l\u2019Universit\u00e9 Norbert ZONGO En m\u00e9moire au journaliste Norbert ZONGO dont l\u2019universit\u00e9 porte le nom depuis le 30 novembre 2017. La St\u00e8le Norbert ZONGO est un monument \u00e9rig\u00e9 en hommage \u00e0 l\u2019\u00e9minent journaliste investigateur Norbert ZONGO. Sur les deux fa\u00e7ades\u00a0 du monument, sont inscrits la photo du regrett\u00e9 ZONGO, [&hellip;]<\/p>\n","protected":false},"author":1,"featured_media":0,"parent":0,"menu_order":0,"comment_status":"closed","ping_status":"closed","template":"","meta":{"footnotes":""},"class_list":["post-1230","page","type-page","status-publish","hentry"],"aioseo_notices":[],"_links":{"self":[{"href":"https:\/\/portail-regions.gov.bf\/nando\/wp-json\/wp\/v2\/pages\/1230","targetHints":{"allow":["GET"]}}],"collection":[{"href":"https:\/\/portail-regions.gov.bf\/nando\/wp-json\/wp\/v2\/pages"}],"about":[{"href":"https:\/\/portail-regions.gov.bf\/nando\/wp-json\/wp\/v2\/types\/page"}],"author":[{"embeddable":true,"href":"https:\/\/portail-regions.gov.bf\/nando\/wp-json\/wp\/v2\/users\/1"}],"replies":[{"embeddable":true,"href":"https:\/\/portail-regions.gov.bf\/nando\/wp-json\/wp\/v2\/comments?post=1230"}],"version-history":[{"count":19,"href":"https:\/\/portail-regions.gov.bf\/nando\/wp-json\/wp\/v2\/pages\/1230\/revisions"}],"predecessor-version":[{"id":1288,"href":"https:\/\/portail-regions.gov.bf\/nando\/wp-json\/wp\/v2\/pages\/1230\/revisions\/1288"}],"wp:attachment":[{"href":"https:\/\/portail-regions.gov.bf\/nando\/wp-json\/wp\/v2\/media?parent=1230"}],"curies":[{"name":"wp","href":"https:\/\/api.w.org\/{rel}","templated":true}]}}