{"id":1211,"date":"2026-03-26T11:53:55","date_gmt":"2026-03-26T11:53:55","guid":{"rendered":"https:\/\/portail-regions.gov.bf\/nakambe\/?page_id=1211"},"modified":"2026-03-26T12:46:19","modified_gmt":"2026-03-26T12:46:19","slug":"sites-touristiques","status":"publish","type":"page","link":"https:\/\/portail-regions.gov.bf\/nakambe\/sites-touristiques\/","title":{"rendered":"Sites touristiques"},"content":{"rendered":"\t\t<div data-elementor-type=\"wp-page\" data-elementor-id=\"1211\" class=\"elementor elementor-1211\" data-elementor-post-type=\"page\">\n\t\t\t\t<div data-particle_enable=\"false\" data-particle-mobile-disabled=\"false\" class=\"elementor-element elementor-element-7d35d12 e-flex e-con-boxed e-con e-parent\" data-id=\"7d35d12\" data-element_type=\"container\" data-e-type=\"container\" data-settings=\"{&quot;background_background&quot;:&quot;classic&quot;}\">\n\t\t\t\t\t<div class=\"e-con-inner\">\n\t\t\t\t<div class=\"elementor-element elementor-element-ba1a445 elementor-widget elementor-widget-heading\" data-id=\"ba1a445\" data-element_type=\"widget\" data-e-type=\"widget\" data-widget_type=\"heading.default\">\n\t\t\t\t\t<h2 class=\"elementor-heading-title elementor-size-default\">Sites touristiques<\/h2>\t\t\t\t<\/div>\n\t\t\t\t<div class=\"elementor-element elementor-element-8bbb0ca elementor-widget elementor-widget-eael-breadcrumbs\" data-id=\"8bbb0ca\" data-element_type=\"widget\" data-e-type=\"widget\" data-widget_type=\"eael-breadcrumbs.default\">\n\t\t\t\t<div class=\"elementor-widget-container\">\n\t\t\t\t\t\t\t<div class=\"eael-breadcrumbs\">\n\t\t\t<div class=\"eael-breadcrumbs__content\"><a href=\"https:\/\/portail-regions.gov.bf\/nakambe\">Accueil<\/a> <span class=\"eael-breadcrumb-separator\">\/<\/span> <span class = \"eael-current\">Page<\/span><\/div>\t\t<\/div>\n\t\t\t\t\t\t<\/div>\n\t\t\t\t<\/div>\n\t\t\t\t\t<\/div>\n\t\t\t\t<\/div>\n\t\t<div data-particle_enable=\"false\" data-particle-mobile-disabled=\"false\" class=\"elementor-element elementor-element-367dfbd e-flex e-con-boxed e-con e-parent\" data-id=\"367dfbd\" data-element_type=\"container\" data-e-type=\"container\">\n\t\t\t\t\t<div class=\"e-con-inner\">\n\t\t<div data-particle_enable=\"false\" data-particle-mobile-disabled=\"false\" class=\"elementor-element elementor-element-dc8e95d e-con-full e-flex e-con e-child\" data-id=\"dc8e95d\" data-element_type=\"container\" data-e-type=\"container\">\n\t\t\t\t<div class=\"elementor-element elementor-element-735af88 elementor-widget elementor-widget-image\" data-id=\"735af88\" data-element_type=\"widget\" data-e-type=\"widget\" data-widget_type=\"image.default\">\n\t\t\t\t\t\t\t\t\t\t\t\t<figure class=\"wp-caption\">\n\t\t\t\t\t\t\t\t\t\t<img fetchpriority=\"high\" decoding=\"async\" width=\"800\" height=\"433\" src=\"https:\/\/portail-regions.gov.bf\/nakambe\/wp-content\/uploads\/2026\/03\/4918deff-f6c2-4109-b3ed-37eb4437370e.jpg\" class=\"attachment-large size-large wp-image-1202\" alt=\"\" \/>\t\t\t\t\t\t\t\t\t\t\t<figcaption class=\"widget-image-caption wp-caption-text\">Le palais royal de Tenkodogo<\/figcaption>\n\t\t\t\t\t\t\t\t\t\t<\/figure>\n\t\t\t\t\t\t\t\t\t<\/div>\n\t\t\t\t<\/div>\n\t\t<div data-particle_enable=\"false\" data-particle-mobile-disabled=\"false\" class=\"elementor-element elementor-element-c07b153 e-con-full e-flex e-con e-child\" data-id=\"c07b153\" data-element_type=\"container\" data-e-type=\"container\">\n\t\t\t\t<div class=\"elementor-element elementor-element-883ae25 elementor-drop-cap-yes elementor-drop-cap-view-default elementor-widget elementor-widget-text-editor\" data-id=\"883ae25\" data-element_type=\"widget\" data-e-type=\"widget\" data-settings=\"{&quot;drop_cap&quot;:&quot;yes&quot;}\" data-widget_type=\"text-editor.default\">\n\t\t\t\t\t\t\t\t\t<p>Le palais royal de Tenkodogo est la r\u00e9sidence traditionnelle du Dima de Zoungrantenga, roi de Tenkodogo. Abritant un hangar traditionnel, il constitue le c\u0153ur symbolique et historique faisant de Tenkodogo l\u2019un des berceaux des soci\u00e9t\u00e9s Mossis dont l\u2019histoire remonte dans les ann\u00e9es 1100. Dans la langue locale, le palais est appel\u00e9 \u00ab\u00a0Na-Yri\u00a0\u00bb.\u00a0 Le Roi et le palais restent des autorit\u00e9s morales, culturelles et sociales importantes pour les populations locales et les communaut\u00e9s environnantes. Il demeure un patrimoine vivant accueillant rites, f\u00eates traditionnelles et \u00e9v\u00e8nements culturels<\/p>\t\t\t\t\t\t\t\t<\/div>\n\t\t\t\t<\/div>\n\t\t\t\t\t<\/div>\n\t\t\t\t<\/div>\n\t\t<div data-particle_enable=\"false\" data-particle-mobile-disabled=\"false\" class=\"elementor-element elementor-element-b0c211a e-flex e-con-boxed e-con e-parent\" data-id=\"b0c211a\" data-element_type=\"container\" data-e-type=\"container\">\n\t\t\t\t\t<div class=\"e-con-inner\">\n\t\t<div data-particle_enable=\"false\" data-particle-mobile-disabled=\"false\" class=\"elementor-element elementor-element-6637fb7 e-con-full e-flex e-con e-child\" data-id=\"6637fb7\" data-element_type=\"container\" data-e-type=\"container\">\n\t\t\t\t<div class=\"elementor-element elementor-element-c353020 elementor-widget elementor-widget-image\" data-id=\"c353020\" data-element_type=\"widget\" data-e-type=\"widget\" data-widget_type=\"image.default\">\n\t\t\t\t\t\t\t\t\t\t\t\t<figure class=\"wp-caption\">\n\t\t\t\t\t\t\t\t\t\t<img decoding=\"async\" width=\"800\" height=\"433\" src=\"https:\/\/portail-regions.gov.bf\/nakambe\/wp-content\/uploads\/2026\/03\/0e3c702e-585b-4719-8360-b38be07c0cf8.jpg\" class=\"attachment-large size-large wp-image-1198\" alt=\"\" \/>\t\t\t\t\t\t\t\t\t\t\t<figcaption class=\"widget-image-caption wp-caption-text\">Le palais royal de Garango<\/figcaption>\n\t\t\t\t\t\t\t\t\t\t<\/figure>\n\t\t\t\t\t\t\t\t\t<\/div>\n\t\t\t\t<\/div>\n\t\t<div data-particle_enable=\"false\" data-particle-mobile-disabled=\"false\" class=\"elementor-element elementor-element-9c3d8c6 e-con-full e-flex e-con e-child\" data-id=\"9c3d8c6\" data-element_type=\"container\" data-e-type=\"container\">\n\t\t\t\t<div class=\"elementor-element elementor-element-d10c223 elementor-drop-cap-yes elementor-drop-cap-view-default elementor-widget elementor-widget-text-editor\" data-id=\"d10c223\" data-element_type=\"widget\" data-e-type=\"widget\" data-settings=\"{&quot;drop_cap&quot;:&quot;yes&quot;}\" data-widget_type=\"text-editor.default\">\n\t\t\t\t\t\t\t\t\t<p>Le palais royal de Garango est un patrimoine culturel bissa situer \u00e0 20 km de Tenkodogo Symbole de l\u2019autorit\u00e9 traditionnelle bissa, il incarne la m\u00e9moire historique et spirituelle de la communaut\u00e9 bissa. Construit en mat\u00e9riaux locaux (terre, bois paille), le palais se distingue par une architecture traditionnelle organis\u00e9e. Il demeure un patrimoine vivant accueillant rites, f\u00eates traditionnelles et \u00e9v\u00e8nements culturels.<\/p>\t\t\t\t\t\t\t\t<\/div>\n\t\t\t\t<\/div>\n\t\t\t\t\t<\/div>\n\t\t\t\t<\/div>\n\t\t<div data-particle_enable=\"false\" data-particle-mobile-disabled=\"false\" class=\"elementor-element elementor-element-b8ead11 e-flex e-con-boxed e-con e-parent\" data-id=\"b8ead11\" data-element_type=\"container\" data-e-type=\"container\">\n\t\t\t\t\t<div class=\"e-con-inner\">\n\t\t<div data-particle_enable=\"false\" data-particle-mobile-disabled=\"false\" class=\"elementor-element elementor-element-dfc3790 e-con-full e-flex e-con e-child\" data-id=\"dfc3790\" data-element_type=\"container\" data-e-type=\"container\">\n\t\t\t\t<div class=\"elementor-element elementor-element-a034e50 elementor-widget elementor-widget-image\" data-id=\"a034e50\" data-element_type=\"widget\" data-e-type=\"widget\" data-widget_type=\"image.default\">\n\t\t\t\t\t\t\t\t\t\t\t\t<figure class=\"wp-caption\">\n\t\t\t\t\t\t\t\t\t\t<img decoding=\"async\" width=\"800\" height=\"433\" src=\"https:\/\/portail-regions.gov.bf\/nakambe\/wp-content\/uploads\/2026\/03\/65921bcc-b3e2-42e0-b52b-5a62d7337715.jpg\" class=\"attachment-large size-large wp-image-1203\" alt=\"\" \/>\t\t\t\t\t\t\t\t\t\t\t<figcaption class=\"widget-image-caption wp-caption-text\">Le cimeti\u00e8re des Rois (Dourtenga).<\/figcaption>\n\t\t\t\t\t\t\t\t\t\t<\/figure>\n\t\t\t\t\t\t\t\t\t<\/div>\n\t\t\t\t<\/div>\n\t\t<div data-particle_enable=\"false\" data-particle-mobile-disabled=\"false\" class=\"elementor-element elementor-element-3f6e803 e-con-full e-flex e-con e-child\" data-id=\"3f6e803\" data-element_type=\"container\" data-e-type=\"container\">\n\t\t\t\t<div class=\"elementor-element elementor-element-1f43a3a elementor-drop-cap-yes elementor-drop-cap-view-default elementor-widget elementor-widget-text-editor\" data-id=\"1f43a3a\" data-element_type=\"widget\" data-e-type=\"widget\" data-settings=\"{&quot;drop_cap&quot;:&quot;yes&quot;}\" data-widget_type=\"text-editor.default\">\n\t\t\t\t\t\t\t\t\t<p>Les cimeti\u00e8res des rois de Dourtenga, situ\u00e9s dans la commune de Dourtenga, dans la province du Koulp\u00e9logo, sont des lieux historiques et culturels majeurs. Ils t\u00e9moignent de l\u2019histoire de la chefferie traditionnelle, des pratiques fun\u00e9raires et de la m\u00e9moire des anc\u00eatres royaux.<\/p>\t\t\t\t\t\t\t\t<\/div>\n\t\t\t\t<\/div>\n\t\t\t\t\t<\/div>\n\t\t\t\t<\/div>\n\t\t<div data-particle_enable=\"false\" data-particle-mobile-disabled=\"false\" class=\"elementor-element elementor-element-88cee25 e-flex e-con-boxed e-con e-parent\" data-id=\"88cee25\" data-element_type=\"container\" data-e-type=\"container\">\n\t\t\t\t\t<div class=\"e-con-inner\">\n\t\t<div data-particle_enable=\"false\" data-particle-mobile-disabled=\"false\" class=\"elementor-element elementor-element-d12d40a e-con-full e-flex e-con e-child\" data-id=\"d12d40a\" data-element_type=\"container\" data-e-type=\"container\">\n\t\t\t\t<div class=\"elementor-element elementor-element-3e989e0 elementor-widget elementor-widget-image\" data-id=\"3e989e0\" data-element_type=\"widget\" data-e-type=\"widget\" data-widget_type=\"image.default\">\n\t\t\t\t\t\t\t\t\t\t\t\t<figure class=\"wp-caption\">\n\t\t\t\t\t\t\t\t\t\t<img loading=\"lazy\" decoding=\"async\" width=\"800\" height=\"433\" src=\"https:\/\/portail-regions.gov.bf\/nakambe\/wp-content\/uploads\/2026\/03\/6d7f6748-3c18-40a7-bf79-961af82bae77.jpg\" class=\"attachment-large size-large wp-image-1200\" alt=\"\" \/>\t\t\t\t\t\t\t\t\t\t\t<figcaption class=\"widget-image-caption wp-caption-text\">Le centre-\u00e9cotouristique de Bagr\u00e9<\/figcaption>\n\t\t\t\t\t\t\t\t\t\t<\/figure>\n\t\t\t\t\t\t\t\t\t<\/div>\n\t\t\t\t<\/div>\n\t\t<div data-particle_enable=\"false\" data-particle-mobile-disabled=\"false\" class=\"elementor-element elementor-element-c131406 e-con-full e-flex e-con e-child\" data-id=\"c131406\" data-element_type=\"container\" data-e-type=\"container\">\n\t\t\t\t<div class=\"elementor-element elementor-element-7c5f694 elementor-drop-cap-yes elementor-drop-cap-view-default elementor-widget elementor-widget-text-editor\" data-id=\"7c5f694\" data-element_type=\"widget\" data-e-type=\"widget\" data-settings=\"{&quot;drop_cap&quot;:&quot;yes&quot;}\" data-widget_type=\"text-editor.default\">\n\t\t\t\t\t\t\t\t\t<p>Situ\u00e9 pr\u00e8s du majestueux barrage de Bagr\u00e9, pr\u00e8s de 50 km de Tenkodogo, ce centre offre aux visiteurs un cadre unique pour explorer la biodiversit\u00e9 locale, profiter des ballades au bord du Lac et participer \u00e0 des activit\u00e9s nautiques. Le centre constitu\u00e9 d\u2019une plage artificielle, d\u2019une piscine et de bungalow, est une destination id\u00e9ale pour un tourisme durable, \u00e9ducatif et convivial, qui allie d\u00e9tente, d\u00e9couverte et engagement pour la nature.<\/p>\t\t\t\t\t\t\t\t<\/div>\n\t\t\t\t<\/div>\n\t\t\t\t\t<\/div>\n\t\t\t\t<\/div>\n\t\t<div data-particle_enable=\"false\" data-particle-mobile-disabled=\"false\" class=\"elementor-element elementor-element-3f175c3 e-flex e-con-boxed e-con e-parent\" data-id=\"3f175c3\" data-element_type=\"container\" data-e-type=\"container\">\n\t\t\t\t\t<div class=\"e-con-inner\">\n\t\t<div data-particle_enable=\"false\" data-particle-mobile-disabled=\"false\" class=\"elementor-element elementor-element-5663681 e-con-full e-flex e-con e-child\" data-id=\"5663681\" data-element_type=\"container\" data-e-type=\"container\">\n\t\t\t\t<div class=\"elementor-element elementor-element-3f1bb49 elementor-widget elementor-widget-image\" data-id=\"3f1bb49\" data-element_type=\"widget\" data-e-type=\"widget\" data-widget_type=\"image.default\">\n\t\t\t\t\t\t\t\t\t\t\t\t<figure class=\"wp-caption\">\n\t\t\t\t\t\t\t\t\t\t<img loading=\"lazy\" decoding=\"async\" width=\"800\" height=\"433\" src=\"https:\/\/portail-regions.gov.bf\/nakambe\/wp-content\/uploads\/2026\/03\/75f0a70e-2e30-4f22-af1f-c3261f7b33a3.jpg\" class=\"attachment-large size-large wp-image-1201\" alt=\"\" \/>\t\t\t\t\t\t\t\t\t\t\t<figcaption class=\"widget-image-caption wp-caption-text\">Le mausol\u00e9e de Naaba Zoungrana<\/figcaption>\n\t\t\t\t\t\t\t\t\t\t<\/figure>\n\t\t\t\t\t\t\t\t\t<\/div>\n\t\t\t\t<\/div>\n\t\t<div data-particle_enable=\"false\" data-particle-mobile-disabled=\"false\" class=\"elementor-element elementor-element-de7fa96 e-con-full e-flex e-con e-child\" data-id=\"de7fa96\" data-element_type=\"container\" data-e-type=\"container\">\n\t\t\t\t<div class=\"elementor-element elementor-element-d2fdd8d elementor-drop-cap-yes elementor-drop-cap-view-default elementor-widget elementor-widget-text-editor\" data-id=\"d2fdd8d\" data-element_type=\"widget\" data-e-type=\"widget\" data-settings=\"{&quot;drop_cap&quot;:&quot;yes&quot;}\" data-widget_type=\"text-editor.default\">\n\t\t\t\t\t\t\t\t\t<p>Le Mausol\u00e9e Naba Zoungrana est un site historique situ\u00e9 \u00e0 Komto\u00e8ga, environ 40 km de Tenkodogo, dans la r\u00e9gion du Nakamb\u00e9, d\u00e9di\u00e9 a la m\u00e9moire de Naba Zoungrana. Il constitue un lieu de m\u00e9moire et de respect des anc\u00eatres refl\u00e9tant la tradition et la culture des mossis. Le mausol\u00e9e est \u00e9galement un espace culturel et spirituel ou se perp\u00e9tuent des c\u00e9r\u00e9monies rituelles symbolisant la continuit\u00e9 du pouvoir traditionnel et la coh\u00e9sion sociale au sein de la communaut\u00e9.<\/p>\t\t\t\t\t\t\t\t<\/div>\n\t\t\t\t<\/div>\n\t\t\t\t\t<\/div>\n\t\t\t\t<\/div>\n\t\t<div data-particle_enable=\"false\" data-particle-mobile-disabled=\"false\" class=\"elementor-element elementor-element-54e8992 e-flex e-con-boxed e-con e-parent\" data-id=\"54e8992\" data-element_type=\"container\" data-e-type=\"container\">\n\t\t\t\t\t<div class=\"e-con-inner\">\n\t\t<div data-particle_enable=\"false\" data-particle-mobile-disabled=\"false\" class=\"elementor-element elementor-element-251bbc0 e-con-full e-flex e-con e-child\" data-id=\"251bbc0\" data-element_type=\"container\" data-e-type=\"container\">\n\t\t\t\t<div class=\"elementor-element elementor-element-48ac68c elementor-widget elementor-widget-image\" data-id=\"48ac68c\" data-element_type=\"widget\" data-e-type=\"widget\" data-widget_type=\"image.default\">\n\t\t\t\t\t\t\t\t\t\t\t\t<figure class=\"wp-caption\">\n\t\t\t\t\t\t\t\t\t\t<img loading=\"lazy\" decoding=\"async\" width=\"800\" height=\"433\" src=\"https:\/\/portail-regions.gov.bf\/nakambe\/wp-content\/uploads\/2026\/03\/a62d5144-acf1-4968-9e96-1687dfd27abc.jpg\" class=\"attachment-large size-large wp-image-1199\" alt=\"\" \/>\t\t\t\t\t\t\t\t\t\t\t<figcaption class=\"widget-image-caption wp-caption-text\">La Cath\u00e9drale Sainte Marie Reine (Tenkodogo) <\/figcaption>\n\t\t\t\t\t\t\t\t\t\t<\/figure>\n\t\t\t\t\t\t\t\t\t<\/div>\n\t\t\t\t<\/div>\n\t\t<div data-particle_enable=\"false\" data-particle-mobile-disabled=\"false\" class=\"elementor-element elementor-element-2ce4e5a e-con-full e-flex e-con e-child\" data-id=\"2ce4e5a\" data-element_type=\"container\" data-e-type=\"container\">\n\t\t\t\t<div class=\"elementor-element elementor-element-4755b2b elementor-drop-cap-yes elementor-drop-cap-view-default elementor-widget elementor-widget-text-editor\" data-id=\"4755b2b\" data-element_type=\"widget\" data-e-type=\"widget\" data-settings=\"{&quot;drop_cap&quot;:&quot;yes&quot;}\" data-widget_type=\"text-editor.default\">\n\t\t\t\t\t\t\t\t\t<p>La cath\u00e9drale sainte marie de Tenkodogo, est le c\u0153ur spirituel du dioc\u00e8se de Tenkodogo. Elle accueille les grandes c\u00e9l\u00e9brations religieuses et les c\u00e9r\u00e9monies dioc\u00e9saines, tout en symbolisant la pr\u00e9sence et l\u2019engagement de l\u2019\u00e9glise catholique dans la commune de Tenkodogo et environnante. Ce lieu de culte est \u00e0 la fois un centre spirituel et un point de rassemblement pour la communaut\u00e9 catholique locale.<\/p>\t\t\t\t\t\t\t\t<\/div>\n\t\t\t\t<\/div>\n\t\t\t\t\t<\/div>\n\t\t\t\t<\/div>\n\t\t<div data-particle_enable=\"false\" data-particle-mobile-disabled=\"false\" class=\"elementor-element elementor-element-32050b6 e-flex e-con-boxed e-con e-parent\" data-id=\"32050b6\" data-element_type=\"container\" data-e-type=\"container\">\n\t\t\t\t\t<div class=\"e-con-inner\">\n\t\t<div data-particle_enable=\"false\" data-particle-mobile-disabled=\"false\" class=\"elementor-element elementor-element-2375a8f e-con-full e-flex e-con e-child\" data-id=\"2375a8f\" data-element_type=\"container\" data-e-type=\"container\">\n\t\t\t\t<div class=\"elementor-element elementor-element-feaec99 elementor-widget elementor-widget-image\" data-id=\"feaec99\" data-element_type=\"widget\" data-e-type=\"widget\" data-widget_type=\"image.default\">\n\t\t\t\t\t\t\t\t\t\t\t\t<figure class=\"wp-caption\">\n\t\t\t\t\t\t\t\t\t\t<img loading=\"lazy\" decoding=\"async\" width=\"800\" height=\"433\" src=\"https:\/\/portail-regions.gov.bf\/nakambe\/wp-content\/uploads\/2026\/03\/cbaf9fa6-daaa-4c2a-b5a5-1fdad851b938.jpg\" class=\"attachment-large size-large wp-image-1197\" alt=\"\" \/>\t\t\t\t\t\t\t\t\t\t\t<figcaption class=\"widget-image-caption wp-caption-text\">Le mus\u00e9e Doleema de Niaogho<\/figcaption>\n\t\t\t\t\t\t\t\t\t\t<\/figure>\n\t\t\t\t\t\t\t\t\t<\/div>\n\t\t\t\t<\/div>\n\t\t<div data-particle_enable=\"false\" data-particle-mobile-disabled=\"false\" class=\"elementor-element elementor-element-5feb85c e-con-full e-flex e-con e-child\" data-id=\"5feb85c\" data-element_type=\"container\" data-e-type=\"container\">\n\t\t\t\t<div class=\"elementor-element elementor-element-d06144d elementor-drop-cap-yes elementor-drop-cap-view-default elementor-widget elementor-widget-text-editor\" data-id=\"d06144d\" data-element_type=\"widget\" data-e-type=\"widget\" data-settings=\"{&quot;drop_cap&quot;:&quot;yes&quot;}\" data-widget_type=\"text-editor.default\">\n\t\t\t\t\t\t\t\t\t<p>Le mus\u00e9e Doleema est un mus\u00e9e communautaire situ\u00e9 Niaogho \u00e0 environ 50 km de Tenkodogo, dans la r\u00e9gion du Nakamb\u00e9. Il s\u2019\u00e9tend sur une superficie de 1200 m<sup>2<\/sup> et conserve plus de 200 objets patrimoniaux t\u00e9moignant de la richesse culturelle et historique des communaut\u00e9s locales. Le mus\u00e9e met en valeur les habitats et patrimoines traditionnels des Bissa, des Gourounsis, des Peulhs et des Mossi, contribuant \u00e0 la valorisation la culture locale.<\/p>\t\t\t\t\t\t\t\t<\/div>\n\t\t\t\t<\/div>\n\t\t\t\t\t<\/div>\n\t\t\t\t<\/div>\n\t\t<div data-particle_enable=\"false\" data-particle-mobile-disabled=\"false\" class=\"elementor-element elementor-element-407bd09 e-flex e-con-boxed e-con e-parent\" data-id=\"407bd09\" data-element_type=\"container\" data-e-type=\"container\">\n\t\t\t\t\t<div class=\"e-con-inner\">\n\t\t<div data-particle_enable=\"false\" data-particle-mobile-disabled=\"false\" class=\"elementor-element elementor-element-aa27025 e-con-full e-flex e-con e-child\" data-id=\"aa27025\" data-element_type=\"container\" data-e-type=\"container\">\n\t\t\t\t<div class=\"elementor-element elementor-element-1772ab7 elementor-widget elementor-widget-image\" data-id=\"1772ab7\" data-element_type=\"widget\" data-e-type=\"widget\" data-widget_type=\"image.default\">\n\t\t\t\t\t\t\t\t\t\t\t\t<figure class=\"wp-caption\">\n\t\t\t\t\t\t\t\t\t\t<img loading=\"lazy\" decoding=\"async\" width=\"800\" height=\"433\" src=\"https:\/\/portail-regions.gov.bf\/nakambe\/wp-content\/uploads\/2026\/03\/cbac5fee-87e5-4de0-841f-482155336c90.jpg\" class=\"attachment-large size-large wp-image-1196\" alt=\"\" \/>\t\t\t\t\t\t\t\t\t\t\t<figcaption class=\"widget-image-caption wp-caption-text\">La Clairi\u00e8re de Yennenga (Bittou)<\/figcaption>\n\t\t\t\t\t\t\t\t\t\t<\/figure>\n\t\t\t\t\t\t\t\t\t<\/div>\n\t\t\t\t<\/div>\n\t\t<div data-particle_enable=\"false\" data-particle-mobile-disabled=\"false\" class=\"elementor-element elementor-element-9fa72e5 e-con-full e-flex e-con e-child\" data-id=\"9fa72e5\" data-element_type=\"container\" data-e-type=\"container\">\n\t\t\t\t<div class=\"elementor-element elementor-element-c9634cc elementor-drop-cap-yes elementor-drop-cap-view-default elementor-widget elementor-widget-text-editor\" data-id=\"c9634cc\" data-element_type=\"widget\" data-e-type=\"widget\" data-settings=\"{&quot;drop_cap&quot;:&quot;yes&quot;}\" data-widget_type=\"text-editor.default\">\n\t\t\t\t\t\t\t\t\t<p>C\u2019est un site situ\u00e9 \u00e0 pr\u00e8s de 55 km de Tenkodogo\u00a0; dans la commune de Bitou dans le village de Zambanega constitu\u00e9 d\u2019espace naturel d\u2019o\u00f9 la d\u00e9nomination clairi\u00e8re qui a une forte valeur symbolique et qui pourrait \u00eatre le lieu de rencontre entre Yennega et Rial\u00e9 (Etude n\u2019est pas finie)<\/p>\t\t\t\t\t\t\t\t<\/div>\n\t\t\t\t<\/div>\n\t\t\t\t\t<\/div>\n\t\t\t\t<\/div>\n\t\t<div data-particle_enable=\"false\" data-particle-mobile-disabled=\"false\" class=\"elementor-element elementor-element-18cb680 e-flex e-con-boxed e-con e-parent\" data-id=\"18cb680\" data-element_type=\"container\" data-e-type=\"container\">\n\t\t\t\t\t<div class=\"e-con-inner\">\n\t\t<div data-particle_enable=\"false\" data-particle-mobile-disabled=\"false\" class=\"elementor-element elementor-element-322ecb8 e-con-full e-flex e-con e-child\" data-id=\"322ecb8\" data-element_type=\"container\" data-e-type=\"container\">\n\t\t\t\t<div class=\"elementor-element elementor-element-135e821 elementor-widget elementor-widget-image\" data-id=\"135e821\" data-element_type=\"widget\" data-e-type=\"widget\" data-widget_type=\"image.default\">\n\t\t\t\t\t\t\t\t\t\t\t\t<figure class=\"wp-caption\">\n\t\t\t\t\t\t\t\t\t\t<img loading=\"lazy\" decoding=\"async\" width=\"800\" height=\"433\" src=\"https:\/\/portail-regions.gov.bf\/nakambe\/wp-content\/uploads\/2026\/03\/4292501d-e35b-427b-aa27-a34056b52506.jpg\" class=\"attachment-large size-large wp-image-1195\" alt=\"\" \/>\t\t\t\t\t\t\t\t\t\t\t<figcaption class=\"widget-image-caption wp-caption-text\">La chapelle de binatenga<\/figcaption>\n\t\t\t\t\t\t\t\t\t\t<\/figure>\n\t\t\t\t\t\t\t\t\t<\/div>\n\t\t\t\t<\/div>\n\t\t<div data-particle_enable=\"false\" data-particle-mobile-disabled=\"false\" class=\"elementor-element elementor-element-2bce59e e-con-full e-flex e-con e-child\" data-id=\"2bce59e\" data-element_type=\"container\" data-e-type=\"container\">\n\t\t\t\t<div class=\"elementor-element elementor-element-28ab408 elementor-drop-cap-yes elementor-drop-cap-view-default elementor-widget elementor-widget-text-editor\" data-id=\"28ab408\" data-element_type=\"widget\" data-e-type=\"widget\" data-settings=\"{&quot;drop_cap&quot;:&quot;yes&quot;}\" data-widget_type=\"text-editor.default\">\n\t\t\t\t\t\t\t\t\t<p>La chapelle de Binatenga, situ\u00e9e dans le village du m\u00eame nom, est lieu de culte central pour la communaut\u00e9 locale et environnante.\u00a0 Ce sanctuaire accueille r\u00e9guli\u00e8rement les messes, c\u00e9l\u00e9brations religieuses et \u00e9v\u00e8nements communautaires. Construite avec des mat\u00e9riaux locaux, elle symbolise la foi, l\u2019unit\u00e9 et la coh\u00e9sion sociale de la population de la province du Kouritenga.<\/p>\t\t\t\t\t\t\t\t<\/div>\n\t\t\t\t<\/div>\n\t\t\t\t\t<\/div>\n\t\t\t\t<\/div>\n\t\t<div data-particle_enable=\"false\" data-particle-mobile-disabled=\"false\" class=\"elementor-element elementor-element-4e68862 e-flex e-con-boxed e-con e-parent\" data-id=\"4e68862\" data-element_type=\"container\" data-e-type=\"container\">\n\t\t\t\t\t<div class=\"e-con-inner\">\n\t\t<div data-particle_enable=\"false\" data-particle-mobile-disabled=\"false\" class=\"elementor-element elementor-element-e992117 e-con-full e-flex e-con e-child\" data-id=\"e992117\" data-element_type=\"container\" data-e-type=\"container\">\n\t\t\t\t<div class=\"elementor-element elementor-element-b3d053b elementor-widget elementor-widget-image\" data-id=\"b3d053b\" data-element_type=\"widget\" data-e-type=\"widget\" data-widget_type=\"image.default\">\n\t\t\t\t\t\t\t\t\t\t\t\t<figure class=\"wp-caption\">\n\t\t\t\t\t\t\t\t\t\t<img loading=\"lazy\" decoding=\"async\" width=\"800\" height=\"433\" src=\"https:\/\/portail-regions.gov.bf\/nakambe\/wp-content\/uploads\/2026\/03\/8daf736a-8d5f-4866-8d09-87e9e21813d9.jpg\" class=\"attachment-large size-large wp-image-1194\" alt=\"\" \/>\t\t\t\t\t\t\t\t\t\t\t<figcaption class=\"widget-image-caption wp-caption-text\">Le mont Boulgou <\/figcaption>\n\t\t\t\t\t\t\t\t\t\t<\/figure>\n\t\t\t\t\t\t\t\t\t<\/div>\n\t\t\t\t<\/div>\n\t\t<div data-particle_enable=\"false\" data-particle-mobile-disabled=\"false\" class=\"elementor-element elementor-element-8801cd5 e-con-full e-flex e-con e-child\" data-id=\"8801cd5\" data-element_type=\"container\" data-e-type=\"container\">\n\t\t\t\t<div class=\"elementor-element elementor-element-b5ee2c4 elementor-drop-cap-yes elementor-drop-cap-view-default elementor-widget elementor-widget-text-editor\" data-id=\"b5ee2c4\" data-element_type=\"widget\" data-e-type=\"widget\" data-settings=\"{&quot;drop_cap&quot;:&quot;yes&quot;}\" data-widget_type=\"text-editor.default\">\n\t\t\t\t\t\t\t\t\t<p>Le mont Boulgou situ\u00e9 \u00e0 Garango, dans la r\u00e9gion du Nakamb\u00e9 est un v\u00e9ritable symbole naturel et culturel constitu\u00e9 d\u2019une chaine de montagne. Dominant, le paysage il attire par sa beaut\u00e9 et son panorama unique. Au-del\u00e0 de son attrait touristique, il est un lieu charg\u00e9 d\u2019histoire et de tradition\u00a0<\/p>\t\t\t\t\t\t\t\t<\/div>\n\t\t\t\t<\/div>\n\t\t\t\t\t<\/div>\n\t\t\t\t<\/div>\n\t\t\t\t<\/div>\n\t\t","protected":false},"excerpt":{"rendered":"<p>Sites touristiques Accueil \/ Page Le palais royal de Tenkodogo Le palais royal de Tenkodogo est la r\u00e9sidence traditionnelle du Dima de Zoungrantenga, roi de Tenkodogo. Abritant un hangar traditionnel, il constitue le c\u0153ur symbolique et historique faisant de Tenkodogo l\u2019un des berceaux des soci\u00e9t\u00e9s Mossis dont l\u2019histoire remonte dans les ann\u00e9es 1100. Dans la [&hellip;]<\/p>\n","protected":false},"author":1,"featured_media":0,"parent":0,"menu_order":0,"comment_status":"closed","ping_status":"closed","template":"","meta":{"footnotes":""},"class_list":["post-1211","page","type-page","status-publish","hentry"],"aioseo_notices":[],"_links":{"self":[{"href":"https:\/\/portail-regions.gov.bf\/nakambe\/wp-json\/wp\/v2\/pages\/1211","targetHints":{"allow":["GET"]}}],"collection":[{"href":"https:\/\/portail-regions.gov.bf\/nakambe\/wp-json\/wp\/v2\/pages"}],"about":[{"href":"https:\/\/portail-regions.gov.bf\/nakambe\/wp-json\/wp\/v2\/types\/page"}],"author":[{"embeddable":true,"href":"https:\/\/portail-regions.gov.bf\/nakambe\/wp-json\/wp\/v2\/users\/1"}],"replies":[{"embeddable":true,"href":"https:\/\/portail-regions.gov.bf\/nakambe\/wp-json\/wp\/v2\/comments?post=1211"}],"version-history":[{"count":0,"href":"https:\/\/portail-regions.gov.bf\/nakambe\/wp-json\/wp\/v2\/pages\/1211\/revisions"}],"wp:attachment":[{"href":"https:\/\/portail-regions.gov.bf\/nakambe\/wp-json\/wp\/v2\/media?parent=1211"}],"curies":[{"name":"wp","href":"https:\/\/api.w.org\/{rel}","templated":true}]}}