{"id":1097,"date":"2026-03-11T01:46:24","date_gmt":"2026-03-11T01:46:24","guid":{"rendered":"https:\/\/portail-regions.gov.bf\/nakambe\/?page_id=1097"},"modified":"2026-03-11T02:05:50","modified_gmt":"2026-03-11T02:05:50","slug":"mot-de-bienvenue","status":"publish","type":"page","link":"https:\/\/portail-regions.gov.bf\/nakambe\/mot-de-bienvenue\/","title":{"rendered":"Mot de bienvenue"},"content":{"rendered":"\t\t<div data-elementor-type=\"wp-page\" data-elementor-id=\"1097\" class=\"elementor elementor-1097\" data-elementor-post-type=\"page\">\n\t\t\t\t<div data-particle_enable=\"false\" data-particle-mobile-disabled=\"false\" class=\"elementor-element elementor-element-b0596ef e-flex e-con-boxed e-con e-parent\" data-id=\"b0596ef\" data-element_type=\"container\" data-e-type=\"container\" data-settings=\"{&quot;background_background&quot;:&quot;classic&quot;}\">\n\t\t\t\t\t<div class=\"e-con-inner\">\n\t\t<div data-particle_enable=\"false\" data-particle-mobile-disabled=\"false\" class=\"elementor-element elementor-element-2396c0f e-con-full e-flex e-con e-child\" data-id=\"2396c0f\" data-element_type=\"container\" data-e-type=\"container\">\n\t\t<div data-particle_enable=\"false\" data-particle-mobile-disabled=\"false\" class=\"elementor-element elementor-element-1030c0b e-con-full e-flex e-con e-child\" data-id=\"1030c0b\" data-element_type=\"container\" data-e-type=\"container\" data-settings=\"{&quot;background_background&quot;:&quot;classic&quot;}\">\n\t\t\t\t<div class=\"elementor-element elementor-element-7b02458 elementor-widget elementor-widget-heading\" data-id=\"7b02458\" data-element_type=\"widget\" data-e-type=\"widget\" data-widget_type=\"heading.default\">\n\t\t\t\t\t<h2 class=\"elementor-heading-title elementor-size-default\">Monsieur Yiy\u00e9 Abraham SOMDO<\/h2>\t\t\t\t<\/div>\n\t\t\t\t<div class=\"elementor-element elementor-element-114ba61 elementor-widget elementor-widget-image\" data-id=\"114ba61\" data-element_type=\"widget\" data-e-type=\"widget\" data-widget_type=\"image.default\">\n\t\t\t\t\t\t\t\t\t\t\t\t\t\t\t<img fetchpriority=\"high\" decoding=\"async\" width=\"500\" height=\"500\" src=\"https:\/\/portail-regions.gov.bf\/nakambe\/wp-content\/uploads\/2026\/02\/Gvnr-YAS-Copie.jpg\" class=\"attachment-large size-large wp-image-1050\" alt=\"\" \/>\t\t\t\t\t\t\t\t\t\t\t\t\t\t\t<\/div>\n\t\t\t\t<\/div>\n\t\t<div data-particle_enable=\"false\" data-particle-mobile-disabled=\"false\" class=\"elementor-element elementor-element-a869a81 e-con-full e-flex e-con e-child\" data-id=\"a869a81\" data-element_type=\"container\" data-e-type=\"container\">\n\t\t\t\t<div class=\"elementor-element elementor-element-4bb5b42 elementor-widget elementor-widget-heading\" data-id=\"4bb5b42\" data-element_type=\"widget\" data-e-type=\"widget\" data-widget_type=\"heading.default\">\n\t\t\t\t\t<h2 class=\"elementor-heading-title elementor-size-default\">Mot de bienvenue du Gouverneur<\/h2>\t\t\t\t<\/div>\n\t\t\t\t<div class=\"elementor-element elementor-element-3ab8029 elementor-widget elementor-widget-text-editor\" data-id=\"3ab8029\" data-element_type=\"widget\" data-e-type=\"widget\" data-widget_type=\"text-editor.default\">\n\t\t\t\t\t\t\t\t\t<p>Chers visiteurs, chers amis de la R\u00e9gion du Nakamb\u00e9,<\/p><p>C\u2019est avec un r\u00e9el plaisir et un profond honneur que je vous souhaite la bienvenue sur le portail num\u00e9rique officiel de la R\u00e9gion du Nakamb\u00e9. Cette plateforme se veut une vitrine dynamique de notre territoire, une fen\u00eatre ouverte sur une r\u00e9gion riche de son histoire, de sa diversit\u00e9 humaine et de ses immenses potentialit\u00e9s.<\/p><p>La R\u00e9gion du Nakamb\u00e9 est avant tout un espace de vie solidaire et inclusif, o\u00f9 la coh\u00e9sion sociale constitue le socle de notre action quotidienne. Ici, communaut\u00e9s, g\u00e9n\u00e9rations et cultures se rencontrent et tissent des liens solides, anim\u00e9es par une m\u00eame volont\u00e9 de b\u00e2tir ensemble un avenir partag\u00e9, prosp\u00e8re et durable.<\/p><p>Notre territoire rayonne par un patrimoine culturel d\u2019une grande richesse. Des traditions ancestrales aux expressions artistiques contemporaines, en passant par nos festivals, nos coutumes et nos valeurs de parent\u00e9 \u00e0 plaisanterie et de solidarit\u00e9, chaque \u00e9l\u00e9ment raconte une histoire commune et fait de la diversit\u00e9 une v\u00e9ritable force collective.<\/p><p>Sur le plan \u00e9conomique, la R\u00e9gion du Nakamb\u00e9 se distingue comme un p\u00f4le strat\u00e9gique de d\u00e9veloppement. Le P\u00f4le de Croissance de Bagr\u00e9, avec son barrage hydro-agricole, ses vastes plaines rizicoles, sa centrale hydro\u00e9lectrique, son centre \u00e9cotouristique et son plan d\u2019eau propice \u00e0 la p\u00eache et \u00e0 la pisciculture, constitue l\u2019un des leviers majeurs de l\u2019auto-suffisance alimentaire et de l\u2019innovation agricole au Burkina Faso. A cela s\u2019ajoutent les importantes activit\u00e9s mini\u00e8res du Boulgou, les march\u00e9s \u00e0 b\u00e9tail et le grand march\u00e9 de Pouytenga dans le Kourittenga, v\u00e9ritables poumons \u00e9conomiques r\u00e9gionaux, ainsi que les ressources foresti\u00e8res du Koulp\u00e9logo, favorables \u00e0 l\u2019agriculture, \u00e0 l\u2019\u00e9levage et \u00e0 la pr\u00e9servation de la biodiversit\u00e9.<\/p><p>Terre d\u2019hospitalit\u00e9 reconnue, le Nakamb\u00e9 accueille chaque visiteur avec chaleur et fraternit\u00e9. Sa diaspora, fortement engag\u00e9e \u00e0 travers le monde, notamment en Europe, contribue activement au rayonnement et au d\u00e9veloppement de la r\u00e9gion.<\/p><p>Je vous invite \u00e0 explorer ce portail pour d\u00e9couvrir nos initiatives, nos projets structurants, nos agendas culturels ainsi que les nombreuses opportunit\u00e9s d\u2019investissement et de partenariat. Que vous soyez investisseur, touriste, chercheur ou simple curieux, la R\u00e9gion du Nakamb\u00e9 vous offre un environnement propice \u00e0 l\u2019\u00e9panouissement et \u00e0 la r\u00e9ussite.<\/p><p>Bienvenue dans la R\u00e9gion du Nakamb\u00e9, une terre de r\u00e9silience, d\u2019opportunit\u00e9s et d\u2019avenir partag\u00e9.<\/p><p>Avec mes salutations les plus cordiales,<\/p><p><strong>Yiy\u00e9 Abraham SOMDO<\/strong><\/p><p><em>Gouverneur de la R\u00e9gion du Nakamb\u00e9<\/em><\/p>\t\t\t\t\t\t\t\t<\/div>\n\t\t\t\t<\/div>\n\t\t\t\t<\/div>\n\t\t\t\t\t<\/div>\n\t\t\t\t<\/div>\n\t\t\t\t<\/div>\n\t\t","protected":false},"excerpt":{"rendered":"<p>Monsieur Yiy\u00e9 Abraham SOMDO Mot de bienvenue du Gouverneur Chers visiteurs, chers amis de la R\u00e9gion du Nakamb\u00e9, C\u2019est avec un r\u00e9el plaisir et un profond honneur que je vous souhaite la bienvenue sur le portail num\u00e9rique officiel de la R\u00e9gion du Nakamb\u00e9. Cette plateforme se veut une vitrine dynamique de notre territoire, une fen\u00eatre [&hellip;]<\/p>\n","protected":false},"author":1,"featured_media":0,"parent":0,"menu_order":0,"comment_status":"closed","ping_status":"open","template":"elementor_header_footer","meta":{"footnotes":""},"class_list":["post-1097","page","type-page","status-publish","hentry"],"aioseo_notices":[],"_links":{"self":[{"href":"https:\/\/portail-regions.gov.bf\/nakambe\/wp-json\/wp\/v2\/pages\/1097","targetHints":{"allow":["GET"]}}],"collection":[{"href":"https:\/\/portail-regions.gov.bf\/nakambe\/wp-json\/wp\/v2\/pages"}],"about":[{"href":"https:\/\/portail-regions.gov.bf\/nakambe\/wp-json\/wp\/v2\/types\/page"}],"author":[{"embeddable":true,"href":"https:\/\/portail-regions.gov.bf\/nakambe\/wp-json\/wp\/v2\/users\/1"}],"replies":[{"embeddable":true,"href":"https:\/\/portail-regions.gov.bf\/nakambe\/wp-json\/wp\/v2\/comments?post=1097"}],"version-history":[{"count":0,"href":"https:\/\/portail-regions.gov.bf\/nakambe\/wp-json\/wp\/v2\/pages\/1097\/revisions"}],"wp:attachment":[{"href":"https:\/\/portail-regions.gov.bf\/nakambe\/wp-json\/wp\/v2\/media?parent=1097"}],"curies":[{"name":"wp","href":"https:\/\/api.w.org\/{rel}","templated":true}]}}