{"id":971,"date":"2026-02-25T09:17:04","date_gmt":"2026-02-25T09:17:04","guid":{"rendered":"https:\/\/portail-regions.gov.bf\/koulse\/?page_id=971"},"modified":"2026-02-25T09:46:35","modified_gmt":"2026-02-25T09:46:35","slug":"actualites","status":"publish","type":"page","link":"https:\/\/portail-regions.gov.bf\/koulse\/actualites\/","title":{"rendered":"Actualit\u00e9s"},"content":{"rendered":"\t\t<div data-elementor-type=\"wp-page\" data-elementor-id=\"971\" class=\"elementor elementor-971\" data-elementor-post-type=\"page\">\n\t\t\t\t<div data-particle_enable=\"false\" data-particle-mobile-disabled=\"false\" class=\"elementor-element elementor-element-7d35d12 e-flex e-con-boxed e-con e-parent\" data-id=\"7d35d12\" data-element_type=\"container\" data-e-type=\"container\" data-settings=\"{&quot;background_background&quot;:&quot;classic&quot;}\">\n\t\t\t\t\t<div class=\"e-con-inner\">\n\t\t\t\t<div class=\"elementor-element elementor-element-ba1a445 elementor-widget elementor-widget-heading\" data-id=\"ba1a445\" data-element_type=\"widget\" data-e-type=\"widget\" data-widget_type=\"heading.default\">\n\t\t\t\t\t<h2 class=\"elementor-heading-title elementor-size-default\">Actualit\u00e9s<\/h2>\t\t\t\t<\/div>\n\t\t\t\t<div class=\"elementor-element elementor-element-8bbb0ca elementor-widget elementor-widget-eael-breadcrumbs\" data-id=\"8bbb0ca\" data-element_type=\"widget\" data-e-type=\"widget\" data-widget_type=\"eael-breadcrumbs.default\">\n\t\t\t\t<div class=\"elementor-widget-container\">\n\t\t\t\t\t\t\t<div class=\"eael-breadcrumbs\">\n\t\t\t<div class=\"eael-breadcrumbs__content\"><a href=\"https:\/\/portail-regions.gov.bf\/koulse\">Accueil<\/a> <span class=\"eael-breadcrumb-separator\">\/<\/span> <span class = \"eael-current\">Page<\/span><\/div>\t\t<\/div>\n\t\t\t\t\t\t<\/div>\n\t\t\t\t<\/div>\n\t\t\t\t\t<\/div>\n\t\t\t\t<\/div>\n\t\t<div data-particle_enable=\"false\" data-particle-mobile-disabled=\"false\" class=\"elementor-element elementor-element-9870239 e-flex e-con-boxed e-con e-parent\" data-id=\"9870239\" data-element_type=\"container\" data-e-type=\"container\">\n\t\t\t\t\t<div class=\"e-con-inner\">\n\t\t\t\t<div class=\"elementor-element elementor-element-c72b4ac elementor-grid-laptop-eael-col-4 elementor-grid-tablet_extra-eael-col-3 elementor-grid-eael-col-4 elementor-grid-tablet-eael-col-2 elementor-grid-mobile-eael-col-1 elementor-widget elementor-widget-eael-post-grid\" data-id=\"c72b4ac\" data-element_type=\"widget\" data-e-type=\"widget\" data-settings=\"{&quot;eael_post_grid_columns_laptop&quot;:&quot;eael-col-4&quot;,&quot;eael_post_grid_columns_tablet_extra&quot;:&quot;eael-col-3&quot;,&quot;eael_post_grid_columns&quot;:&quot;eael-col-4&quot;,&quot;eael_post_grid_columns_tablet&quot;:&quot;eael-col-2&quot;,&quot;eael_post_grid_columns_mobile&quot;:&quot;eael-col-1&quot;}\" data-widget_type=\"eael-post-grid.default\">\n\t\t\t\t\t<div id=\"eael-post-grid-c72b4ac\" class=\"eael-post-grid-container\">\n            <div class=\"eael-post-grid eael-post-appender eael-post-appender-c72b4ac eael-post-grid-style-three\" data-layout-mode=\"masonry\"><article class=\"eael-grid-post  eael-post-grid-column eael-pg-post-1274 category-non-classe\" data-id=\"1274\">\n        <div class=\"eael-grid-post-holder\">\n            <div class=\"eael-grid-post-holder-inner\"><div class=\"eael-entry-media\"><ul class=\"post-carousel-categories\"><li><a href=\"https:\/\/portail-regions.gov.bf\/koulse\/category\/non-classe\/\">Actualit\u00e9<\/a><\/li><\/ul><div class=\"eael-entry-overlay fade-in\"><i class=\"fas fa-long-arrow-alt-right\" aria-hidden=\"true\"><\/i><a href=\"https:\/\/portail-regions.gov.bf\/koulse\/tenue-de-la-premiere-session-ordinaire-2026-de-la-delegation-speciale-regionale-du-centre-nord\/\"><\/a><\/div><div class=\"eael-entry-thumbnail \">\n                 <img fetchpriority=\"high\" decoding=\"async\" width=\"300\" height=\"169\" src=\"https:\/\/portail-regions.gov.bf\/koulse\/wp-content\/uploads\/2026\/04\/Premiere-session-ordinaire-de-la-delegation-speciale-regionale-du-Cantre-Nord-300x169.jpg\" class=\"attachment-medium size-medium wp-image-1275\" alt=\"\" srcset=\"https:\/\/portail-regions.gov.bf\/koulse\/wp-content\/uploads\/2026\/04\/Premiere-session-ordinaire-de-la-delegation-speciale-regionale-du-Cantre-Nord-300x169.jpg 300w, https:\/\/portail-regions.gov.bf\/koulse\/wp-content\/uploads\/2026\/04\/Premiere-session-ordinaire-de-la-delegation-speciale-regionale-du-Cantre-Nord-1024x576.jpg 1024w, https:\/\/portail-regions.gov.bf\/koulse\/wp-content\/uploads\/2026\/04\/Premiere-session-ordinaire-de-la-delegation-speciale-regionale-du-Cantre-Nord-768x432.jpg 768w, https:\/\/portail-regions.gov.bf\/koulse\/wp-content\/uploads\/2026\/04\/Premiere-session-ordinaire-de-la-delegation-speciale-regionale-du-Cantre-Nord-1536x864.jpg 1536w, https:\/\/portail-regions.gov.bf\/koulse\/wp-content\/uploads\/2026\/04\/Premiere-session-ordinaire-de-la-delegation-speciale-regionale-du-Cantre-Nord.jpg 2048w\" sizes=\"(max-width: 300px) 100vw, 300px\" \/>\n             <\/div>\n        <\/div><div class=\"eael-entry-wrapper\"><header class=\"eael-entry-header\"><h2 class=\"eael-entry-title\"><a class=\"eael-grid-post-link\" href=\"https:\/\/portail-regions.gov.bf\/koulse\/tenue-de-la-premiere-session-ordinaire-2026-de-la-delegation-speciale-regionale-du-centre-nord\/\" title=\"Tenue de la premi\u00e8re session ordinaire 2026 de la d\u00e9l\u00e9gation sp\u00e9ciale r\u00e9gionale du Centre-Nord\">Tenue de la premi\u00e8re session ordinaire 2026 de la d\u00e9l\u00e9gation sp\u00e9ciale r\u00e9gionale du Centre-Nord<\/a><\/h2><\/header><div class=\"eael-entry-meta\"><span class=\"eael-posted-on\"><time datetime=\"1 avril 2026\">1 avril 2026<\/time><\/span><\/div><div class=\"eael-entry-content\">\n                        <div class=\"eael-grid-post-excerpt\"><a href=\"https:\/\/portail-regions.gov.bf\/koulse\/tenue-de-la-premiere-session-ordinaire-2026-de-la-delegation-speciale-regionale-du-centre-nord\/\" class=\"eael-post-elements-readmore-btn\">Lire +<\/a><\/div>\n                    <\/div><\/div><\/div>\n        <\/div>\n    <\/article><article class=\"eael-grid-post  eael-post-grid-column eael-pg-post-339 category-non-classe\" data-id=\"339\">\n        <div class=\"eael-grid-post-holder\">\n            <div class=\"eael-grid-post-holder-inner\"><div class=\"eael-entry-media\"><ul class=\"post-carousel-categories\"><li><a href=\"https:\/\/portail-regions.gov.bf\/koulse\/category\/non-classe\/\">Actualit\u00e9<\/a><\/li><\/ul><div class=\"eael-entry-overlay fade-in\"><i class=\"fas fa-long-arrow-alt-right\" aria-hidden=\"true\"><\/i><a href=\"https:\/\/portail-regions.gov.bf\/koulse\/region-des-koulse-la-cartographie-des-acteurs-et-des-interventions-en-faveur-de-la-resilience-des-populations-validee\/\"><\/a><\/div><div class=\"eael-entry-thumbnail \">\n                 <img decoding=\"async\" width=\"300\" height=\"169\" src=\"https:\/\/portail-regions.gov.bf\/koulse\/wp-content\/uploads\/2026\/02\/img-art4-kulse-300x169.jpg\" class=\"attachment-medium size-medium wp-image-340\" alt=\"\" srcset=\"https:\/\/portail-regions.gov.bf\/koulse\/wp-content\/uploads\/2026\/02\/img-art4-kulse-300x169.jpg 300w, https:\/\/portail-regions.gov.bf\/koulse\/wp-content\/uploads\/2026\/02\/img-art4-kulse-1024x576.jpg 1024w, https:\/\/portail-regions.gov.bf\/koulse\/wp-content\/uploads\/2026\/02\/img-art4-kulse-768x432.jpg 768w, https:\/\/portail-regions.gov.bf\/koulse\/wp-content\/uploads\/2026\/02\/img-art4-kulse.jpg 1200w\" sizes=\"(max-width: 300px) 100vw, 300px\" \/>\n             <\/div>\n        <\/div><div class=\"eael-entry-wrapper\"><header class=\"eael-entry-header\"><h2 class=\"eael-entry-title\"><a class=\"eael-grid-post-link\" href=\"https:\/\/portail-regions.gov.bf\/koulse\/region-des-koulse-la-cartographie-des-acteurs-et-des-interventions-en-faveur-de-la-resilience-des-populations-validee\/\" title=\"R\u00e9gion des Kouls\u00e9 : La cartographie des acteurs et des interventions en faveur de la r\u00e9silience des populations valid\u00e9e\">R\u00e9gion des Kouls\u00e9 : La cartographie des acteurs et des interventions en faveur de la r\u00e9silience des populations valid\u00e9e<\/a><\/h2><\/header><div class=\"eael-entry-meta\"><span class=\"eael-posted-on\"><time datetime=\"24 novembre 2025\">24 novembre 2025<\/time><\/span><\/div><div class=\"eael-entry-content\">\n                        <div class=\"eael-grid-post-excerpt\"><a href=\"https:\/\/portail-regions.gov.bf\/koulse\/region-des-koulse-la-cartographie-des-acteurs-et-des-interventions-en-faveur-de-la-resilience-des-populations-validee\/\" class=\"eael-post-elements-readmore-btn\">Lire +<\/a><\/div>\n                    <\/div><\/div><\/div>\n        <\/div>\n    <\/article><article class=\"eael-grid-post  eael-post-grid-column eael-pg-post-351 category-non-classe\" data-id=\"351\">\n        <div class=\"eael-grid-post-holder\">\n            <div class=\"eael-grid-post-holder-inner\"><div class=\"eael-entry-media\"><ul class=\"post-carousel-categories\"><li><a href=\"https:\/\/portail-regions.gov.bf\/koulse\/category\/non-classe\/\">Actualit\u00e9<\/a><\/li><\/ul><div class=\"eael-entry-overlay fade-in\"><i class=\"fas fa-long-arrow-alt-right\" aria-hidden=\"true\"><\/i><a href=\"https:\/\/portail-regions.gov.bf\/koulse\/burkina-plus-de-320-hectares-de-bas-fonds-rizicoles-amenages-dans-les-zones-reconquises-des-koulse-selon-igor-birba\/\"><\/a><\/div><div class=\"eael-entry-thumbnail \">\n                 <img decoding=\"async\" width=\"300\" height=\"169\" src=\"https:\/\/portail-regions.gov.bf\/koulse\/wp-content\/uploads\/2026\/02\/img-art1-kulse-300x169.jpg\" class=\"attachment-medium size-medium wp-image-348\" alt=\"\" srcset=\"https:\/\/portail-regions.gov.bf\/koulse\/wp-content\/uploads\/2026\/02\/img-art1-kulse-300x169.jpg 300w, https:\/\/portail-regions.gov.bf\/koulse\/wp-content\/uploads\/2026\/02\/img-art1-kulse-1024x576.jpg 1024w, https:\/\/portail-regions.gov.bf\/koulse\/wp-content\/uploads\/2026\/02\/img-art1-kulse-768x432.jpg 768w, https:\/\/portail-regions.gov.bf\/koulse\/wp-content\/uploads\/2026\/02\/img-art1-kulse.jpg 1200w\" sizes=\"(max-width: 300px) 100vw, 300px\" \/>\n             <\/div>\n        <\/div><div class=\"eael-entry-wrapper\"><header class=\"eael-entry-header\"><h2 class=\"eael-entry-title\"><a class=\"eael-grid-post-link\" href=\"https:\/\/portail-regions.gov.bf\/koulse\/burkina-plus-de-320-hectares-de-bas-fonds-rizicoles-amenages-dans-les-zones-reconquises-des-koulse-selon-igor-birba\/\" title=\"Burkina\u00a0: Plus de 320 hectares de bas-fonds rizicoles am\u00e9nag\u00e9s dans les zones reconquises des Kouls\u00e9, selon Igor Birba\">Burkina\u00a0: Plus de 320 hectares de bas-fonds rizicoles am\u00e9nag\u00e9s dans les zones reconquises des Kouls\u00e9, selon Igor Birba<\/a><\/h2><\/header><div class=\"eael-entry-meta\"><span class=\"eael-posted-on\"><time datetime=\"22 octobre 2025\">22 octobre 2025<\/time><\/span><\/div><div class=\"eael-entry-content\">\n                        <div class=\"eael-grid-post-excerpt\"><a href=\"https:\/\/portail-regions.gov.bf\/koulse\/burkina-plus-de-320-hectares-de-bas-fonds-rizicoles-amenages-dans-les-zones-reconquises-des-koulse-selon-igor-birba\/\" class=\"eael-post-elements-readmore-btn\">Lire +<\/a><\/div>\n                    <\/div><\/div><\/div>\n        <\/div>\n    <\/article><article class=\"eael-grid-post  eael-post-grid-column eael-pg-post-353 category-non-classe\" data-id=\"353\">\n        <div class=\"eael-grid-post-holder\">\n            <div class=\"eael-grid-post-holder-inner\"><div class=\"eael-entry-media\"><ul class=\"post-carousel-categories\"><li><a href=\"https:\/\/portail-regions.gov.bf\/koulse\/category\/non-classe\/\">Actualit\u00e9<\/a><\/li><\/ul><div class=\"eael-entry-overlay fade-in\"><i class=\"fas fa-long-arrow-alt-right\" aria-hidden=\"true\"><\/i><a href=\"https:\/\/portail-regions.gov.bf\/koulse\/burkina-la-region-des-kuilse-quitte-officiellement-lairf\/\"><\/a><\/div><div class=\"eael-entry-thumbnail \">\n                 <img loading=\"lazy\" decoding=\"async\" width=\"300\" height=\"169\" src=\"https:\/\/portail-regions.gov.bf\/koulse\/wp-content\/uploads\/2026\/02\/img-art3-kulse-300x169.jpg\" class=\"attachment-medium size-medium wp-image-346\" alt=\"\" srcset=\"https:\/\/portail-regions.gov.bf\/koulse\/wp-content\/uploads\/2026\/02\/img-art3-kulse-300x169.jpg 300w, https:\/\/portail-regions.gov.bf\/koulse\/wp-content\/uploads\/2026\/02\/img-art3-kulse-1024x576.jpg 1024w, https:\/\/portail-regions.gov.bf\/koulse\/wp-content\/uploads\/2026\/02\/img-art3-kulse-768x432.jpg 768w, https:\/\/portail-regions.gov.bf\/koulse\/wp-content\/uploads\/2026\/02\/img-art3-kulse.jpg 1200w\" sizes=\"(max-width: 300px) 100vw, 300px\" \/>\n             <\/div>\n        <\/div><div class=\"eael-entry-wrapper\"><header class=\"eael-entry-header\"><h2 class=\"eael-entry-title\"><a class=\"eael-grid-post-link\" href=\"https:\/\/portail-regions.gov.bf\/koulse\/burkina-la-region-des-kuilse-quitte-officiellement-lairf\/\" title=\"Burkina : La r\u00e9gion des Kuils\u00e9 quitte officiellement l\u2019AIRF\">Burkina : La r\u00e9gion des Kuils\u00e9 quitte officiellement l\u2019AIRF<\/a><\/h2><\/header><div class=\"eael-entry-meta\"><span class=\"eael-posted-on\"><time datetime=\"25 septembre 2025\">25 septembre 2025<\/time><\/span><\/div><div class=\"eael-entry-content\">\n                        <div class=\"eael-grid-post-excerpt\"><a href=\"https:\/\/portail-regions.gov.bf\/koulse\/burkina-la-region-des-kuilse-quitte-officiellement-lairf\/\" class=\"eael-post-elements-readmore-btn\">Lire +<\/a><\/div>\n                    <\/div><\/div><\/div>\n        <\/div>\n    <\/article><article class=\"eael-grid-post  eael-post-grid-column eael-pg-post-345 category-non-classe\" data-id=\"345\">\n        <div class=\"eael-grid-post-holder\">\n            <div class=\"eael-grid-post-holder-inner\"><div class=\"eael-entry-media\"><ul class=\"post-carousel-categories\"><li><a href=\"https:\/\/portail-regions.gov.bf\/koulse\/category\/non-classe\/\">Actualit\u00e9<\/a><\/li><\/ul><div class=\"eael-entry-overlay fade-in\"><i class=\"fas fa-long-arrow-alt-right\" aria-hidden=\"true\"><\/i><a href=\"https:\/\/portail-regions.gov.bf\/koulse\/burkina-kuilse-voyage-au-coeur-de-la-resilience-a-kaya\/\"><\/a><\/div><div class=\"eael-entry-thumbnail \">\n                 <img loading=\"lazy\" decoding=\"async\" width=\"300\" height=\"169\" src=\"https:\/\/portail-regions.gov.bf\/koulse\/wp-content\/uploads\/2026\/02\/img-art2-kulse-300x169.jpg\" class=\"attachment-medium size-medium wp-image-347\" alt=\"\" srcset=\"https:\/\/portail-regions.gov.bf\/koulse\/wp-content\/uploads\/2026\/02\/img-art2-kulse-300x169.jpg 300w, https:\/\/portail-regions.gov.bf\/koulse\/wp-content\/uploads\/2026\/02\/img-art2-kulse-1024x576.jpg 1024w, https:\/\/portail-regions.gov.bf\/koulse\/wp-content\/uploads\/2026\/02\/img-art2-kulse-768x432.jpg 768w, https:\/\/portail-regions.gov.bf\/koulse\/wp-content\/uploads\/2026\/02\/img-art2-kulse.jpg 1200w\" sizes=\"(max-width: 300px) 100vw, 300px\" \/>\n             <\/div>\n        <\/div><div class=\"eael-entry-wrapper\"><header class=\"eael-entry-header\"><h2 class=\"eael-entry-title\"><a class=\"eael-grid-post-link\" href=\"https:\/\/portail-regions.gov.bf\/koulse\/burkina-kuilse-voyage-au-coeur-de-la-resilience-a-kaya\/\" title=\"Burkina\/Kuils\u00e9\u00a0: Voyage au c\u0153ur de la r\u00e9silience \u00e0 Kaya\">Burkina\/Kuils\u00e9\u00a0: Voyage au c\u0153ur de la r\u00e9silience \u00e0 Kaya<\/a><\/h2><\/header><div class=\"eael-entry-meta\"><span class=\"eael-posted-on\"><time datetime=\"1 septembre 2025\">1 septembre 2025<\/time><\/span><\/div><div class=\"eael-entry-content\">\n                        <div class=\"eael-grid-post-excerpt\"><a href=\"https:\/\/portail-regions.gov.bf\/koulse\/burkina-kuilse-voyage-au-coeur-de-la-resilience-a-kaya\/\" class=\"eael-post-elements-readmore-btn\">Lire +<\/a><\/div>\n                    <\/div><\/div><\/div>\n        <\/div>\n    <\/article><\/div>\n            <div class=\"clearfix\"><\/div>\n        <\/div>\t\t\t\t<\/div>\n\t\t\t\t\t<\/div>\n\t\t\t\t<\/div>\n\t\t\t\t<\/div>\n\t\t","protected":false},"excerpt":{"rendered":"<p>Actualit\u00e9s Accueil \/ Page Actualit\u00e9 R\u00e9gion des Kouls\u00e9 : La cartographie des acteurs et des interventions en faveur de la r\u00e9silience des populations valid\u00e9e 24 novembre 2025 Lire + Actualit\u00e9 Burkina\u00a0: Plus de 320 hectares de bas-fonds rizicoles am\u00e9nag\u00e9s dans les zones reconquises des Kouls\u00e9, selon Igor Birba 22 octobre 2025 Lire + Actualit\u00e9 Burkina [&hellip;]<\/p>\n","protected":false},"author":1,"featured_media":0,"parent":0,"menu_order":0,"comment_status":"closed","ping_status":"closed","template":"","meta":{"footnotes":""},"class_list":["post-971","page","type-page","status-publish","hentry"],"aioseo_notices":[],"_links":{"self":[{"href":"https:\/\/portail-regions.gov.bf\/koulse\/wp-json\/wp\/v2\/pages\/971","targetHints":{"allow":["GET"]}}],"collection":[{"href":"https:\/\/portail-regions.gov.bf\/koulse\/wp-json\/wp\/v2\/pages"}],"about":[{"href":"https:\/\/portail-regions.gov.bf\/koulse\/wp-json\/wp\/v2\/types\/page"}],"author":[{"embeddable":true,"href":"https:\/\/portail-regions.gov.bf\/koulse\/wp-json\/wp\/v2\/users\/1"}],"replies":[{"embeddable":true,"href":"https:\/\/portail-regions.gov.bf\/koulse\/wp-json\/wp\/v2\/comments?post=971"}],"version-history":[{"count":0,"href":"https:\/\/portail-regions.gov.bf\/koulse\/wp-json\/wp\/v2\/pages\/971\/revisions"}],"wp:attachment":[{"href":"https:\/\/portail-regions.gov.bf\/koulse\/wp-json\/wp\/v2\/media?parent=971"}],"curies":[{"name":"wp","href":"https:\/\/api.w.org\/{rel}","templated":true}]}}