{"id":1265,"date":"2026-03-31T01:05:44","date_gmt":"2026-03-31T01:05:44","guid":{"rendered":"https:\/\/portail-regions.gov.bf\/koulse\/?page_id=1265"},"modified":"2026-03-31T01:08:19","modified_gmt":"2026-03-31T01:08:19","slug":"mot-de-bienvenue","status":"publish","type":"page","link":"https:\/\/portail-regions.gov.bf\/koulse\/mot-de-bienvenue\/","title":{"rendered":"Mot de bienvenue"},"content":{"rendered":"\t\t<div data-elementor-type=\"wp-page\" data-elementor-id=\"1265\" class=\"elementor elementor-1265\" data-elementor-post-type=\"page\">\n\t\t\t\t<div data-particle_enable=\"false\" data-particle-mobile-disabled=\"false\" class=\"elementor-element elementor-element-b0596ef e-flex e-con-boxed e-con e-parent\" data-id=\"b0596ef\" data-element_type=\"container\" data-e-type=\"container\" data-settings=\"{&quot;background_background&quot;:&quot;classic&quot;}\">\n\t\t\t\t\t<div class=\"e-con-inner\">\n\t\t<div data-particle_enable=\"false\" data-particle-mobile-disabled=\"false\" class=\"elementor-element elementor-element-2396c0f e-con-full e-flex e-con e-child\" data-id=\"2396c0f\" data-element_type=\"container\" data-e-type=\"container\">\n\t\t<div data-particle_enable=\"false\" data-particle-mobile-disabled=\"false\" class=\"elementor-element elementor-element-1030c0b e-con-full e-flex e-con e-child\" data-id=\"1030c0b\" data-element_type=\"container\" data-e-type=\"container\" data-settings=\"{&quot;background_background&quot;:&quot;classic&quot;}\">\n\t\t\t\t<div class=\"elementor-element elementor-element-7b02458 elementor-widget elementor-widget-heading\" data-id=\"7b02458\" data-element_type=\"widget\" data-e-type=\"widget\" data-widget_type=\"heading.default\">\n\t\t\t\t\t<h2 class=\"elementor-heading-title elementor-size-default\">Colonel-major Z.<br \/>Blaise OUEDRAOGO<\/h2>\t\t\t\t<\/div>\n\t\t\t\t<div class=\"elementor-element elementor-element-114ba61 elementor-widget elementor-widget-image\" data-id=\"114ba61\" data-element_type=\"widget\" data-e-type=\"widget\" data-widget_type=\"image.default\">\n\t\t\t\t\t\t\t\t\t\t\t\t\t\t\t<img fetchpriority=\"high\" decoding=\"async\" width=\"588\" height=\"588\" src=\"https:\/\/portail-regions.gov.bf\/koulse\/wp-content\/uploads\/2026\/02\/photo-gouverneur-kulse.png\" class=\"attachment-large size-large wp-image-360\" alt=\"\" srcset=\"https:\/\/portail-regions.gov.bf\/koulse\/wp-content\/uploads\/2026\/02\/photo-gouverneur-kulse.png 588w, https:\/\/portail-regions.gov.bf\/koulse\/wp-content\/uploads\/2026\/02\/photo-gouverneur-kulse-300x300.png 300w, https:\/\/portail-regions.gov.bf\/koulse\/wp-content\/uploads\/2026\/02\/photo-gouverneur-kulse-150x150.png 150w, https:\/\/portail-regions.gov.bf\/koulse\/wp-content\/uploads\/2026\/02\/photo-gouverneur-kulse-500x500.png 500w\" sizes=\"(max-width: 588px) 100vw, 588px\" \/>\t\t\t\t\t\t\t\t\t\t\t\t\t\t\t<\/div>\n\t\t\t\t<\/div>\n\t\t<div data-particle_enable=\"false\" data-particle-mobile-disabled=\"false\" class=\"elementor-element elementor-element-a869a81 e-con-full e-flex e-con e-child\" data-id=\"a869a81\" data-element_type=\"container\" data-e-type=\"container\">\n\t\t\t\t<div class=\"elementor-element elementor-element-4bb5b42 elementor-widget elementor-widget-heading\" data-id=\"4bb5b42\" data-element_type=\"widget\" data-e-type=\"widget\" data-widget_type=\"heading.default\">\n\t\t\t\t\t<h2 class=\"elementor-heading-title elementor-size-default\">Mot de bienvenue du Gouverneur<\/h2>\t\t\t\t<\/div>\n\t\t\t\t<div class=\"elementor-element elementor-element-3ab8029 elementor-widget elementor-widget-text-editor\" data-id=\"3ab8029\" data-element_type=\"widget\" data-e-type=\"widget\" data-widget_type=\"text-editor.default\">\n\t\t\t\t\t\t\t\t\t<p><em>Il m\u2019est agr\u00e9able de vous souhaiter la bienvenue sur son portail num\u00e9rique d\u00e9di\u00e9 \u00e0 la r\u00e9gion des Kouls\u00e9. <\/em><\/p><p><em>A travers ce portail, vous d\u00e9couvrirez la r\u00e9gion dans toute sa splendeur, sa diversit\u00e9 et son authenticit\u00e9.<\/em><\/p><p><em>\u00a0La r\u00e9gion des Kouls\u00e9, riche d&rsquo;un patrimoine naturel et culturel diversifi\u00e9, pr\u00e9sente un potentiel de d\u00e9veloppement \u00e9conomique important. Ses terres fertiles, ses ressources en eau et son positionnement g\u00e9ographique strat\u00e9gique en font un territoire attractif pour les investissements. De plus, la r\u00e9gion dispose d&rsquo;un savoir-faire artisanal reconnu et d&rsquo;un potentiel touristique qui vous \u00e9merveillera.<\/em><\/p><p><em>J\u2019invite les partenaires techniques et financiers ou tous les autres potentiels investisseurs \u00e0 prospecter les diff\u00e9rentes localit\u00e9s\/potentialit\u00e9s de la r\u00e9gion pour leurs investissements qui prennent en compte le bien-\u00eatre de la population et respectueux des textes en la mati\u00e8re.<\/em><\/p><p><em>Je vous rassure de l\u2019enti\u00e8re disponibilit\u00e9 et du plein engagement des autorit\u00e9s \u00e0 vous accompagner \u00e0 r\u00e9ussir vos projets et programmes.<\/em><\/p>\t\t\t\t\t\t\t\t<\/div>\n\t\t\t\t<\/div>\n\t\t\t\t<\/div>\n\t\t\t\t\t<\/div>\n\t\t\t\t<\/div>\n\t\t\t\t<\/div>\n\t\t","protected":false},"excerpt":{"rendered":"<p>Colonel-major Z.Blaise OUEDRAOGO Mot de bienvenue du Gouverneur Il m\u2019est agr\u00e9able de vous souhaiter la bienvenue sur son portail num\u00e9rique d\u00e9di\u00e9 \u00e0 la r\u00e9gion des Kouls\u00e9. A travers ce portail, vous d\u00e9couvrirez la r\u00e9gion dans toute sa splendeur, sa diversit\u00e9 et son authenticit\u00e9. \u00a0La r\u00e9gion des Kouls\u00e9, riche d&rsquo;un patrimoine naturel et culturel diversifi\u00e9, pr\u00e9sente [&hellip;]<\/p>\n","protected":false},"author":1,"featured_media":0,"parent":0,"menu_order":0,"comment_status":"closed","ping_status":"open","template":"elementor_header_footer","meta":{"footnotes":""},"class_list":["post-1265","page","type-page","status-publish","hentry"],"aioseo_notices":[],"_links":{"self":[{"href":"https:\/\/portail-regions.gov.bf\/koulse\/wp-json\/wp\/v2\/pages\/1265","targetHints":{"allow":["GET"]}}],"collection":[{"href":"https:\/\/portail-regions.gov.bf\/koulse\/wp-json\/wp\/v2\/pages"}],"about":[{"href":"https:\/\/portail-regions.gov.bf\/koulse\/wp-json\/wp\/v2\/types\/page"}],"author":[{"embeddable":true,"href":"https:\/\/portail-regions.gov.bf\/koulse\/wp-json\/wp\/v2\/users\/1"}],"replies":[{"embeddable":true,"href":"https:\/\/portail-regions.gov.bf\/koulse\/wp-json\/wp\/v2\/comments?post=1265"}],"version-history":[{"count":4,"href":"https:\/\/portail-regions.gov.bf\/koulse\/wp-json\/wp\/v2\/pages\/1265\/revisions"}],"predecessor-version":[{"id":1272,"href":"https:\/\/portail-regions.gov.bf\/koulse\/wp-json\/wp\/v2\/pages\/1265\/revisions\/1272"}],"wp:attachment":[{"href":"https:\/\/portail-regions.gov.bf\/koulse\/wp-json\/wp\/v2\/media?parent=1265"}],"curies":[{"name":"wp","href":"https:\/\/api.w.org\/{rel}","templated":true}]}}