{"id":1097,"date":"2026-03-11T01:46:04","date_gmt":"2026-03-11T01:46:04","guid":{"rendered":"https:\/\/portail-regions.gov.bf\/kadiogo\/?page_id=1097"},"modified":"2026-03-11T02:41:03","modified_gmt":"2026-03-11T02:41:03","slug":"mot-de-bienvenue","status":"publish","type":"page","link":"https:\/\/portail-regions.gov.bf\/kadiogo\/mot-de-bienvenue\/","title":{"rendered":"Mot de bienvenue"},"content":{"rendered":"\t\t<div data-elementor-type=\"wp-page\" data-elementor-id=\"1097\" class=\"elementor elementor-1097\" data-elementor-post-type=\"page\">\n\t\t\t\t<div data-particle_enable=\"false\" data-particle-mobile-disabled=\"false\" class=\"elementor-element elementor-element-b0596ef e-flex e-con-boxed e-con e-parent\" data-id=\"b0596ef\" data-element_type=\"container\" data-e-type=\"container\" data-settings=\"{&quot;background_background&quot;:&quot;classic&quot;}\">\n\t\t\t\t\t<div class=\"e-con-inner\">\n\t\t<div data-particle_enable=\"false\" data-particle-mobile-disabled=\"false\" class=\"elementor-element elementor-element-2396c0f e-con-full e-flex e-con e-child\" data-id=\"2396c0f\" data-element_type=\"container\" data-e-type=\"container\">\n\t\t<div data-particle_enable=\"false\" data-particle-mobile-disabled=\"false\" class=\"elementor-element elementor-element-1030c0b e-con-full e-flex e-con e-child\" data-id=\"1030c0b\" data-element_type=\"container\" data-e-type=\"container\" data-settings=\"{&quot;background_background&quot;:&quot;classic&quot;}\">\n\t\t\t\t<div class=\"elementor-element elementor-element-7b02458 elementor-widget elementor-widget-heading\" data-id=\"7b02458\" data-element_type=\"widget\" data-e-type=\"widget\" data-widget_type=\"heading.default\">\n\t\t\t\t\t<h2 class=\"elementor-heading-title elementor-size-default\">Monsieur Abdoulaye BASSINGA<\/h2>\t\t\t\t<\/div>\n\t\t\t\t<div class=\"elementor-element elementor-element-114ba61 elementor-widget elementor-widget-image\" data-id=\"114ba61\" data-element_type=\"widget\" data-e-type=\"widget\" data-widget_type=\"image.default\">\n\t\t\t\t\t\t\t\t\t\t\t\t\t\t\t<img fetchpriority=\"high\" decoding=\"async\" width=\"498\" height=\"545\" src=\"https:\/\/portail-regions.gov.bf\/kadiogo\/wp-content\/uploads\/2026\/03\/Photo-Gouverneur-Kadiogo.jpg\" class=\"attachment-large size-large wp-image-1106\" alt=\"\" \/>\t\t\t\t\t\t\t\t\t\t\t\t\t\t\t<\/div>\n\t\t\t\t<\/div>\n\t\t<div data-particle_enable=\"false\" data-particle-mobile-disabled=\"false\" class=\"elementor-element elementor-element-a869a81 e-con-full e-flex e-con e-child\" data-id=\"a869a81\" data-element_type=\"container\" data-e-type=\"container\">\n\t\t\t\t<div class=\"elementor-element elementor-element-4bb5b42 elementor-widget elementor-widget-heading\" data-id=\"4bb5b42\" data-element_type=\"widget\" data-e-type=\"widget\" data-widget_type=\"heading.default\">\n\t\t\t\t\t<h2 class=\"elementor-heading-title elementor-size-default\">Mot de bienvenue du Gouverneur<\/h2>\t\t\t\t<\/div>\n\t\t\t\t<div class=\"elementor-element elementor-element-3ab8029 elementor-widget elementor-widget-text-editor\" data-id=\"3ab8029\" data-element_type=\"widget\" data-e-type=\"widget\" data-widget_type=\"text-editor.default\">\n\t\t\t\t\t\t\t\t\t<p><strong><em>Bienvenue sur le portail num\u00e9rique officiel de la r\u00e9gion du Kadiogo\u00a0<\/em><\/strong>!<\/p><p>C\u2019est avec un immense honneur et un r\u00e9el plaisir que je vous accueille sur cette plateforme moderne, con\u00e7ue pour mettre en valeur les potentialit\u00e9s \u00e9conomiques, culturelles, touristiques et pour rapprocher l\u2019administration des citoyens, des partenaires et de tous ceux qui s\u2019int\u00e9ressent au d\u00e9veloppement de la r\u00e9gion.<\/p><p>Ce portail constitue un outil essentiel de communication, d\u2019information et de transparence. Il vous permet d\u2019acc\u00e9der aux actualit\u00e9s institutionnelles, aux projets de d\u00e9veloppement, ainsi qu\u2019aux opportunit\u00e9s \u00e9conomiques et sociales qui fa\u00e7onnent l\u2019avenir de la r\u00e9gion.<\/p><p>Anim\u00e9s par la volont\u00e9 de promouvoir une gouvernance ouverte, inclusive et orient\u00e9e vers les r\u00e9sultats, nous mettons le num\u00e9rique au service de l\u2019efficacit\u00e9 administrative et de l\u2019am\u00e9lioration continue de la qualit\u00e9 des services offerts aux populations.<\/p><p>V\u00e9ritable interface digitale, cet espace num\u00e9rique offre un acc\u00e8s privil\u00e9gi\u00e9 aux patrimoines de nos terroirs\u00a0; la r\u00e9gion du Kadiogo, la capitale politique du Burkina Faso.<\/p><p>Situ\u00e9e au c\u0153ur du Burkina, c\u2019est la r\u00e9gion la plus peupl\u00e9e du pays, un r\u00e9el Melting-pot culturel, une vitrine embl\u00e9matique de monuments historiques, de sites touristiques, et de la richesse et de la diversit\u00e9 culturelle du pays des Hommes int\u00e8gres. Terre d\u2019accueil et d\u2019hospitalit\u00e9, le Kadiogo\u00a0est un haut lieu touristique, une destination phare et une escale incontournable.<\/p><p>Ce portail est con\u00e7u avec le concours du Minist\u00e8re de la Transition Digitale, des Postes et des Communications \u00e9lectroniques. Je voudrais r\u00e9it\u00e9rer ma profonde gratitude \u00e0 Madame Aminata ZERBO\/SABANE, Ministre de la Transition Digitale, des Postes et des Communications Electroniques pour sa vision \u00e9clair\u00e9e. Aussi, je r\u00e9it\u00e8re ma reconnaissance \u00e0 l\u2019ensemble des acteurs pour leur franche collaboration.<\/p><p>Je vous invite \u00e0 explorer ce portail, \u00e0 vous informer, \u00e0 interagir et \u00e0 contribuer, chacun \u00e0 sa mani\u00e8re, au progr\u00e8s et au rayonnement de la r\u00e9gion.<\/p><p>Ensemble, b\u00e2tissons une administration moderne, proche des citoyens et r\u00e9solument tourn\u00e9e vers l\u2019avenir.<\/p><p><strong><em> Abdoulaye BASSINGA, Gouverneur de la r\u00e9gion du Kadiogo<\/em><\/strong><\/p>\t\t\t\t\t\t\t\t<\/div>\n\t\t\t\t<\/div>\n\t\t\t\t<\/div>\n\t\t\t\t\t<\/div>\n\t\t\t\t<\/div>\n\t\t\t\t<\/div>\n\t\t","protected":false},"excerpt":{"rendered":"<p>Monsieur Abdoulaye BASSINGA Mot de bienvenue du Gouverneur Bienvenue sur le portail num\u00e9rique officiel de la r\u00e9gion du Kadiogo\u00a0! C\u2019est avec un immense honneur et un r\u00e9el plaisir que je vous accueille sur cette plateforme moderne, con\u00e7ue pour mettre en valeur les potentialit\u00e9s \u00e9conomiques, culturelles, touristiques et pour rapprocher l\u2019administration des citoyens, des partenaires et [&hellip;]<\/p>\n","protected":false},"author":1,"featured_media":0,"parent":0,"menu_order":0,"comment_status":"closed","ping_status":"open","template":"elementor_header_footer","meta":{"footnotes":""},"class_list":["post-1097","page","type-page","status-publish","hentry"],"aioseo_notices":[],"_links":{"self":[{"href":"https:\/\/portail-regions.gov.bf\/kadiogo\/wp-json\/wp\/v2\/pages\/1097","targetHints":{"allow":["GET"]}}],"collection":[{"href":"https:\/\/portail-regions.gov.bf\/kadiogo\/wp-json\/wp\/v2\/pages"}],"about":[{"href":"https:\/\/portail-regions.gov.bf\/kadiogo\/wp-json\/wp\/v2\/types\/page"}],"author":[{"embeddable":true,"href":"https:\/\/portail-regions.gov.bf\/kadiogo\/wp-json\/wp\/v2\/users\/1"}],"replies":[{"embeddable":true,"href":"https:\/\/portail-regions.gov.bf\/kadiogo\/wp-json\/wp\/v2\/comments?post=1097"}],"version-history":[{"count":0,"href":"https:\/\/portail-regions.gov.bf\/kadiogo\/wp-json\/wp\/v2\/pages\/1097\/revisions"}],"wp:attachment":[{"href":"https:\/\/portail-regions.gov.bf\/kadiogo\/wp-json\/wp\/v2\/media?parent=1097"}],"curies":[{"name":"wp","href":"https:\/\/api.w.org\/{rel}","templated":true}]}}