{"id":897,"date":"2026-02-25T06:02:48","date_gmt":"2026-02-25T06:02:48","guid":{"rendered":"https:\/\/portail-regions.gov.bf\/guiriko\/?page_id=897"},"modified":"2026-03-27T17:08:11","modified_gmt":"2026-03-27T17:08:11","slug":"tourisme","status":"publish","type":"page","link":"https:\/\/portail-regions.gov.bf\/guiriko\/tourisme\/","title":{"rendered":"Tourisme"},"content":{"rendered":"\t\t<div data-elementor-type=\"wp-page\" data-elementor-id=\"897\" class=\"elementor elementor-897\" data-elementor-post-type=\"page\">\n\t\t\t\t<div data-particle_enable=\"false\" data-particle-mobile-disabled=\"false\" class=\"elementor-element elementor-element-7d35d12 e-flex e-con-boxed e-con e-parent\" data-id=\"7d35d12\" data-element_type=\"container\" data-e-type=\"container\" data-settings=\"{&quot;background_background&quot;:&quot;classic&quot;}\">\n\t\t\t\t\t<div class=\"e-con-inner\">\n\t\t\t\t<div class=\"elementor-element elementor-element-ba1a445 elementor-widget elementor-widget-heading\" data-id=\"ba1a445\" data-element_type=\"widget\" data-e-type=\"widget\" data-widget_type=\"heading.default\">\n\t\t\t\t\t<h2 class=\"elementor-heading-title elementor-size-default\">Tourisme<\/h2>\t\t\t\t<\/div>\n\t\t\t\t<div class=\"elementor-element elementor-element-8bbb0ca elementor-widget elementor-widget-eael-breadcrumbs\" data-id=\"8bbb0ca\" data-element_type=\"widget\" data-e-type=\"widget\" data-widget_type=\"eael-breadcrumbs.default\">\n\t\t\t\t<div class=\"elementor-widget-container\">\n\t\t\t\t\t\t\t<div class=\"eael-breadcrumbs\">\n\t\t\t<div class=\"eael-breadcrumbs__content\"><a href=\"https:\/\/portail-regions.gov.bf\/guiriko\">Accueil<\/a> <span class=\"eael-breadcrumb-separator\">\/<\/span> <span class = \"eael-current\">Page<\/span><\/div>\t\t<\/div>\n\t\t\t\t\t\t<\/div>\n\t\t\t\t<\/div>\n\t\t\t\t\t<\/div>\n\t\t\t\t<\/div>\n\t\t<div data-particle_enable=\"false\" data-particle-mobile-disabled=\"false\" class=\"elementor-element elementor-element-25d8739 e-flex e-con-boxed e-con e-parent\" data-id=\"25d8739\" data-element_type=\"container\" data-e-type=\"container\">\n\t\t\t\t\t<div class=\"e-con-inner\">\n\t\t<div data-particle_enable=\"false\" data-particle-mobile-disabled=\"false\" class=\"elementor-element elementor-element-c28698f e-con-full e-flex e-con e-child\" data-id=\"c28698f\" data-element_type=\"container\" data-e-type=\"container\">\n\t\t<div data-particle_enable=\"false\" data-particle-mobile-disabled=\"false\" class=\"elementor-element elementor-element-1be3b9e e-con-full e-flex e-con e-child\" data-id=\"1be3b9e\" data-element_type=\"container\" data-e-type=\"container\" data-settings=\"{&quot;background_background&quot;:&quot;classic&quot;}\">\n\t\t\t\t<div class=\"elementor-element elementor-element-b5fae97 elementor-align-center elementor-icon-list--layout-traditional elementor-list-item-link-full_width elementor-widget elementor-widget-icon-list\" data-id=\"b5fae97\" data-element_type=\"widget\" data-e-type=\"widget\" data-widget_type=\"icon-list.default\">\n\t\t\t\t\t\t\t<ul class=\"elementor-icon-list-items\">\n\t\t\t\t\t\t\t<li class=\"elementor-icon-list-item\">\n\t\t\t\t\t\t\t\t\t\t\t<span class=\"elementor-icon-list-icon\">\n\t\t\t\t\t\t\t<svg aria-hidden=\"true\" class=\"e-font-icon-svg e-fas-luggage-cart\" viewBox=\"0 0 640 512\" xmlns=\"http:\/\/www.w3.org\/2000\/svg\"><path d=\"M224 320h32V96h-32c-17.67 0-32 14.33-32 32v160c0 17.67 14.33 32 32 32zm352-32V128c0-17.67-14.33-32-32-32h-32v224h32c17.67 0 32-14.33 32-32zm48 96H128V16c0-8.84-7.16-16-16-16H16C7.16 0 0 7.16 0 16v32c0 8.84 7.16 16 16 16h48v368c0 8.84 7.16 16 16 16h82.94c-1.79 5.03-2.94 10.36-2.94 16 0 26.51 21.49 48 48 48s48-21.49 48-48c0-5.64-1.15-10.97-2.94-16h197.88c-1.79 5.03-2.94 10.36-2.94 16 0 26.51 21.49 48 48 48s48-21.49 48-48c0-5.64-1.15-10.97-2.94-16H624c8.84 0 16-7.16 16-16v-32c0-8.84-7.16-16-16-16zM480 96V48c0-26.51-21.49-48-48-48h-96c-26.51 0-48 21.49-48 48v272h192V96zm-48 0h-96V48h96v48z\"><\/path><\/svg>\t\t\t\t\t\t<\/span>\n\t\t\t\t\t\t\t\t\t\t<span class=\"elementor-icon-list-text\">Patrimoine culturel<\/span>\n\t\t\t\t\t\t\t\t\t<\/li>\n\t\t\t\t\t\t<\/ul>\n\t\t\t\t\t\t<\/div>\n\t\t\t\t<\/div>\n\t\t\t\t<div class=\"elementor-element elementor-element-4677585 eael-dual-header-content-align-left elementor-widget elementor-widget-eael-dual-color-header\" data-id=\"4677585\" data-element_type=\"widget\" data-e-type=\"widget\" data-widget_type=\"eael-dual-color-header.default\">\n\t\t\t\t\t\t\t\t<div class=\"eael-dual-header\">\n\t\t\t\t<h2 class=\"title eael-dch-title\"><span class=\"eael-dch-title-text eael-dch-title-lead lead solid-color\">Valeurs culturelles de r\u00e9f\u00e9rence<\/span> <span class=\"eael-dch-title-text\"><\/span><\/h2>\t\t\t\t\t<span class=\"subtext\"><p>A completer<\/p><\/span>\n\t\t\t\t\t\t\t<\/div>\n\n\t\t\t\t\t\t<\/div>\n\t\t\t\t<div class=\"elementor-element elementor-element-adb3623 eael-dual-header-content-align-left elementor-widget elementor-widget-eael-dual-color-header\" data-id=\"adb3623\" data-element_type=\"widget\" data-e-type=\"widget\" data-widget_type=\"eael-dual-color-header.default\">\n\t\t\t\t\t\t\t\t<div class=\"eael-dual-header\">\n\t\t\t\t<h2 class=\"title eael-dch-title\"><span class=\"eael-dch-title-text eael-dch-title-lead lead solid-color\">Arts et artisanat traditionnel<\/span> <span class=\"eael-dch-title-text\"><\/span><\/h2>\t\t\t\t\t<span class=\"subtext\"><p>A completer<\/p><\/span>\n\t\t\t\t\t\t\t<\/div>\n\n\t\t\t\t\t\t<\/div>\n\t\t\t\t<div class=\"elementor-element elementor-element-19507f6 eael-dual-header-content-align-left elementor-widget elementor-widget-eael-dual-color-header\" data-id=\"19507f6\" data-element_type=\"widget\" data-e-type=\"widget\" data-widget_type=\"eael-dual-color-header.default\">\n\t\t\t\t\t\t\t\t<div class=\"eael-dual-header\">\n\t\t\t\t<h2 class=\"title eael-dch-title\"><span class=\"eael-dch-title-text eael-dch-title-lead lead solid-color\">Musique et danse traditionnelle<\/span> <span class=\"eael-dch-title-text\"><\/span><\/h2>\t\t\t\t\t<span class=\"subtext\"><p>A completer<\/p><\/span>\n\t\t\t\t\t\t\t<\/div>\n\n\t\t\t\t\t\t<\/div>\n\t\t\t\t<div class=\"elementor-element elementor-element-058a607 eael-dual-header-content-align-left elementor-widget elementor-widget-eael-dual-color-header\" data-id=\"058a607\" data-element_type=\"widget\" data-e-type=\"widget\" data-widget_type=\"eael-dual-color-header.default\">\n\t\t\t\t\t\t\t\t<div class=\"eael-dual-header\">\n\t\t\t\t<h2 class=\"title eael-dch-title\"><span class=\"eael-dch-title-text eael-dch-title-lead lead solid-color\">Festivals locaux et \u00e9v\u00e9nements (agendas culturels)<\/span> <span class=\"eael-dch-title-text\"><\/span><\/h2>\t\t\t\t\t<span class=\"subtext\"><p>A completer<\/p><\/span>\n\t\t\t\t\t\t\t<\/div>\n\n\t\t\t\t\t\t<\/div>\n\t\t\t\t<div class=\"elementor-element elementor-element-5c79147 eael-dual-header-content-align-left elementor-widget elementor-widget-eael-dual-color-header\" data-id=\"5c79147\" data-element_type=\"widget\" data-e-type=\"widget\" data-widget_type=\"eael-dual-color-header.default\">\n\t\t\t\t\t\t\t\t<div class=\"eael-dual-header\">\n\t\t\t\t<h2 class=\"title eael-dch-title\"><span class=\"eael-dch-title-text eael-dch-title-lead lead solid-color\">Tr\u00e9sors humains vivants<\/span> <span class=\"eael-dch-title-text\"><\/span><\/h2>\t\t\t\t\t<span class=\"subtext\"><p>A completer<\/p><\/span>\n\t\t\t\t\t\t\t<\/div>\n\n\t\t\t\t\t\t<\/div>\n\t\t\t\t<div class=\"elementor-element elementor-element-8dbbf34 eael-dual-header-content-align-left elementor-widget elementor-widget-eael-dual-color-header\" data-id=\"8dbbf34\" data-element_type=\"widget\" data-e-type=\"widget\" data-widget_type=\"eael-dual-color-header.default\">\n\t\t\t\t\t\t\t\t<div class=\"eael-dual-header\">\n\t\t\t\t<h2 class=\"title eael-dch-title\"><span class=\"eael-dch-title-text eael-dch-title-lead lead solid-color\">Savoir-faire et savoir-\u00eatre endog\u00e8nes de paix et de coh\u00e9sion sociale<\/span> <span class=\"eael-dch-title-text\"><\/span><\/h2>\t\t\t\t\t<span class=\"subtext\"><p>A completer<\/p><\/span>\n\t\t\t\t\t\t\t<\/div>\n\n\t\t\t\t\t\t<\/div>\n\t\t\t\t<\/div>\n\t\t\t\t\t<\/div>\n\t\t\t\t<\/div>\n\t\t<div data-particle_enable=\"false\" data-particle-mobile-disabled=\"false\" class=\"elementor-element elementor-element-2d166f1 e-flex e-con-boxed e-con e-parent\" data-id=\"2d166f1\" data-element_type=\"container\" data-e-type=\"container\">\n\t\t\t\t\t<div class=\"e-con-inner\">\n\t\t<div data-particle_enable=\"false\" data-particle-mobile-disabled=\"false\" class=\"elementor-element elementor-element-0dde3f7 e-con-full e-flex e-con e-child\" data-id=\"0dde3f7\" data-element_type=\"container\" data-e-type=\"container\">\n\t\t<div data-particle_enable=\"false\" data-particle-mobile-disabled=\"false\" class=\"elementor-element elementor-element-3d14393 e-con-full e-flex e-con e-child\" data-id=\"3d14393\" data-element_type=\"container\" data-e-type=\"container\" data-settings=\"{&quot;background_background&quot;:&quot;classic&quot;}\">\n\t\t\t\t<div class=\"elementor-element elementor-element-532964a elementor-align-center elementor-icon-list--layout-traditional elementor-list-item-link-full_width elementor-widget elementor-widget-icon-list\" data-id=\"532964a\" data-element_type=\"widget\" data-e-type=\"widget\" data-widget_type=\"icon-list.default\">\n\t\t\t\t\t\t\t<ul class=\"elementor-icon-list-items\">\n\t\t\t\t\t\t\t<li class=\"elementor-icon-list-item\">\n\t\t\t\t\t\t\t\t\t\t\t<span class=\"elementor-icon-list-icon\">\n\t\t\t\t\t\t\t<svg aria-hidden=\"true\" class=\"e-font-icon-svg e-fas-luggage-cart\" viewBox=\"0 0 640 512\" xmlns=\"http:\/\/www.w3.org\/2000\/svg\"><path d=\"M224 320h32V96h-32c-17.67 0-32 14.33-32 32v160c0 17.67 14.33 32 32 32zm352-32V128c0-17.67-14.33-32-32-32h-32v224h32c17.67 0 32-14.33 32-32zm48 96H128V16c0-8.84-7.16-16-16-16H16C7.16 0 0 7.16 0 16v32c0 8.84 7.16 16 16 16h48v368c0 8.84 7.16 16 16 16h82.94c-1.79 5.03-2.94 10.36-2.94 16 0 26.51 21.49 48 48 48s48-21.49 48-48c0-5.64-1.15-10.97-2.94-16h197.88c-1.79 5.03-2.94 10.36-2.94 16 0 26.51 21.49 48 48 48s48-21.49 48-48c0-5.64-1.15-10.97-2.94-16H624c8.84 0 16-7.16 16-16v-32c0-8.84-7.16-16-16-16zM480 96V48c0-26.51-21.49-48-48-48h-96c-26.51 0-48 21.49-48 48v272h192V96zm-48 0h-96V48h96v48z\"><\/path><\/svg>\t\t\t\t\t\t<\/span>\n\t\t\t\t\t\t\t\t\t\t<span class=\"elementor-icon-list-text\">Tourisme<\/span>\n\t\t\t\t\t\t\t\t\t<\/li>\n\t\t\t\t\t\t<\/ul>\n\t\t\t\t\t\t<\/div>\n\t\t\t\t<\/div>\n\t\t\t\t<div class=\"elementor-element elementor-element-d34e447 eael-dual-header-content-align-center elementor-widget elementor-widget-eael-dual-color-header\" data-id=\"d34e447\" data-element_type=\"widget\" data-e-type=\"widget\" data-widget_type=\"eael-dual-color-header.default\">\n\t\t\t\t\t\t\t\t<div class=\"eael-dual-header\">\n\t\t\t\t<h2 class=\"title eael-dch-title\"><span class=\"eael-dch-title-text eael-dch-title-lead lead solid-color\">Sites touristique<\/span> <span class=\"eael-dch-title-text\"><\/span><\/h2>\t\t\t\t\t<span class=\"subtext\"><p>La R\u00e9gion dispose de plusieurs sites et attraits touristiques repartis dans les diff\u00e9rentes provinces. Toutefois, elle ne dispose que de 02 mus\u00e9es situ\u00e9s \u00e0 Bobo-Dioulasso. Il s\u2019agit du mus\u00e9e communal Sogossira SANON et du Centre S\u00e9noufo. On d\u00e9nombre plus de 70 sites touristiques dont 45 dans la province du Houet.<\/p><\/span>\n\t\t\t\t\t\t\t<\/div>\n\n\t\t\t\t\t\t<\/div>\n\t\t\t\t<\/div>\n\t\t\t\t<div class=\"elementor-element elementor-element-8490419 elementor-widget elementor-widget-gallery\" data-id=\"8490419\" data-element_type=\"widget\" data-e-type=\"widget\" data-settings=\"{&quot;lazyload&quot;:&quot;yes&quot;,&quot;gallery_layout&quot;:&quot;grid&quot;,&quot;columns&quot;:4,&quot;columns_tablet&quot;:2,&quot;columns_mobile&quot;:1,&quot;gap&quot;:{&quot;unit&quot;:&quot;px&quot;,&quot;size&quot;:10,&quot;sizes&quot;:[]},&quot;gap_widescreen&quot;:{&quot;unit&quot;:&quot;px&quot;,&quot;size&quot;:&quot;&quot;,&quot;sizes&quot;:[]},&quot;gap_laptop&quot;:{&quot;unit&quot;:&quot;px&quot;,&quot;size&quot;:10,&quot;sizes&quot;:[]},&quot;gap_tablet_extra&quot;:{&quot;unit&quot;:&quot;px&quot;,&quot;size&quot;:10,&quot;sizes&quot;:[]},&quot;gap_tablet&quot;:{&quot;unit&quot;:&quot;px&quot;,&quot;size&quot;:10,&quot;sizes&quot;:[]},&quot;gap_mobile_extra&quot;:{&quot;unit&quot;:&quot;px&quot;,&quot;size&quot;:10,&quot;sizes&quot;:[]},&quot;gap_mobile&quot;:{&quot;unit&quot;:&quot;px&quot;,&quot;size&quot;:10,&quot;sizes&quot;:[]},&quot;link_to&quot;:&quot;file&quot;,&quot;aspect_ratio&quot;:&quot;3:2&quot;,&quot;overlay_background&quot;:&quot;yes&quot;,&quot;content_hover_animation&quot;:&quot;fade-in&quot;}\" data-widget_type=\"gallery.default\">\n\t\t\t\t\t\t\t<div class=\"elementor-gallery__container\">\n\t\t\t\t\t\t\t<a class=\"e-gallery-item elementor-gallery-item elementor-animated-content\" href=\"https:\/\/portail-regions.gov.bf\/guiriko\/wp-content\/uploads\/2026\/02\/XRCA8069-FILEminimizer.jpg\" data-elementor-open-lightbox=\"yes\" data-elementor-lightbox-slideshow=\"8490419\" data-elementor-lightbox-title=\"XRCA8069 (FILEminimizer)\" data-e-action-hash=\"#elementor-action%3Aaction%3Dlightbox%26settings%3DeyJpZCI6MTA3MiwidXJsIjoiaHR0cHM6XC9cL3BvcnRhaWwtcmVnaW9ucy5nb3YuYmZcL2d1aXJpa29cL3dwLWNvbnRlbnRcL3VwbG9hZHNcLzIwMjZcLzAyXC9YUkNBODA2OS1GSUxFbWluaW1pemVyLmpwZyIsInNsaWRlc2hvdyI6Ijg0OTA0MTkifQ%3D%3D\">\n\t\t\t\t\t<div class=\"e-gallery-image elementor-gallery-item__image\" data-thumbnail=\"https:\/\/portail-regions.gov.bf\/guiriko\/wp-content\/uploads\/2026\/02\/XRCA8069-FILEminimizer.jpg\" data-width=\"300\" data-height=\"225\" aria-label=\"\" role=\"img\" ><\/div>\n\t\t\t\t\t\t\t\t\t\t\t<div class=\"elementor-gallery-item__overlay\"><\/div>\n\t\t\t\t\t\t\t\t\t\t\t\t\t\t<\/a>\n\t\t\t\t\t\t\t<a class=\"e-gallery-item elementor-gallery-item elementor-animated-content\" href=\"https:\/\/portail-regions.gov.bf\/guiriko\/wp-content\/uploads\/2026\/02\/JFWJ6406-FILEminimizer.jpg\" data-elementor-open-lightbox=\"yes\" data-elementor-lightbox-slideshow=\"8490419\" data-elementor-lightbox-title=\"JFWJ6406 (FILEminimizer)\" data-e-action-hash=\"#elementor-action%3Aaction%3Dlightbox%26settings%3DeyJpZCI6MTA2NywidXJsIjoiaHR0cHM6XC9cL3BvcnRhaWwtcmVnaW9ucy5nb3YuYmZcL2d1aXJpa29cL3dwLWNvbnRlbnRcL3VwbG9hZHNcLzIwMjZcLzAyXC9KRldKNjQwNi1GSUxFbWluaW1pemVyLmpwZyIsInNsaWRlc2hvdyI6Ijg0OTA0MTkifQ%3D%3D\">\n\t\t\t\t\t<div class=\"e-gallery-image elementor-gallery-item__image\" data-thumbnail=\"https:\/\/portail-regions.gov.bf\/guiriko\/wp-content\/uploads\/2026\/02\/JFWJ6406-FILEminimizer.jpg\" data-width=\"300\" data-height=\"225\" aria-label=\"\" role=\"img\" ><\/div>\n\t\t\t\t\t\t\t\t\t\t\t<div class=\"elementor-gallery-item__overlay\"><\/div>\n\t\t\t\t\t\t\t\t\t\t\t\t\t\t<\/a>\n\t\t\t\t\t\t\t<a class=\"e-gallery-item elementor-gallery-item elementor-animated-content\" href=\"https:\/\/portail-regions.gov.bf\/guiriko\/wp-content\/uploads\/2026\/02\/DMBN9139-FILEminimizer.jpg\" data-elementor-open-lightbox=\"yes\" data-elementor-lightbox-slideshow=\"8490419\" data-elementor-lightbox-title=\"DMBN9139 (FILEminimizer)\" data-e-action-hash=\"#elementor-action%3Aaction%3Dlightbox%26settings%3DeyJpZCI6MTA1MSwidXJsIjoiaHR0cHM6XC9cL3BvcnRhaWwtcmVnaW9ucy5nb3YuYmZcL2d1aXJpa29cL3dwLWNvbnRlbnRcL3VwbG9hZHNcLzIwMjZcLzAyXC9ETUJOOTEzOS1GSUxFbWluaW1pemVyLmpwZyIsInNsaWRlc2hvdyI6Ijg0OTA0MTkifQ%3D%3D\">\n\t\t\t\t\t<div class=\"e-gallery-image elementor-gallery-item__image\" data-thumbnail=\"https:\/\/portail-regions.gov.bf\/guiriko\/wp-content\/uploads\/2026\/02\/DMBN9139-FILEminimizer.jpg\" data-width=\"225\" data-height=\"300\" aria-label=\"\" role=\"img\" ><\/div>\n\t\t\t\t\t\t\t\t\t\t\t<div class=\"elementor-gallery-item__overlay\"><\/div>\n\t\t\t\t\t\t\t\t\t\t\t\t\t\t<\/a>\n\t\t\t\t\t\t\t<a class=\"e-gallery-item elementor-gallery-item elementor-animated-content\" href=\"https:\/\/portail-regions.gov.bf\/guiriko\/wp-content\/uploads\/2026\/02\/IMG_E1172-FILEminimizer.jpg\" data-elementor-open-lightbox=\"yes\" data-elementor-lightbox-slideshow=\"8490419\" data-elementor-lightbox-title=\"IMG_E1172 (FILEminimizer)\" data-e-action-hash=\"#elementor-action%3Aaction%3Dlightbox%26settings%3DeyJpZCI6MTA2MywidXJsIjoiaHR0cHM6XC9cL3BvcnRhaWwtcmVnaW9ucy5nb3YuYmZcL2d1aXJpa29cL3dwLWNvbnRlbnRcL3VwbG9hZHNcLzIwMjZcLzAyXC9JTUdfRTExNzItRklMRW1pbmltaXplci5qcGciLCJzbGlkZXNob3ciOiI4NDkwNDE5In0%3D\">\n\t\t\t\t\t<div class=\"e-gallery-image elementor-gallery-item__image\" data-thumbnail=\"https:\/\/portail-regions.gov.bf\/guiriko\/wp-content\/uploads\/2026\/02\/IMG_E1172-FILEminimizer.jpg\" data-width=\"300\" data-height=\"176\" aria-label=\"\" role=\"img\" ><\/div>\n\t\t\t\t\t\t\t\t\t\t\t<div class=\"elementor-gallery-item__overlay\"><\/div>\n\t\t\t\t\t\t\t\t\t\t\t\t\t\t<\/a>\n\t\t\t\t\t<\/div>\n\t\t\t\t\t<\/div>\n\t\t\t\t<div class=\"elementor-element elementor-element-d8b10d7 elementor-align-center elementor-widget elementor-widget-button\" data-id=\"d8b10d7\" data-element_type=\"widget\" data-e-type=\"widget\" data-widget_type=\"button.default\">\n\t\t\t\t\t\t\t\t\t\t<a class=\"elementor-button elementor-button-link elementor-size-sm\" href=\"https:\/\/portail-regions.gov.bf\/guiriko\/sites-touristiques\/\">\n\t\t\t\t\t\t<span class=\"elementor-button-content-wrapper\">\n\t\t\t\t\t\t\t\t\t<span class=\"elementor-button-text\">Voir plus de sites<\/span>\n\t\t\t\t\t<\/span>\n\t\t\t\t\t<\/a>\n\t\t\t\t\t\t\t\t<\/div>\n\t\t\t\t\t<\/div>\n\t\t\t\t<\/div>\n\t\t\t\t<\/div>\n\t\t","protected":false},"excerpt":{"rendered":"<p>Tourisme Accueil \/ Page Patrimoine culturel Valeurs culturelles de r\u00e9f\u00e9rence A completer Arts et artisanat traditionnel A completer Musique et danse traditionnelle A completer Festivals locaux et \u00e9v\u00e9nements (agendas culturels) A completer Tr\u00e9sors humains vivants A completer Savoir-faire et savoir-\u00eatre endog\u00e8nes de paix et de coh\u00e9sion sociale A completer Tourisme Sites touristique La R\u00e9gion dispose [&hellip;]<\/p>\n","protected":false},"author":1,"featured_media":0,"parent":0,"menu_order":0,"comment_status":"closed","ping_status":"closed","template":"","meta":{"footnotes":""},"class_list":["post-897","page","type-page","status-publish","hentry"],"aioseo_notices":[],"_links":{"self":[{"href":"https:\/\/portail-regions.gov.bf\/guiriko\/wp-json\/wp\/v2\/pages\/897","targetHints":{"allow":["GET"]}}],"collection":[{"href":"https:\/\/portail-regions.gov.bf\/guiriko\/wp-json\/wp\/v2\/pages"}],"about":[{"href":"https:\/\/portail-regions.gov.bf\/guiriko\/wp-json\/wp\/v2\/types\/page"}],"author":[{"embeddable":true,"href":"https:\/\/portail-regions.gov.bf\/guiriko\/wp-json\/wp\/v2\/users\/1"}],"replies":[{"embeddable":true,"href":"https:\/\/portail-regions.gov.bf\/guiriko\/wp-json\/wp\/v2\/comments?post=897"}],"version-history":[{"count":0,"href":"https:\/\/portail-regions.gov.bf\/guiriko\/wp-json\/wp\/v2\/pages\/897\/revisions"}],"wp:attachment":[{"href":"https:\/\/portail-regions.gov.bf\/guiriko\/wp-json\/wp\/v2\/media?parent=897"}],"curies":[{"name":"wp","href":"https:\/\/api.w.org\/{rel}","templated":true}]}}