{"id":971,"date":"2026-02-25T09:17:04","date_gmt":"2026-02-25T09:17:04","guid":{"rendered":"https:\/\/portail-regions.gov.bf\/bankui\/?page_id=971"},"modified":"2026-02-25T09:46:35","modified_gmt":"2026-02-25T09:46:35","slug":"actualites","status":"publish","type":"page","link":"https:\/\/portail-regions.gov.bf\/bankui\/actualites\/","title":{"rendered":"Actualit\u00e9s"},"content":{"rendered":"\t\t<div data-elementor-type=\"wp-page\" data-elementor-id=\"971\" class=\"elementor elementor-971\" data-elementor-post-type=\"page\">\n\t\t\t\t<div data-particle_enable=\"false\" data-particle-mobile-disabled=\"false\" class=\"elementor-element elementor-element-7d35d12 e-flex e-con-boxed e-con e-parent\" data-id=\"7d35d12\" data-element_type=\"container\" data-e-type=\"container\" data-settings=\"{&quot;background_background&quot;:&quot;classic&quot;}\">\n\t\t\t\t\t<div class=\"e-con-inner\">\n\t\t\t\t<div class=\"elementor-element elementor-element-ba1a445 elementor-widget elementor-widget-heading\" data-id=\"ba1a445\" data-element_type=\"widget\" data-e-type=\"widget\" data-widget_type=\"heading.default\">\n\t\t\t\t\t<h2 class=\"elementor-heading-title elementor-size-default\">Actualit\u00e9s<\/h2>\t\t\t\t<\/div>\n\t\t\t\t<div class=\"elementor-element elementor-element-8bbb0ca elementor-widget elementor-widget-eael-breadcrumbs\" data-id=\"8bbb0ca\" data-element_type=\"widget\" data-e-type=\"widget\" data-widget_type=\"eael-breadcrumbs.default\">\n\t\t\t\t<div class=\"elementor-widget-container\">\n\t\t\t\t\t\t\t<div class=\"eael-breadcrumbs\">\n\t\t\t<div class=\"eael-breadcrumbs__content\"><a href=\"https:\/\/portail-regions.gov.bf\/bankui\">Accueil<\/a> <span class=\"eael-breadcrumb-separator\">\/<\/span> <span class = \"eael-current\">Page<\/span><\/div>\t\t<\/div>\n\t\t\t\t\t\t<\/div>\n\t\t\t\t<\/div>\n\t\t\t\t\t<\/div>\n\t\t\t\t<\/div>\n\t\t<div data-particle_enable=\"false\" data-particle-mobile-disabled=\"false\" class=\"elementor-element elementor-element-9870239 e-flex e-con-boxed e-con e-parent\" data-id=\"9870239\" data-element_type=\"container\" data-e-type=\"container\">\n\t\t\t\t\t<div class=\"e-con-inner\">\n\t\t\t\t<div class=\"elementor-element elementor-element-c72b4ac elementor-grid-laptop-eael-col-4 elementor-grid-tablet_extra-eael-col-3 elementor-grid-eael-col-4 elementor-grid-tablet-eael-col-2 elementor-grid-mobile-eael-col-1 elementor-widget elementor-widget-eael-post-grid\" data-id=\"c72b4ac\" data-element_type=\"widget\" data-e-type=\"widget\" data-settings=\"{&quot;eael_post_grid_columns_laptop&quot;:&quot;eael-col-4&quot;,&quot;eael_post_grid_columns_tablet_extra&quot;:&quot;eael-col-3&quot;,&quot;eael_post_grid_columns&quot;:&quot;eael-col-4&quot;,&quot;eael_post_grid_columns_tablet&quot;:&quot;eael-col-2&quot;,&quot;eael_post_grid_columns_mobile&quot;:&quot;eael-col-1&quot;}\" data-widget_type=\"eael-post-grid.default\">\n\t\t\t\t\t<div id=\"eael-post-grid-c72b4ac\" class=\"eael-post-grid-container\">\n            <div class=\"eael-post-grid eael-post-appender eael-post-appender-c72b4ac eael-post-grid-style-three\" data-layout-mode=\"masonry\"><article class=\"eael-grid-post  eael-post-grid-column eael-pg-post-353 category-non-classe\" data-id=\"353\">\n        <div class=\"eael-grid-post-holder\">\n            <div class=\"eael-grid-post-holder-inner\"><div class=\"eael-entry-media\"><ul class=\"post-carousel-categories\"><li><a href=\"https:\/\/portail-regions.gov.bf\/bankui\/category\/non-classe\/\">Actualit\u00e9<\/a><\/li><\/ul><div class=\"eael-entry-overlay fade-in\"><i class=\"fas fa-long-arrow-alt-right\" aria-hidden=\"true\"><\/i><a href=\"https:\/\/portail-regions.gov.bf\/bankui\/2026\/04\/05\/%f0%9d%97%96%f0%9d%97%9b%f0%9d%97%94%f0%9d%97%a0%f0%9d%97%a3%f0%9d%97%9c%f0%9d%97%a2%f0%9d%97%a1%f0%9d%97%a1%f0%9d%97%94%f0%9d%97%a7-%f0%9d%97%a1%f0%9d%97%94%f0%9d%97%a7%f0%9d%97%9c%f0%9d%97%a2\/\"><\/a><\/div><div class=\"eael-entry-thumbnail \">\n                 <img fetchpriority=\"high\" decoding=\"async\" width=\"300\" height=\"200\" src=\"https:\/\/portail-regions.gov.bf\/bankui\/wp-content\/uploads\/2025\/11\/lutte-300x200.jpg\" class=\"attachment-medium size-medium wp-image-1257\" alt=\"\" srcset=\"https:\/\/portail-regions.gov.bf\/bankui\/wp-content\/uploads\/2025\/11\/lutte-300x200.jpg 300w, https:\/\/portail-regions.gov.bf\/bankui\/wp-content\/uploads\/2025\/11\/lutte.jpg 590w\" sizes=\"(max-width: 300px) 100vw, 300px\" \/>\n             <\/div>\n        <\/div><div class=\"eael-entry-wrapper\"><header class=\"eael-entry-header\"><h2 class=\"eael-entry-title\"><a class=\"eael-grid-post-link\" href=\"https:\/\/portail-regions.gov.bf\/bankui\/2026\/04\/05\/%f0%9d%97%96%f0%9d%97%9b%f0%9d%97%94%f0%9d%97%a0%f0%9d%97%a3%f0%9d%97%9c%f0%9d%97%a2%f0%9d%97%a1%f0%9d%97%a1%f0%9d%97%94%f0%9d%97%a7-%f0%9d%97%a1%f0%9d%97%94%f0%9d%97%a7%f0%9d%97%9c%f0%9d%97%a2\/\" title=\"\ud835\uddd6\ud835\udddb\ud835\uddd4\ud835\udde0\ud835\udde3\ud835\udddc\ud835\udde2\ud835\udde1\ud835\udde1\ud835\uddd4\ud835\udde7 \ud835\udde1\ud835\uddd4\ud835\udde7\ud835\udddc\ud835\udde2\ud835\udde1\ud835\uddd4\ud835\udddf \ud835\uddd7\ud835\uddd8 \ud835\udddf\ud835\udde8\ud835\udde7\ud835\udde7\ud835\uddd8: \ud835\uddf9\ud835\uddf2 \ud835\uddda\ud835\uddfc\ud835\ude02\ud835\ude03\ud835\uddf2\ud835\uddff\ud835\uddfb\ud835\uddf2\ud835\ude02\ud835\uddff \ud835\uddf1\ud835\uddf2\ud835\ude00 \ud835\udde5\ud835\uddf2\u0301\ud835\uddf4\ud835\uddf6\ud835\uddfc\ud835\uddfb\ud835\ude00 \ud835\uddf1\ud835\uddf2 \ud835\uddd5\ud835\uddee\ud835\uddfb\ud835\uddf8\ud835\ude02\ud835\uddf6 \ud835\uddf2\ud835\ude01 \ud835\udde6\ud835\uddfc\ud835\ude02\ud835\uddff\ud835\uddfc\ud835\ude02, \ud835\uddf5\ud835\uddfc\ud835\uddfb\ud835\uddfc\ud835\uddff\ud835\uddf2\u0301 \ud835\uddfd\ud835\uddee\ud835\uddff \ud835\uddf9\ud835\uddee \ud835\ude03\ud835\uddf6\ud835\uddf0\ud835\ude01\ud835\uddfc\ud835\uddf6\ud835\uddff\ud835\uddf2 \ud835\uddf1\ud835\uddf2 \ud835\uddde\ud835\uddf2\ud835\ude03\ud835\uddf6\ud835\uddfb \ud835\udde0\ud835\udde2\ud835\udde6\ud835\udde6\ud835\uddd8\u0301 \ud835\uddf2\ud835\ude01 \ud835\udde5\ud835\uddf6\ud835\uddf5\ud835\uddee\ud835\uddfb\ud835\uddee\ud835\ude01\ud835\uddfc\ud835\ude02 \ud835\uddd7\ud835\udddc\ud835\uddd4\ud835\udddf\ud835\udddf\ud835\udde2 \ud835\uddff\ud835\uddf2\ud835\ude00\ud835\uddfd\ud835\uddf2\ud835\uddf0\ud835\ude01\ud835\uddf6\ud835\ude03\ud835\uddf2\ud835\uddfa\ud835\uddf2\ud835\uddfb\ud835\ude01 \ud835\udde5\ud835\uddfc\ud835\uddf6 \ud835\uddf2\ud835\ude01 \ud835\udde5\ud835\uddf2\ud835\uddf6\ud835\uddfb\ud835\uddf2 \ud835\udfee\ud835\udfec\ud835\udfee\ud835\udff2\">\ud835\uddd6\ud835\udddb\ud835\uddd4\ud835\udde0\ud835\udde3\ud835\udddc\ud835\udde2\ud835\udde1\ud835\udde1\ud835\uddd4\ud835\udde7 \ud835\udde1\ud835\uddd4\ud835\udde7\ud835\udddc\ud835\udde2\ud835\udde1\ud835\uddd4\ud835\udddf \ud835\uddd7\ud835\uddd8 \ud835\udddf\ud835\udde8\ud835\udde7\ud835\udde7\ud835\uddd8: \ud835\uddf9\ud835\uddf2 \ud835\uddda\ud835\uddfc\ud835\ude02\ud835\ude03\ud835\uddf2\ud835\uddff\ud835\uddfb\ud835\uddf2\ud835\ude02\ud835\uddff \ud835\uddf1\ud835\uddf2\ud835\ude00 \ud835\udde5\ud835\uddf2\u0301\ud835\uddf4\ud835\uddf6\ud835\uddfc\ud835\uddfb\ud835\ude00 \ud835\uddf1\ud835\uddf2 \ud835\uddd5\ud835\uddee\ud835\uddfb\ud835\uddf8\ud835\ude02\ud835\uddf6 \ud835\uddf2\ud835\ude01 \ud835\udde6\ud835\uddfc\ud835\ude02\ud835\uddff\ud835\uddfc\ud835\ude02, \ud835\uddf5\ud835\uddfc\ud835\uddfb\ud835\uddfc\ud835\uddff\ud835\uddf2\u0301 \ud835\uddfd\ud835\uddee\ud835\uddff \ud835\uddf9\ud835\uddee \ud835\ude03\ud835\uddf6\ud835\uddf0\ud835\ude01\ud835\uddfc\ud835\uddf6\ud835\uddff\ud835\uddf2 \ud835\uddf1\ud835\uddf2 \ud835\uddde\ud835\uddf2\ud835\ude03\ud835\uddf6\ud835\uddfb \ud835\udde0\ud835\udde2\ud835\udde6\ud835\udde6\ud835\uddd8\u0301 \ud835\uddf2\ud835\ude01 \ud835\udde5\ud835\uddf6\ud835\uddf5\ud835\uddee\ud835\uddfb\ud835\uddee\ud835\ude01\ud835\uddfc\ud835\ude02 \ud835\uddd7\ud835\udddc\ud835\uddd4\ud835\udddf\ud835\udddf\ud835\udde2 \ud835\uddff\ud835\uddf2\ud835\ude00\ud835\uddfd\ud835\uddf2\ud835\uddf0\ud835\ude01\ud835\uddf6\ud835\ude03\ud835\uddf2\ud835\uddfa\ud835\uddf2\ud835\uddfb\ud835\ude01 \ud835\udde5\ud835\uddfc\ud835\uddf6 \ud835\uddf2\ud835\ude01 \ud835\udde5\ud835\uddf2\ud835\uddf6\ud835\uddfb\ud835\uddf2 \ud835\udfee\ud835\udfec\ud835\udfee\ud835\udff2<\/a><\/h2><\/header><div class=\"eael-entry-meta\"><span class=\"eael-posted-on\"><time datetime=\"5 avril 2026\">5 avril 2026<\/time><\/span><\/div><div class=\"eael-entry-content\">\n                        <div class=\"eael-grid-post-excerpt\"><a href=\"https:\/\/portail-regions.gov.bf\/bankui\/2026\/04\/05\/%f0%9d%97%96%f0%9d%97%9b%f0%9d%97%94%f0%9d%97%a0%f0%9d%97%a3%f0%9d%97%9c%f0%9d%97%a2%f0%9d%97%a1%f0%9d%97%a1%f0%9d%97%94%f0%9d%97%a7-%f0%9d%97%a1%f0%9d%97%94%f0%9d%97%a7%f0%9d%97%9c%f0%9d%97%a2\/\" class=\"eael-post-elements-readmore-btn\">Lire +<\/a><\/div>\n                    <\/div><\/div><\/div>\n        <\/div>\n    <\/article><article class=\"eael-grid-post  eael-post-grid-column eael-pg-post-345 category-non-classe\" data-id=\"345\">\n        <div class=\"eael-grid-post-holder\">\n            <div class=\"eael-grid-post-holder-inner\"><div class=\"eael-entry-media\"><ul class=\"post-carousel-categories\"><li><a href=\"https:\/\/portail-regions.gov.bf\/bankui\/category\/non-classe\/\">Actualit\u00e9<\/a><\/li><\/ul><div class=\"eael-entry-overlay fade-in\"><i class=\"fas fa-long-arrow-alt-right\" aria-hidden=\"true\"><\/i><a href=\"https:\/\/portail-regions.gov.bf\/bankui\/2026\/04\/05\/%f0%9d%99%88%f0%9d%99%80%f0%9d%99%8e%f0%9d%99%8e%f0%9d%98%bc%f0%9d%99%82%f0%9d%99%80-%f0%9d%99%99%f0%9d%99%aa-%f0%9d%99%82%f0%9d%99%a4%f0%9d%99%aa%f0%9d%99%ab%f0%9d%99%9a%f0%9d%99%a7%f0%9d%99%a3\/\"><\/a><\/div><div class=\"eael-entry-thumbnail \">\n                 <img decoding=\"async\" width=\"300\" height=\"200\" src=\"https:\/\/portail-regions.gov.bf\/bankui\/wp-content\/uploads\/2025\/11\/Message-paques-300x200.jpg\" class=\"attachment-medium size-medium wp-image-1253\" alt=\"\" srcset=\"https:\/\/portail-regions.gov.bf\/bankui\/wp-content\/uploads\/2025\/11\/Message-paques-300x200.jpg 300w, https:\/\/portail-regions.gov.bf\/bankui\/wp-content\/uploads\/2025\/11\/Message-paques-768x513.jpg 768w, https:\/\/portail-regions.gov.bf\/bankui\/wp-content\/uploads\/2025\/11\/Message-paques.jpg 809w\" sizes=\"(max-width: 300px) 100vw, 300px\" \/>\n             <\/div>\n        <\/div><div class=\"eael-entry-wrapper\"><header class=\"eael-entry-header\"><h2 class=\"eael-entry-title\"><a class=\"eael-grid-post-link\" href=\"https:\/\/portail-regions.gov.bf\/bankui\/2026\/04\/05\/%f0%9d%99%88%f0%9d%99%80%f0%9d%99%8e%f0%9d%99%8e%f0%9d%98%bc%f0%9d%99%82%f0%9d%99%80-%f0%9d%99%99%f0%9d%99%aa-%f0%9d%99%82%f0%9d%99%a4%f0%9d%99%aa%f0%9d%99%ab%f0%9d%99%9a%f0%9d%99%a7%f0%9d%99%a3\/\" title=\"\ud835\ude48\ud835\ude40\ud835\ude4e\ud835\ude4e\ud835\ude3c\ud835\ude42\ud835\ude40 \ud835\ude59\ud835\ude6a \ud835\ude42\ud835\ude64\ud835\ude6a\ud835\ude6b\ud835\ude5a\ud835\ude67\ud835\ude63\ud835\ude5a\ud835\ude6a\ud835\ude67 \ud835\ude59\ud835\ude5a\ud835\ude68 \ud835\ude4d\ud835\ude5a\u0301\ud835\ude5c\ud835\ude5e\ud835\ude64\ud835\ude63\ud835\ude68 \ud835\ude59\ud835\ude5a \ud835\ude3d\ud835\ude56\ud835\ude63\ud835\ude60\ud835\ude6a\ud835\ude5e \ud835\ude5a\ud835\ude69 \ud835\ude4e\ud835\ude64\ud835\ude6a\ud835\ude67\ud835\ude64\ud835\ude6a \ud835\ude56\u0300 \ud835\ude61&rsquo;\ud835\ude64\ud835\ude58\ud835\ude58\ud835\ude56\ud835\ude68\ud835\ude5e\ud835\ude64\ud835\ude63 \ud835\ude59\ud835\ude5a \ud835\ude61\ud835\ude56 \ud835\ude58\ud835\ude5a\u0301\ud835\ude61\ud835\ude5a\u0301\ud835\ude57\ud835\ude67\ud835\ude56\ud835\ude69\ud835\ude5e\ud835\ude64\ud835\ude63 \ud835\ude59\ud835\ude5a \ud835\ude61\ud835\ude56 \ud835\ude5b\ud835\ude5a\u0302\ud835\ude69\ud835\ude5a \ud835\ude59\ud835\ude5a \ud835\ude4b\ud835\ude56\u0302\ud835\ude66\ud835\ude6a\ud835\ude5a\ud835\ude68\">\ud835\ude48\ud835\ude40\ud835\ude4e\ud835\ude4e\ud835\ude3c\ud835\ude42\ud835\ude40 \ud835\ude59\ud835\ude6a \ud835\ude42\ud835\ude64\ud835\ude6a\ud835\ude6b\ud835\ude5a\ud835\ude67\ud835\ude63\ud835\ude5a\ud835\ude6a\ud835\ude67 \ud835\ude59\ud835\ude5a\ud835\ude68 \ud835\ude4d\ud835\ude5a\u0301\ud835\ude5c\ud835\ude5e\ud835\ude64\ud835\ude63\ud835\ude68 \ud835\ude59\ud835\ude5a \ud835\ude3d\ud835\ude56\ud835\ude63\ud835\ude60\ud835\ude6a\ud835\ude5e \ud835\ude5a\ud835\ude69 \ud835\ude4e\ud835\ude64\ud835\ude6a\ud835\ude67\ud835\ude64\ud835\ude6a \ud835\ude56\u0300 \ud835\ude61&rsquo;\ud835\ude64\ud835\ude58\ud835\ude58\ud835\ude56\ud835\ude68\ud835\ude5e\ud835\ude64\ud835\ude63 \ud835\ude59\ud835\ude5a \ud835\ude61\ud835\ude56 \ud835\ude58\ud835\ude5a\u0301\ud835\ude61\ud835\ude5a\u0301\ud835\ude57\ud835\ude67\ud835\ude56\ud835\ude69\ud835\ude5e\ud835\ude64\ud835\ude63 \ud835\ude59\ud835\ude5a \ud835\ude61\ud835\ude56 \ud835\ude5b\ud835\ude5a\u0302\ud835\ude69\ud835\ude5a \ud835\ude59\ud835\ude5a \ud835\ude4b\ud835\ude56\u0302\ud835\ude66\ud835\ude6a\ud835\ude5a\ud835\ude68<\/a><\/h2><\/header><div class=\"eael-entry-meta\"><span class=\"eael-posted-on\"><time datetime=\"5 avril 2026\">5 avril 2026<\/time><\/span><\/div><div class=\"eael-entry-content\">\n                        <div class=\"eael-grid-post-excerpt\"><a href=\"https:\/\/portail-regions.gov.bf\/bankui\/2026\/04\/05\/%f0%9d%99%88%f0%9d%99%80%f0%9d%99%8e%f0%9d%99%8e%f0%9d%98%bc%f0%9d%99%82%f0%9d%99%80-%f0%9d%99%99%f0%9d%99%aa-%f0%9d%99%82%f0%9d%99%a4%f0%9d%99%aa%f0%9d%99%ab%f0%9d%99%9a%f0%9d%99%a7%f0%9d%99%a3\/\" class=\"eael-post-elements-readmore-btn\">Lire +<\/a><\/div>\n                    <\/div><\/div><\/div>\n        <\/div>\n    <\/article><article class=\"eael-grid-post  eael-post-grid-column eael-pg-post-351 category-non-classe\" data-id=\"351\">\n        <div class=\"eael-grid-post-holder\">\n            <div class=\"eael-grid-post-holder-inner\"><div class=\"eael-entry-media\"><ul class=\"post-carousel-categories\"><li><a href=\"https:\/\/portail-regions.gov.bf\/bankui\/category\/non-classe\/\">Actualit\u00e9<\/a><\/li><\/ul><div class=\"eael-entry-overlay fade-in\"><i class=\"fas fa-long-arrow-alt-right\" aria-hidden=\"true\"><\/i><a href=\"https:\/\/portail-regions.gov.bf\/bankui\/2026\/04\/04\/%f0%9d%97%97%f0%9d%97%98%f0%9d%97%97%f0%9d%97%a2%f0%9d%97%a8%f0%9d%97%9a%f0%9d%97%a2%f0%9d%97%a8-%f0%9d%97%9c%f0%9d%97%9c%f0%9d%97%9c-%f0%9d%97%b2%f0%9d%97%ba%f0%9d%97%b2-%f0%9d%97%98\/\"><\/a><\/div><div class=\"eael-entry-thumbnail \">\n                 <img decoding=\"async\" width=\"225\" height=\"300\" src=\"https:\/\/portail-regions.gov.bf\/bankui\/wp-content\/uploads\/2025\/11\/journee-citoyenne-225x300.jpg\" class=\"attachment-medium size-medium wp-image-1252\" alt=\"\" srcset=\"https:\/\/portail-regions.gov.bf\/bankui\/wp-content\/uploads\/2025\/11\/journee-citoyenne-225x300.jpg 225w, https:\/\/portail-regions.gov.bf\/bankui\/wp-content\/uploads\/2025\/11\/journee-citoyenne.jpg 443w\" sizes=\"(max-width: 225px) 100vw, 225px\" \/>\n             <\/div>\n        <\/div><div class=\"eael-entry-wrapper\"><header class=\"eael-entry-header\"><h2 class=\"eael-entry-title\"><a class=\"eael-grid-post-link\" href=\"https:\/\/portail-regions.gov.bf\/bankui\/2026\/04\/04\/%f0%9d%97%97%f0%9d%97%98%f0%9d%97%97%f0%9d%97%a2%f0%9d%97%a8%f0%9d%97%9a%f0%9d%97%a2%f0%9d%97%a8-%f0%9d%97%9c%f0%9d%97%9c%f0%9d%97%9c-%f0%9d%97%b2%f0%9d%97%ba%f0%9d%97%b2-%f0%9d%97%98\/\" title=\"\ud835\uddd7\ud835\uddd8\ud835\uddd7\ud835\udde2\ud835\udde8\ud835\uddda\ud835\udde2\ud835\udde8: \ud835\udddc\ud835\udddc\ud835\udddc \ud835\uddf2\u0300\ud835\uddfa\ud835\uddf2 \ud835\uddd8\u0301\ud835\uddf1\ud835\uddf6\ud835\ude01\ud835\uddf6\ud835\uddfc\ud835\uddfb \ud835\uddf1\ud835\uddf2\ud835\ude00 \ud835\udddd\ud835\uddfc\ud835\ude02\ud835\uddff\ud835\uddfb\ud835\uddf2\u0301\ud835\uddf2\ud835\ude00 \ud835\udde1\ud835\uddee\ud835\ude01\ud835\uddf6\ud835\uddfc\ud835\uddfb\ud835\uddee\ud835\uddf9\ud835\uddf2\ud835\ude00 \ud835\uddf1&rsquo;\ud835\uddd8\ud835\uddfb\ud835\uddf4\ud835\uddee\ud835\uddf4\ud835\uddf2\ud835\uddfa\ud835\uddf2\ud835\uddfb\ud835\ude01 \ud835\udde3\ud835\uddee\ud835\ude01\ud835\uddff\ud835\uddf6\ud835\uddfc\ud835\ude01\ud835\uddf6\ud835\uddfe\ud835\ude02\ud835\uddf2 \ud835\uddf2\ud835\ude01 \ud835\uddf1\ud835\uddf2 \ud835\uddf9\ud835\uddee \ud835\udde3\ud835\uddee\ud835\uddff\ud835\ude01\ud835\uddf6\ud835\uddf0\ud835\uddf6\ud835\uddfd\ud835\uddee\ud835\ude01\ud835\uddf6\ud835\uddfc\ud835\uddfb \ud835\uddd6\ud835\uddf6\ud835\ude01\ud835\uddfc\ud835\ude06\ud835\uddf2\ud835\uddfb\ud835\uddfb\ud835\uddf2; \ud835\uddf9\ud835\uddee \ud835\udde6\ud835\uddda\ud835\udde5 \ud835\ude00\ud835\ude02\ud835\uddfd\ud835\uddf2\ud835\uddff\ud835\ude03\ud835\uddf6\ud835\ude00\ud835\uddf2 \ud835\uddf9&rsquo;\ud835\uddfc\ud835\uddfd\ud835\uddf2\u0301\ud835\uddff\ud835\uddee\ud835\ude01\ud835\uddf6\ud835\uddfc\ud835\uddfb \ud835\uddf1\ud835\uddf2 \ud835\ude00\ud835\uddee\ud835\uddf9\ud835\ude02\ud835\uddef\ud835\uddff\ud835\uddf6\ud835\ude01\ud835\uddf2\u0301 \ud835\uddfc\ud835\uddff\ud835\uddf4\ud835\uddee\ud835\uddfb\ud835\uddf6\ud835\ude00\ud835\uddf2\u0301\ud835\uddf2 \ud835\uddf1\ud835\uddee\ud835\uddfb\ud835\ude00 \ud835\uddf9\ud835\uddf2\ud835\ude00 \ud835\ude00\ud835\uddf2\ud835\uddff\ud835\ude03\ud835\uddf6\ud835\uddf0\ud835\uddf2\ud835\ude00 \ud835\uddf1\ud835\uddf2\u0301\ud835\uddf0\ud835\uddfc\ud835\uddfb\ud835\uddf0\ud835\uddf2\ud835\uddfb\ud835\ude01\ud835\uddff\ud835\uddf2\u0301\ud835\ude00\">\ud835\uddd7\ud835\uddd8\ud835\uddd7\ud835\udde2\ud835\udde8\ud835\uddda\ud835\udde2\ud835\udde8: \ud835\udddc\ud835\udddc\ud835\udddc \ud835\uddf2\u0300\ud835\uddfa\ud835\uddf2 \ud835\uddd8\u0301\ud835\uddf1\ud835\uddf6\ud835\ude01\ud835\uddf6\ud835\uddfc\ud835\uddfb \ud835\uddf1\ud835\uddf2\ud835\ude00 \ud835\udddd\ud835\uddfc\ud835\ude02\ud835\uddff\ud835\uddfb\ud835\uddf2\u0301\ud835\uddf2\ud835\ude00 \ud835\udde1\ud835\uddee\ud835\ude01\ud835\uddf6\ud835\uddfc\ud835\uddfb\ud835\uddee\ud835\uddf9\ud835\uddf2\ud835\ude00 \ud835\uddf1&rsquo;\ud835\uddd8\ud835\uddfb\ud835\uddf4\ud835\uddee\ud835\uddf4\ud835\uddf2\ud835\uddfa\ud835\uddf2\ud835\uddfb\ud835\ude01 \ud835\udde3\ud835\uddee\ud835\ude01\ud835\uddff\ud835\uddf6\ud835\uddfc\ud835\ude01\ud835\uddf6\ud835\uddfe\ud835\ude02\ud835\uddf2 \ud835\uddf2\ud835\ude01 \ud835\uddf1\ud835\uddf2 \ud835\uddf9\ud835\uddee \ud835\udde3\ud835\uddee\ud835\uddff\ud835\ude01\ud835\uddf6\ud835\uddf0\ud835\uddf6\ud835\uddfd\ud835\uddee\ud835\ude01\ud835\uddf6\ud835\uddfc\ud835\uddfb \ud835\uddd6\ud835\uddf6\ud835\ude01\ud835\uddfc\ud835\ude06\ud835\uddf2\ud835\uddfb\ud835\uddfb\ud835\uddf2; \ud835\uddf9\ud835\uddee \ud835\udde6\ud835\uddda\ud835\udde5 \ud835\ude00\ud835\ude02\ud835\uddfd\ud835\uddf2\ud835\uddff\ud835\ude03\ud835\uddf6\ud835\ude00\ud835\uddf2 \ud835\uddf9&rsquo;\ud835\uddfc\ud835\uddfd\ud835\uddf2\u0301\ud835\uddff\ud835\uddee\ud835\ude01\ud835\uddf6\ud835\uddfc\ud835\uddfb \ud835\uddf1\ud835\uddf2 \ud835\ude00\ud835\uddee\ud835\uddf9\ud835\ude02\ud835\uddef\ud835\uddff\ud835\uddf6\ud835\ude01\ud835\uddf2\u0301 \ud835\uddfc\ud835\uddff\ud835\uddf4\ud835\uddee\ud835\uddfb\ud835\uddf6\ud835\ude00\ud835\uddf2\u0301\ud835\uddf2 \ud835\uddf1\ud835\uddee\ud835\uddfb\ud835\ude00 \ud835\uddf9\ud835\uddf2\ud835\ude00 \ud835\ude00\ud835\uddf2\ud835\uddff\ud835\ude03\ud835\uddf6\ud835\uddf0\ud835\uddf2\ud835\ude00 \ud835\uddf1\ud835\uddf2\u0301\ud835\uddf0\ud835\uddfc\ud835\uddfb\ud835\uddf0\ud835\uddf2\ud835\uddfb\ud835\ude01\ud835\uddff\ud835\uddf2\u0301\ud835\ude00<\/a><\/h2><\/header><div class=\"eael-entry-meta\"><span class=\"eael-posted-on\"><time datetime=\"4 avril 2026\">4 avril 2026<\/time><\/span><\/div><div class=\"eael-entry-content\">\n                        <div class=\"eael-grid-post-excerpt\"><a href=\"https:\/\/portail-regions.gov.bf\/bankui\/2026\/04\/04\/%f0%9d%97%97%f0%9d%97%98%f0%9d%97%97%f0%9d%97%a2%f0%9d%97%a8%f0%9d%97%9a%f0%9d%97%a2%f0%9d%97%a8-%f0%9d%97%9c%f0%9d%97%9c%f0%9d%97%9c-%f0%9d%97%b2%f0%9d%97%ba%f0%9d%97%b2-%f0%9d%97%98\/\" class=\"eael-post-elements-readmore-btn\">Lire +<\/a><\/div>\n                    <\/div><\/div><\/div>\n        <\/div>\n    <\/article><article class=\"eael-grid-post  eael-post-grid-column eael-pg-post-339 category-non-classe\" data-id=\"339\">\n        <div class=\"eael-grid-post-holder\">\n            <div class=\"eael-grid-post-holder-inner\"><div class=\"eael-entry-media\"><ul class=\"post-carousel-categories\"><li><a href=\"https:\/\/portail-regions.gov.bf\/bankui\/category\/non-classe\/\">Actualit\u00e9<\/a><\/li><\/ul><div class=\"eael-entry-overlay fade-in\"><i class=\"fas fa-long-arrow-alt-right\" aria-hidden=\"true\"><\/i><a href=\"https:\/\/portail-regions.gov.bf\/bankui\/2026\/04\/02\/la-population-de-dedougou-mobilisee-autour-des-symboles-de-la-nation-et-des-valeurs-citoyennes\/\"><\/a><\/div><div class=\"eael-entry-thumbnail \">\n                 <img loading=\"lazy\" decoding=\"async\" width=\"300\" height=\"242\" src=\"https:\/\/portail-regions.gov.bf\/bankui\/wp-content\/uploads\/2025\/11\/jeppc-gc-300x242.jpg\" class=\"attachment-medium size-medium wp-image-1248\" alt=\"\" srcset=\"https:\/\/portail-regions.gov.bf\/bankui\/wp-content\/uploads\/2025\/11\/jeppc-gc-300x242.jpg 300w, https:\/\/portail-regions.gov.bf\/bankui\/wp-content\/uploads\/2025\/11\/jeppc-gc.jpg 590w\" sizes=\"(max-width: 300px) 100vw, 300px\" \/>\n             <\/div>\n        <\/div><div class=\"eael-entry-wrapper\"><header class=\"eael-entry-header\"><h2 class=\"eael-entry-title\"><a class=\"eael-grid-post-link\" href=\"https:\/\/portail-regions.gov.bf\/bankui\/2026\/04\/02\/la-population-de-dedougou-mobilisee-autour-des-symboles-de-la-nation-et-des-valeurs-citoyennes\/\" title=\"La population de D\u00e9dougou mobilis\u00e9e autour des symboles de la Nation et des valeurs citoyennes\">La population de D\u00e9dougou mobilis\u00e9e autour des symboles de la Nation et des valeurs citoyennes<\/a><\/h2><\/header><div class=\"eael-entry-meta\"><span class=\"eael-posted-on\"><time datetime=\"2 avril 2026\">2 avril 2026<\/time><\/span><\/div><div class=\"eael-entry-content\">\n                        <div class=\"eael-grid-post-excerpt\"><a href=\"https:\/\/portail-regions.gov.bf\/bankui\/2026\/04\/02\/la-population-de-dedougou-mobilisee-autour-des-symboles-de-la-nation-et-des-valeurs-citoyennes\/\" class=\"eael-post-elements-readmore-btn\">Lire +<\/a><\/div>\n                    <\/div><\/div><\/div>\n        <\/div>\n    <\/article><\/div>\n            <div class=\"clearfix\"><\/div>\n        <\/div>\t\t\t\t<\/div>\n\t\t\t\t\t<\/div>\n\t\t\t\t<\/div>\n\t\t\t\t<\/div>\n\t\t","protected":false},"excerpt":{"rendered":"<p>Actualit\u00e9s Accueil \/ Page Actualit\u00e9 R\u00e9gion des Kouls\u00e9 : La cartographie des acteurs et des interventions en faveur de la r\u00e9silience des populations valid\u00e9e 24 novembre 2025 Lire + Actualit\u00e9 Burkina\u00a0: Plus de 320 hectares de bas-fonds rizicoles am\u00e9nag\u00e9s dans les zones reconquises des Kouls\u00e9, selon Igor Birba 22 octobre 2025 Lire + Actualit\u00e9 Burkina [&hellip;]<\/p>\n","protected":false},"author":1,"featured_media":0,"parent":0,"menu_order":0,"comment_status":"closed","ping_status":"closed","template":"","meta":{"footnotes":""},"class_list":["post-971","page","type-page","status-publish","hentry"],"aioseo_notices":[],"_links":{"self":[{"href":"https:\/\/portail-regions.gov.bf\/bankui\/wp-json\/wp\/v2\/pages\/971","targetHints":{"allow":["GET"]}}],"collection":[{"href":"https:\/\/portail-regions.gov.bf\/bankui\/wp-json\/wp\/v2\/pages"}],"about":[{"href":"https:\/\/portail-regions.gov.bf\/bankui\/wp-json\/wp\/v2\/types\/page"}],"author":[{"embeddable":true,"href":"https:\/\/portail-regions.gov.bf\/bankui\/wp-json\/wp\/v2\/users\/1"}],"replies":[{"embeddable":true,"href":"https:\/\/portail-regions.gov.bf\/bankui\/wp-json\/wp\/v2\/comments?post=971"}],"version-history":[{"count":0,"href":"https:\/\/portail-regions.gov.bf\/bankui\/wp-json\/wp\/v2\/pages\/971\/revisions"}],"wp:attachment":[{"href":"https:\/\/portail-regions.gov.bf\/bankui\/wp-json\/wp\/v2\/media?parent=971"}],"curies":[{"name":"wp","href":"https:\/\/api.w.org\/{rel}","templated":true}]}}