{"id":1055,"date":"2026-03-11T01:46:06","date_gmt":"2026-03-11T01:46:06","guid":{"rendered":"https:\/\/portail-regions.gov.bf\/bankui\/?page_id=1055"},"modified":"2026-03-30T15:14:17","modified_gmt":"2026-03-30T15:14:17","slug":"mot-de-bienvenue","status":"publish","type":"page","link":"https:\/\/portail-regions.gov.bf\/bankui\/mot-de-bienvenue\/","title":{"rendered":"Mot de bienvenue"},"content":{"rendered":"\t\t<div data-elementor-type=\"wp-page\" data-elementor-id=\"1055\" class=\"elementor elementor-1055\" data-elementor-post-type=\"page\">\n\t\t\t\t<div data-particle_enable=\"false\" data-particle-mobile-disabled=\"false\" class=\"elementor-element elementor-element-b0596ef e-flex e-con-boxed e-con e-parent\" data-id=\"b0596ef\" data-element_type=\"container\" data-e-type=\"container\" data-settings=\"{&quot;background_background&quot;:&quot;classic&quot;}\">\n\t\t\t\t\t<div class=\"e-con-inner\">\n\t\t<div data-particle_enable=\"false\" data-particle-mobile-disabled=\"false\" class=\"elementor-element elementor-element-2396c0f e-con-full e-flex e-con e-child\" data-id=\"2396c0f\" data-element_type=\"container\" data-e-type=\"container\">\n\t\t<div data-particle_enable=\"false\" data-particle-mobile-disabled=\"false\" class=\"elementor-element elementor-element-1030c0b e-con-full e-flex e-con e-child\" data-id=\"1030c0b\" data-element_type=\"container\" data-e-type=\"container\" data-settings=\"{&quot;background_background&quot;:&quot;classic&quot;}\">\n\t\t\t\t<div class=\"elementor-element elementor-element-7b02458 elementor-widget elementor-widget-heading\" data-id=\"7b02458\" data-element_type=\"widget\" data-e-type=\"widget\" data-widget_type=\"heading.default\">\n\t\t\t\t\t<h2 class=\"elementor-heading-title elementor-size-default\">Inspecteur G\u00e9n\u00e9ral de Police Babo Pierre BASSINGA<\/h2>\t\t\t\t<\/div>\n\t\t\t\t<div class=\"elementor-element elementor-element-114ba61 elementor-widget elementor-widget-image\" data-id=\"114ba61\" data-element_type=\"widget\" data-e-type=\"widget\" data-widget_type=\"image.default\">\n\t\t\t\t\t\t\t\t\t\t\t\t\t\t\t<img fetchpriority=\"high\" decoding=\"async\" width=\"715\" height=\"715\" src=\"https:\/\/portail-regions.gov.bf\/bankui\/wp-content\/uploads\/2026\/03\/Gouverneur-Bankui.jpeg\" class=\"attachment-large size-large wp-image-1189\" alt=\"\" \/>\t\t\t\t\t\t\t\t\t\t\t\t\t\t\t<\/div>\n\t\t\t\t<\/div>\n\t\t<div data-particle_enable=\"false\" data-particle-mobile-disabled=\"false\" class=\"elementor-element elementor-element-a869a81 e-con-full e-flex e-con e-child\" data-id=\"a869a81\" data-element_type=\"container\" data-e-type=\"container\">\n\t\t\t\t<div class=\"elementor-element elementor-element-4bb5b42 elementor-widget elementor-widget-heading\" data-id=\"4bb5b42\" data-element_type=\"widget\" data-e-type=\"widget\" data-widget_type=\"heading.default\">\n\t\t\t\t\t<h2 class=\"elementor-heading-title elementor-size-default\">Mot de bienvenue du Gouverneur<\/h2>\t\t\t\t<\/div>\n\t\t\t\t<div class=\"elementor-element elementor-element-3ab8029 elementor-widget elementor-widget-text-editor\" data-id=\"3ab8029\" data-element_type=\"widget\" data-e-type=\"widget\" data-widget_type=\"text-editor.default\">\n\t\t\t\t\t\t\t\t\t<p>Chers internautes, chers visiteurs,<\/p><p>C&rsquo;est avec une immense fiert\u00e9 et un r\u00e9el plaisir que je vous accueille sur ce portail num\u00e9rique d\u00e9di\u00e9 \u00e0 la R\u00e9gion de la Boucle du Mouhoun, et plus particuli\u00e8rement \u00e0 l&rsquo;excellence de notre patrimoine local.<\/p><p>Notre r\u00e9gion est une terre d&rsquo;histoire, de dialogue et d&rsquo;innovation. \u00c0 travers cette plateforme, nous avons voulu lever le voile sur ce qui fait l&rsquo;\u00e2me de notre territoire \u00e0 travers sa vitalit\u00e9 culturelle exceptionnelle, la richesse de nos danses traditionnelles \u00e0 la finesse de notre artisanat, magnifi\u00e9e par le c\u00e9l\u00e8bre Faso Dan Fani. Chaque aspect de notre patrimoine est un levier de coh\u00e9sion sociale et de fiert\u00e9 nationale.<\/p><p>Ce portail se veut le reflet de notre ambition qui est de faire de la communication r\u00e9gionale un pont entre l&rsquo;administration et les citoyens, et de transformer notre potentiel touristique en un v\u00e9ritable moteur de croissance. Que vous soyez un investisseur \u00e0 la recherche d&rsquo;opportunit\u00e9s, un touriste en qu\u00eate d&rsquo;\u00e9vasion sur les berges du fleuve Mouhoun ou \u00e0 Douroula, ou un fils de la r\u00e9gion fier de ses racines, cet espace est le v\u00f4tre.<\/p><p>Nos engagements pour la r\u00e9gion :<\/p><ul><li>Promouvoir le \u00ab\u00a0Consommer Local\u00a0\u00bb pour soutenir nos artisans et nos producteurs ;<\/li><li>Renforcer les infrastructures d&rsquo;accueil pour faire de Bankui un p\u00f4le touristique majeur ;<\/li><li>Faciliter l&rsquo;acc\u00e8s \u00e0 l&rsquo;information pour une participation citoyenne active et une stabilit\u00e9 durable.<\/li><\/ul><p>\u00a0<\/p><p>Ensemble, consolidons notre coop\u00e9ration pour b\u00e2tir une r\u00e9gion prosp\u00e8re, r\u00e9siliente et rayonnante, au service de toute la nation burkinab\u0117.<\/p><p>Bienvenue chez vous, au c\u0153ur de la diversit\u00e9 et du d\u00e9veloppement!<\/p>\t\t\t\t\t\t\t\t<\/div>\n\t\t\t\t<\/div>\n\t\t\t\t<\/div>\n\t\t\t\t\t<\/div>\n\t\t\t\t<\/div>\n\t\t\t\t<\/div>\n\t\t","protected":false},"excerpt":{"rendered":"<p>Inspecteur G\u00e9n\u00e9ral de Police Babo Pierre BASSINGA Mot de bienvenue du Gouverneur Chers internautes, chers visiteurs, C&rsquo;est avec une immense fiert\u00e9 et un r\u00e9el plaisir que je vous accueille sur ce portail num\u00e9rique d\u00e9di\u00e9 \u00e0 la R\u00e9gion de la Boucle du Mouhoun, et plus particuli\u00e8rement \u00e0 l&rsquo;excellence de notre patrimoine local. Notre r\u00e9gion est une [&hellip;]<\/p>\n","protected":false},"author":1,"featured_media":0,"parent":0,"menu_order":0,"comment_status":"closed","ping_status":"open","template":"elementor_header_footer","meta":{"footnotes":""},"class_list":["post-1055","page","type-page","status-publish","hentry"],"aioseo_notices":[],"_links":{"self":[{"href":"https:\/\/portail-regions.gov.bf\/bankui\/wp-json\/wp\/v2\/pages\/1055","targetHints":{"allow":["GET"]}}],"collection":[{"href":"https:\/\/portail-regions.gov.bf\/bankui\/wp-json\/wp\/v2\/pages"}],"about":[{"href":"https:\/\/portail-regions.gov.bf\/bankui\/wp-json\/wp\/v2\/types\/page"}],"author":[{"embeddable":true,"href":"https:\/\/portail-regions.gov.bf\/bankui\/wp-json\/wp\/v2\/users\/1"}],"replies":[{"embeddable":true,"href":"https:\/\/portail-regions.gov.bf\/bankui\/wp-json\/wp\/v2\/comments?post=1055"}],"version-history":[{"count":3,"href":"https:\/\/portail-regions.gov.bf\/bankui\/wp-json\/wp\/v2\/pages\/1055\/revisions"}],"predecessor-version":[{"id":1234,"href":"https:\/\/portail-regions.gov.bf\/bankui\/wp-json\/wp\/v2\/pages\/1055\/revisions\/1234"}],"wp:attachment":[{"href":"https:\/\/portail-regions.gov.bf\/bankui\/wp-json\/wp\/v2\/media?parent=1055"}],"curies":[{"name":"wp","href":"https:\/\/api.w.org\/{rel}","templated":true}]}}